{"id":3,"date":"2021-08-25T13:40:53","date_gmt":"2021-08-25T10:40:53","guid":{"rendered":"https:\/\/utkanclinic.com\/ru\/?page_id=3"},"modified":"2022-05-26T10:58:14","modified_gmt":"2022-05-26T07:58:14","slug":"privacy-policy","status":"publish","type":"page","link":"https:\/\/utkanclinic.com\/ru\/privacy-policy\/","title":{"rendered":"Privacy Policy"},"content":{"rendered":"\t\t<div data-elementor-type=\"wp-page\" data-elementor-id=\"3\" class=\"elementor elementor-3\" data-elementor-settings=\"[]\">\n\t\t\t\t\t\t\t<div class=\"elementor-section-wrap\">\n\t\t\t\t\t\t\t<section class=\"elementor-section elementor-top-section elementor-element elementor-element-4b7a0672 elementor-section-boxed elementor-section-height-default elementor-section-height-default\" data-id=\"4b7a0672\" data-element_type=\"section\" data-settings=\"{&quot;background_background&quot;:&quot;classic&quot;}\">\n\t\t\t\t\t\t\t<div class=\"elementor-background-overlay\"><\/div>\n\t\t\t\t\t\t\t<div class=\"elementor-container elementor-column-gap-default\">\n\t\t\t\t\t<div class=\"elementor-column elementor-col-100 elementor-top-column elementor-element elementor-element-5ff7d962\" data-id=\"5ff7d962\" data-element_type=\"column\">\n\t\t\t<div class=\"elementor-widget-wrap elementor-element-populated\">\n\t\t\t\t\t\t\t\t<div class=\"elementor-element elementor-element-1c3132c elementor-widget elementor-widget-text-editor\" data-id=\"1c3132c\" data-element_type=\"widget\" data-widget_type=\"text-editor.default\">\n\t\t\t\t<div class=\"elementor-widget-container\">\n\t\t\t\t\t\t\t<div class=\"entry-content container\">\n<div class=\"tt-shortcode_vc_row vc_row wpb_row vc_row-fluid\">\n<div class=\"wpb_column vc_column_container vc_col-sm-9\">\n<div class=\"tt-shortcode_vc_clmn vc_column-inner \">\n<div class=\"wpb_wrapper\">\n<div class=\"wpb_text_column wpb_content_element \">\n<div class=\"tt_shortcode_vc_text wpb_wrapper\">\n<h3>G\u0130ZL\u0130L\u0130K POL\u0130T\u0130KASI<\/h3>\n<p><strong>KVKK &#8212; K\u0130\u015e\u0130SEL VER\u0130LER\u0130N KORUNMASINA \u0130L\u0130\u015eK\u0130N <\/strong><strong>WEB S\u0130TES\u0130 GENEL AYDINLATMA METN\u0130<\/strong><\/p>\n<p><br \/><strong>Veri Sorumlusu: Utkan A\u011f\u0131z ve Di\u015f Sa\u011fl\u0131\u011f\u0131 Poliklini\u011fi<\/strong><br \/><strong>Adres: Harbiye Mahallesi, Ma\u00e7ka Caddesi Vehbi Bey Ap, DNo:18, D:1, 34363 \u015ei\u015fli\/\u0130stanbul<br \/><\/strong><\/p>\n<p>Payla\u015fm\u0131\u015f oldu\u011funuz ki\u015fisel ve \u00f6zel nitelikli ki\u015fisel verileriniz, Ki\u015fisel Verilerin Korunmas\u0131 Kanunu\u2019na (KVKK) uygun olarak ve T\u0131p mevzuat\u0131 kapsam\u0131nda yerine getirmi\u015f oldu\u011fumuz hizmet ve faaliyet ama\u00e7lar\u0131m\u0131z ile ba\u011flant\u0131l\u0131, s\u0131n\u0131rl\u0131 ve \u00f6l\u00e7\u00fcl\u00fc olarak i\u015flenmektedir. Hastalar\u0131m\u0131z i\u00e7in haz\u0131rlanan Hasta KVKK ayd\u0131nlatma Metnini ayr\u0131ca okuyunuz.<\/p>\n<p><strong><u>Ki\u015fisel Verilerinizin Toplanmas\u0131 Usul\u00fc ve Hukuki Sebebi<\/u><\/strong><\/p>\n<p>Ki\u015fisel verileriniz, s\u00f6zl\u00fc, yaz\u0131l\u0131, Whatsapp veya elektronik ortamda toplanabilir. Web sitemizdeki bize ula\u015f\u0131n k\u0131sm\u0131nda form doldurdu\u011funuzda da burada ama\u00e7la ba\u011flant\u0131l\u0131 veri toplama faaliyeti yap\u0131lm\u0131\u015f olacakt\u0131r. \u00a0Ki\u015fisel verileriniz; muayene bilgileri, sa\u011fl\u0131k verileri, tedavi kay\u0131tlar\u0131, muhtelif yaz\u0131l\u0131-s\u00f6zl\u00fc s\u00f6zle\u015fmeler, dilek\u00e7eler, yap\u0131lan g\u00f6r\u00fc\u015fmeler, kartvizitler, davalar\u0131n takipleri veya icra takipleri s\u00fcre\u00e7lerinde elde edilen her t\u00fcrl\u00fc belgeler, verilen sa\u011fl\u0131k hizmetlerini gerektirdi\u011fi somut olay\u0131n durumuna g\u00f6re i\u015flenmektedir. Web sitesi \u00fczerinden taraf\u0131m\u0131zca hi\u00e7bir veri i\u015flenmemekte olup internet eri\u015fimleri 5651 say\u0131l\u0131 kanun kapsam\u0131nda log kayd\u0131 (ip adresi ve zaman damgas\u0131, trafik bilgileri) domain sa\u011flay\u0131c\u0131 bili\u015fim \u015firketi taraf\u0131ndan tutulabilir. Web sitemizde \u00e7erez kullan\u0131lmamaktad\u0131r. Web sitesi adres, ileti\u015fim, hizmet sunulan alanlar hakk\u0131nda bilgi verilmesi amac\u0131 ile uygulamaya konulmu\u015ftur.<\/p>\n<p>Bu verileriniz k\u0131sa mesaj, Whatsapp \u00a0vb yaz\u0131\u015fma, elektronik posta, internet, disk, CD, DVD, haf\u0131za kart\u0131, telefon ve benzeri elektronik ya da internet tabanl\u0131 ara\u00e7lar gibi otomatik y\u00f6ntemlerle elde edilebilece\u011fi gibi, formlar, s\u00f6zle\u015fmeler, bildirimler, adli veya idari merci kararlar\u0131 gibi otomatik olmayan y\u00f6ntemlerle de elde edilebilecektir.<\/p>\n<p>Koordineli \u00e7al\u0131\u015ft\u0131\u011f\u0131m\u0131z \u00f6zel hastane, laboratuvarlar, t\u0131bbi sarf malzeme sa\u011flay\u0131c\u0131lar ve hasta kay\u0131t veri taban\u0131 hizmet sa\u011flay\u0131c\u0131lar ile KVKK kapsam\u0131nda i\u015f birli\u011fi protokol\u00fc yap\u0131larak gizlilik taahh\u00fctleri al\u0131nmaktad\u0131r. \u0130\u015f ba\u015fvurusu i\u00e7in talep edilmeden \u00f6zge\u00e7mi\u015f g\u00f6nderimleri i\u015flenmemektedir. CV bankas\u0131 olu\u015fturulmak istenmesi halinde a\u00e7\u0131k r\u0131za uygulamas\u0131 yap\u0131lacakt\u0131r.<\/p>\n<p><strong><u>Ki\u015fisel verilerinizin i\u015flenmesinin hukuki sebepleri;<\/u><\/strong><\/p>\n<ol>\n<li>a) Kimlik ve adres bilgisi gibi verilerinizin i\u015flenmesinin vergilendirme s\u00fcre\u00e7lerinde mevzuat gere\u011fi zorunlu olmas\u0131,<\/li>\n<li>b) Muayenehanemizin sa\u011fl\u0131k mevzuat\u0131ndan kaynaklanan dosya tutma, saklama ve yetkili mercilerle bilgi payla\u015fma hukuki y\u00fck\u00fcml\u00fcl\u00fcklerinin ifas\u0131 i\u00e7in zorunlu olmas\u0131,<\/li>\n<li>c) S\u00f6zle\u015fmenin ifas\u0131 i\u00e7in gerekli olmas\u0131,<\/li>\n<li>d) Muayenehanemizin hak ve alacaklar\u0131m\u0131z\u0131n korunmas\u0131, kullan\u0131lmas\u0131 ve tesisi i\u00e7in zorunlu bulunmas\u0131,<\/li>\n<li>e) Gereken durumlarda da A\u00e7\u0131k r\u0131za<br \/><br \/><\/li>\n<\/ol>\n<p><strong><u>Ki\u015fisel Verilerinizin \u0130\u015flenmesi Amac\u0131<\/u><\/strong><\/p>\n<p>Ki\u015fisel verileriniz KVKK 4\/2 maddesinde belirtilen ilkeler, Sa\u011fl\u0131k ile ilgili mevzuat \u00e7er\u00e7evesinde \u00f6ng\u00f6r\u00fclen faaliyet \u00e7er\u00e7evesinde; sa\u011flanan hizmetlerden yararlanabilmenizi temin edebilmek, mevzuat\u0131n y\u00fckledi\u011fi dosya tutulmas\u0131, bilgi saklanmas\u0131, raporlanmas\u0131, vergilendirme ve di\u011fer y\u00fck\u00fcml\u00fcl\u00fcklere uymak ama\u00e7lar\u0131yla i\u015flenecektir.<br \/>Ki\u015fisel verileriniz mevzuatta belirtilen s\u00fcreler, mevzuatta d\u00fczenleme olmamas\u0131 halinde me\u015fru menfaat ve a\u00e7\u0131k r\u0131za uygulamalar\u0131na ba\u011fl\u0131 olarak ama\u00e7la orant\u0131l\u0131 s\u00fcre boyunca sakland\u0131ktan sonra dijital olanlar geri d\u00f6n\u00fc\u015f\u00fcms\u00fcz olarak silinme, ka\u011f\u0131t ortam\u0131nda olanlar k\u0131rp\u0131lma suretiyle imha edilmektedir. \u0130lgili ki\u015finin silme talebi halinde, mevzuata ayk\u0131r\u0131 olmamak \u015fart\u0131 ile derhal yerine getirilecektir.<\/p>\n<p>Ki\u015fisel verileri saklanmas\u0131 ve imha politikam\u0131zda saklama s\u00fcreleri detayl\u0131 olarak planlanm\u0131\u015ft\u0131r. Genel olarak s\u00f6zle\u015fme s\u00fcresi 10 y\u0131l, i\u015f hukuku 10 y\u0131l, vergi kay\u0131tlar\u0131 10 y\u0131l, sa\u011fl\u0131k kay\u0131tlar\u0131 hizmetin sona ermesinden itibaren 30 y\u0131l olarak uygulanmaktad\u0131r.<\/p>\n<p><strong><u>Ki\u015fisel Verilerinizin Aktar\u0131lmas\u0131<\/u><\/strong><\/p>\n<p>Ki\u015fisel verileriniz prensip olarak yurt d\u0131\u015f\u0131na aktar\u0131lmamaktad\u0131r. Ancak hasta kay\u0131t sistemi ve randevu i\u00e7in kullan\u0131lan veri taban\u0131, gmail gibi e-posta hizmeti, whatsapp gibi yurt d\u0131\u015f\u0131ndan sa\u011flanan hizmetler, s\u0131ras\u0131nda istemeden de olsa verilerinizin yurt d\u0131\u015f\u0131nda dola\u015f\u0131ma \u00e7\u0131kt\u0131\u011f\u0131 bilinmelidir. Yurt d\u0131\u015f\u0131ndan bize ula\u015fan yabanc\u0131 \u00fclke vatanda\u015f\u0131\/ikametli ki\u015filerin verileri kendilerine veya yurt d\u0131\u015f\u0131 sigorta i\u015flemleri, sa\u011fl\u0131k turizmi i\u015flemleri i\u00e7in yurt d\u0131\u015f\u0131ndaki adreslerle payla\u015f\u0131lmas\u0131 gerekebilecektir.<\/p>\n<p>Ki\u015fisel Verileriniz, yukar\u0131da belirtilen ama\u00e7lara, KVKK ve di\u011fer mevzuat h\u00fck\u00fcmlerine uygun olarak, yurti\u00e7inde bulunan kurum ve kurulu\u015flar ile ilgili mevzuatta \u00f6ng\u00f6r\u00fclen durumlarda d\u00fczenleyici ve denetleyici kurumlar, SGK, \u0130l Sa\u011fl\u0131k M\u00fcd\u00fcrl\u00fckleri, mahkemeler, savc\u0131l\u0131klar, idari otoriteler ile sair resmi makam ve mercilere aktar\u0131labilecektir.<\/p>\n<p><strong><u>Ki\u015fisel Verisi \u0130\u015flenen \u0130lgili Ki\u015fi Olarak Haklar\u0131n\u0131z<\/u><\/strong><\/p>\n<p>KVKK 11. Maddesi ve y\u00fcr\u00fcrl\u00fckte bulunan di\u011fer mevzuat \u00e7er\u00e7evesinde;<\/p>\n<ul>\n<li>Ki\u015fisel verilerinizin i\u015flenip i\u015flenmedi\u011fini \u00f6\u011frenme,<\/li>\n<li>Ki\u015fisel verileriniz i\u015flenmi\u015fse buna ili\u015fkin bilgi talep etme,<\/li>\n<li>Ki\u015fisel verilerin i\u015flenme amac\u0131n\u0131 ve bunlar\u0131n amac\u0131na uygun kullan\u0131l\u0131p kullan\u0131lmad\u0131\u011f\u0131n\u0131 \u00f6\u011frenme,<\/li>\n<li>Yurt i\u00e7inde veya yurt d\u0131\u015f\u0131nda ki\u015fisel verilerinizin aktar\u0131ld\u0131\u011f\u0131 \u00fc\u00e7\u00fcnc\u00fc ki\u015fileri bilme,<\/li>\n<li>Ki\u015fisel verilerinizin eksik veya yanl\u0131\u015f i\u015flenmi\u015f olmas\u0131 halinde bunlar\u0131n d\u00fczeltilmesini isteme,<\/li>\n<li>KVKK mevzuat\u0131nda \u00f6ng\u00f6r\u00fclen \u015fartlar \u00e7er\u00e7evesinde ki\u015fisel verilerinizin silinmesini veya yok edilmesini isteme,<\/li>\n<li>Eksik veya yanl\u0131\u015f verilerin d\u00fczeltilmesi ile ki\u015fisel verilerinizin silinmesi veya yok edilmesini talep etti\u011finizde, bu durumun ki\u015fisel verilerinizin aktar\u0131ld\u0131\u011f\u0131 \u00fc\u00e7\u00fcnc\u00fc ki\u015filere bildirilmesini isteme,<\/li>\n<li>\u0130\u015flenen verilerin m\u00fcnhas\u0131ran otomatik sistemler vas\u0131tas\u0131yla analiz edilmesi suretiyle aleyhinize bir sonucun ortaya \u00e7\u0131kmas\u0131na itiraz etme,<\/li>\n<li>Ki\u015fisel verilerin kanuna ayk\u0131r\u0131 olarak i\u015flenmesi sebebiyle zarara u\u011framan\u0131z halinde bu zarar\u0131n giderilmesini talep etme haklar\u0131na sahipsiniz.<\/li>\n<\/ul>\n<p>\u00a0<\/p>\n<p><strong><u>Taleplerinizi \u00d6ne S\u00fcrerken Uyulmas\u0131 Gereken Usul ve Esaslar<\/u><\/strong><\/p>\n<p>Ki\u015fisel verinin konusu olan siz ilgili ki\u015fi olarak yukar\u0131da belirtilen haklar\u0131n\u0131z\u0131, kullanmay\u0131 talep etti\u011finiz hakka ili\u015fkin a\u00e7\u0131klamalar\u0131n\u0131z\u0131 i\u00e7eren yaz\u0131l\u0131 veya Ki\u015fisel Verileri Koruma Kurulu\u2019nun belirledi\u011fi di\u011fer y\u00f6ntemlerle, ba\u015fvuruda talep etti\u011finiz hususun a\u00e7\u0131k ve anla\u015f\u0131l\u0131r \u015fekilde<\/p>\n<p>\u201c<strong>Harbiye Mahallesi, Ma\u00e7ka Caddesi Vehbi Bey Ap, DNo:18, D:1, 34363 \u015ei\u015fli\/\u0130stanbul<\/strong>\u201d adresine \u0131slak imzal\u0131 olarak posta yolu ile g\u00f6nderebilirsiniz.<br \/>M\u00fcracaat\u0131n\u0131za esas te\u015fkil eden hususlar\u0131n\u00a0<u>\u015fahs\u0131n\u0131z ile ilgili olmas\u0131<\/u>, m\u00fcracaat\u0131n\u0131zda kimlik ve adres bilgilerinizin bulunmas\u0131 gerekecektir. Kimlik do\u011frulamas\u0131 bizde bulunan bilginizle s\u0131n\u0131rl\u0131 olarak yap\u0131lacakt\u0131r. Ba\u015fkas\u0131 ad\u0131na m\u00fcracaatta bulunacak iseniz; \u00f6zel yetki i\u00e7erir vekaletname ile ba\u015fvurman\u0131z gerekmektedir. Ba\u015fvuru i\u00e7in \u00f6zel bir format olmamakla birlikte web sitemizde bulunan ba\u015fvuru formunu kullanabilirsiniz, talebinizin net bir \u015fekilde yaz\u0131lmas\u0131 net bir cevap verilmesini sa\u011flayacakt\u0131r.<\/p>\n<\/div>\n<\/div>\n<\/div>\n<\/div>\n<\/div>\n<\/div>\n<\/div>\t\t\t\t\t\t<\/div>\n\t\t\t\t<\/div>\n\t\t\t\t\t<\/div>\n\t\t<\/div>\n\t\t\t\t\t\t\t<\/div>\n\t\t<\/section>\n\t\t\t\t\t\t<\/div>\n\t\t\t\t\t<\/div>\n\t\t","protected":false},"excerpt":{"rendered":"<p>G\u0130ZL\u0130L\u0130K POL\u0130T\u0130KASI KVKK &#8212; K\u0130\u015e\u0130SEL VER\u0130LER\u0130N KORUNMASINA \u0130L\u0130\u015eK\u0130N WEB S\u0130TES\u0130 GENEL AYDINLATMA METN\u0130 Veri Sorumlusu: Utkan A\u011f\u0131z ve Di\u015f Sa\u011fl\u0131\u011f\u0131 Poliklini\u011fi Adres: Harbiye Mahallesi, Ma\u00e7ka Caddesi Vehbi Bey Ap, DNo:18, D:1, 34363 \u015ei\u015fli\/\u0130stanbul Payla\u015fm\u0131\u015f oldu\u011funuz ki\u015fisel ve \u00f6zel nitelikli ki\u015fisel verileriniz, Ki\u015fisel Verilerin Korunmas\u0131 Kanunu\u2019na (KVKK) uygun olarak ve T\u0131p mevzuat\u0131 kapsam\u0131nda yerine getirmi\u015f oldu\u011fumuz [&hellip;]<\/p>\n","protected":false},"author":1,"featured_media":0,"parent":0,"menu_order":0,"comment_status":"closed","ping_status":"open","template":"","meta":{"footnotes":""},"class_list":["post-3","page","type-page","status-publish","hentry"],"_links":{"self":[{"href":"https:\/\/utkanclinic.com\/ru\/wp-json\/wp\/v2\/pages\/3","targetHints":{"allow":["GET"]}}],"collection":[{"href":"https:\/\/utkanclinic.com\/ru\/wp-json\/wp\/v2\/pages"}],"about":[{"href":"https:\/\/utkanclinic.com\/ru\/wp-json\/wp\/v2\/types\/page"}],"author":[{"embeddable":true,"href":"https:\/\/utkanclinic.com\/ru\/wp-json\/wp\/v2\/users\/1"}],"replies":[{"embeddable":true,"href":"https:\/\/utkanclinic.com\/ru\/wp-json\/wp\/v2\/comments?post=3"}],"version-history":[{"count":2,"href":"https:\/\/utkanclinic.com\/ru\/wp-json\/wp\/v2\/pages\/3\/revisions"}],"predecessor-version":[{"id":3095,"href":"https:\/\/utkanclinic.com\/ru\/wp-json\/wp\/v2\/pages\/3\/revisions\/3095"}],"wp:attachment":[{"href":"https:\/\/utkanclinic.com\/ru\/wp-json\/wp\/v2\/media?parent=3"}],"curies":[{"name":"wp","href":"https:\/\/api.w.org\/{rel}","templated":true}]}}