{"id":1908,"date":"2021-09-27T17:16:12","date_gmt":"2021-09-27T14:16:12","guid":{"rendered":"https:\/\/utkanclinic.com\/ru\/?page_id=1908"},"modified":"2022-05-26T12:29:56","modified_gmt":"2022-05-26T09:29:56","slug":"%d0%be%d1%80%d0%b0%d0%bb%d1%8c%d0%bd%d0%b0%d1%8f-%d0%b8-%d1%87%d0%b5%d0%bb%d1%8e%d1%81%d1%82%d0%bd%d0%be-%d0%bb%d0%b8%d1%86%d0%b5%d0%b2%d0%b0%d1%8f-%d1%85%d0%b8%d1%80%d1%83%d1%80%d0%b3%d0%b8%d1%8f","status":"publish","type":"page","link":"https:\/\/utkanclinic.com\/ru\/%d0%be%d1%80%d0%b0%d0%bb%d1%8c%d0%bd%d0%b0%d1%8f-%d0%b8-%d1%87%d0%b5%d0%bb%d1%8e%d1%81%d1%82%d0%bd%d0%be-%d0%bb%d0%b8%d1%86%d0%b5%d0%b2%d0%b0%d1%8f-%d1%85%d0%b8%d1%80%d1%83%d1%80%d0%b3%d0%b8%d1%8f\/","title":{"rendered":"\u041e\u0440\u0430\u043b\u044c\u043d\u0430\u044f \u0438 \u0447\u0435\u043b\u044e\u0441\u0442\u043d\u043e-\u043b\u0438\u0446\u0435\u0432\u0430\u044f \u0445\u0438\u0440\u0443\u0440\u0433\u0438\u044f"},"content":{"rendered":"\t\t<div data-elementor-type=\"wp-page\" data-elementor-id=\"1908\" class=\"elementor elementor-1908\" data-elementor-settings=\"[]\">\n\t\t\t\t\t\t\t<div class=\"elementor-section-wrap\">\n\t\t\t\t\t\t\t<section class=\"elementor-section elementor-top-section elementor-element elementor-element-2ea9a7d7 elementor-section-boxed elementor-section-height-default elementor-section-height-default\" data-id=\"2ea9a7d7\" data-element_type=\"section\" data-settings=\"{&quot;background_background&quot;:&quot;classic&quot;}\">\n\t\t\t\t\t\t<div class=\"elementor-container elementor-column-gap-default\">\n\t\t\t\t\t<div class=\"elementor-column elementor-col-100 elementor-top-column elementor-element elementor-element-4d9b83bd\" data-id=\"4d9b83bd\" data-element_type=\"column\">\n\t\t\t<div class=\"elementor-widget-wrap elementor-element-populated\">\n\t\t\t\t\t\t\t\t<div class=\"elementor-element elementor-element-6e738fe3 elementor-grid-2 elementor-grid-tablet-2 elementor-grid-mobile-1 elementor-posts--thumbnail-top elementor-posts--show-avatar elementor-card-shadow-yes elementor-posts__hover-gradient elementor-widget elementor-widget-posts\" data-id=\"6e738fe3\" data-element_type=\"widget\" data-settings=\"{&quot;cards_columns&quot;:&quot;2&quot;,&quot;cards_columns_tablet&quot;:&quot;2&quot;,&quot;cards_columns_mobile&quot;:&quot;1&quot;,&quot;cards_row_gap&quot;:{&quot;unit&quot;:&quot;px&quot;,&quot;size&quot;:35,&quot;sizes&quot;:[]}}\" data-widget_type=\"posts.cards\">\n\t\t\t\t<div class=\"elementor-widget-container\">\n\t\t\t\t\t<div class=\"elementor-posts-container elementor-posts elementor-posts--skin-cards elementor-grid\">\n\t\t\t\t<article class=\"elementor-post elementor-grid-item post-52 post type-post status-publish format-standard has-post-thumbnail hentry category-2 category-5\">\n\t\t\t<div class=\"elementor-post__card\">\n\t\t\t\t<a class=\"elementor-post__thumbnail__link\" href=\"https:\/\/utkanclinic.com\/ru\/%d0%b7%d1%83%d0%b1%d1%8b-%d0%bc%d1%83%d0%b4%d1%80%d0%be%d1%81%d1%82%d0%b8-%d1%85%d0%b8%d1%80%d1%83%d1%80%d0%b3%d0%b8%d1%8f\/\" >\n\t\t\t<div class=\"elementor-post__thumbnail\"><img loading=\"lazy\" decoding=\"async\" width=\"800\" height=\"400\" src=\"https:\/\/utkanclinic.com\/ru\/wp-content\/uploads\/2021\/08\/20-lik-dis-cekimi-1024x512.jpg\" class=\"attachment-large size-large\" alt=\"\" srcset=\"https:\/\/utkanclinic.com\/ru\/wp-content\/uploads\/2021\/08\/20-lik-dis-cekimi-1024x512.jpg 1024w, https:\/\/utkanclinic.com\/ru\/wp-content\/uploads\/2021\/08\/20-lik-dis-cekimi-300x150.jpg 300w, https:\/\/utkanclinic.com\/ru\/wp-content\/uploads\/2021\/08\/20-lik-dis-cekimi-768x384.jpg 768w, https:\/\/utkanclinic.com\/ru\/wp-content\/uploads\/2021\/08\/20-lik-dis-cekimi.jpg 1536w\" sizes=\"auto, (max-width: 800px) 100vw, 800px\" \/><\/div>\n\t\t<\/a>\n\t\t\t\t<div class=\"elementor-post__avatar\">\n\t\t\t\t\t<\/div>\n\t\t\t\t<div class=\"elementor-post__text\">\n\t\t\t\t<h3 class=\"elementor-post__title\">\n\t\t\t<a href=\"https:\/\/utkanclinic.com\/ru\/%d0%b7%d1%83%d0%b1%d1%8b-%d0%bc%d1%83%d0%b4%d1%80%d0%be%d1%81%d1%82%d0%b8-%d1%85%d0%b8%d1%80%d1%83%d1%80%d0%b3%d0%b8%d1%8f\/\" >\n\t\t\t\t\u0417\u0443\u0431\u044b \u043c\u0443\u0434\u0440\u043e\u0441\u0442\u0438-\u0445\u0438\u0440\u0443\u0440\u0433\u0438\u044f\t\t\t<\/a>\n\t\t<\/h3>\n\t\t\t\t<div class=\"elementor-post__excerpt\">\n\t\t\t<p>\u0417\u0423\u0411\u042b \u041c\u0423\u0414\u0420\u041e\u0421\u0422\u0418-\u0425\u0418\u0420\u0423\u0420\u0413\u0418\u042f \u041e\u0440\u0430\u043b\u044c\u043d\u0430\u044f \u0438 \u0447\u0435\u043b\u044e\u0441\u0442\u043d\u043e-\u043b\u0438\u0446\u0435\u0432\u0430\u044f \u0445\u0438\u0440\u0443\u0440\u0433\u0438\u044f\/ \u0423\u0434\u0430\u043b\u0435\u043d\u0438\u0435 \u0437\u0443\u0431\u043e\u0432 \u043c\u0443\u0434\u0440\u043e\u0441\u0442\u0438 \u0418\u043d\u043e\u0433\u0434\u0430 \u0437\u0443\u0431\u044b \u043c\u0443\u0434\u0440\u043e\u0441\u0442\u0438 \u043d\u0435 \u0438\u043c\u0435\u044e\u0442 \u0434\u043e\u0441\u0442\u0430\u0442\u043e\u0447\u043d\u043e\u0433\u043e \u043c\u0435\u0441\u0442\u0430 \u0434\u043b\u044f \u0442\u043e\u0433\u043e, \u0447\u0442\u043e\u0431\u044b \u043f\u0440\u043e\u0440\u0435\u0437\u0430\u0442\u044c\u0441\u044f \u0438 \u043c\u043e\u0433\u0443\u0442 \u043e\u0441\u0442\u0430\u0432\u0430\u0442\u044c\u0441\u044f \u0432 \u043a\u043e\u0441\u0442\u043d\u043e\u0439<\/p>\n\t\t<\/div>\n\t\t\t\t\t<a class=\"elementor-post__read-more\" href=\"https:\/\/utkanclinic.com\/ru\/%d0%b7%d1%83%d0%b1%d1%8b-%d0%bc%d1%83%d0%b4%d1%80%d0%be%d1%81%d1%82%d0%b8-%d1%85%d0%b8%d1%80%d1%83%d1%80%d0%b3%d0%b8%d1%8f\/\" >\n\t\t\t\t\u0414\u043e\u043f\u043e\u043b\u043d\u0438\u0442\u0435\u043b\u044c\u043d\u0430\u044f \u0438\u043d\u0444\u043e\u0440\u043c\u0430\u0446\u0438\u044f \u00bb\t\t\t<\/a>\n\t\t\t\t<\/div>\n\t\t\t\t\t<\/div>\n\t\t<\/article>\n\t\t\t\t<article class=\"elementor-post elementor-grid-item post-54 post type-post status-publish format-standard has-post-thumbnail hentry category-2 category-5\">\n\t\t\t<div class=\"elementor-post__card\">\n\t\t\t\t<a class=\"elementor-post__thumbnail__link\" href=\"https:\/\/utkanclinic.com\/ru\/%d1%83%d0%b4%d0%b0%d0%bb%d0%b5%d0%bd%d0%b8%d0%b5-%d0%b7%d1%83%d0%b1%d0%be%d0%b2\/\" >\n\t\t\t<div class=\"elementor-post__thumbnail\"><img loading=\"lazy\" decoding=\"async\" width=\"800\" height=\"682\" src=\"https:\/\/utkanclinic.com\/ru\/wp-content\/uploads\/2021\/08\/Kanal-tedavisi-nisantasi-utkan-dis-klinigi-i11-1024x873.jpg\" class=\"attachment-large size-large\" alt=\"\" srcset=\"https:\/\/utkanclinic.com\/ru\/wp-content\/uploads\/2021\/08\/Kanal-tedavisi-nisantasi-utkan-dis-klinigi-i11-1024x873.jpg 1024w, https:\/\/utkanclinic.com\/ru\/wp-content\/uploads\/2021\/08\/Kanal-tedavisi-nisantasi-utkan-dis-klinigi-i11-300x256.jpg 300w, https:\/\/utkanclinic.com\/ru\/wp-content\/uploads\/2021\/08\/Kanal-tedavisi-nisantasi-utkan-dis-klinigi-i11-768x655.jpg 768w, https:\/\/utkanclinic.com\/ru\/wp-content\/uploads\/2021\/08\/Kanal-tedavisi-nisantasi-utkan-dis-klinigi-i11.jpg 1333w\" sizes=\"auto, (max-width: 800px) 100vw, 800px\" \/><\/div>\n\t\t<\/a>\n\t\t\t\t<div class=\"elementor-post__avatar\">\n\t\t\t\t\t<\/div>\n\t\t\t\t<div class=\"elementor-post__text\">\n\t\t\t\t<h3 class=\"elementor-post__title\">\n\t\t\t<a href=\"https:\/\/utkanclinic.com\/ru\/%d1%83%d0%b4%d0%b0%d0%bb%d0%b5%d0%bd%d0%b8%d0%b5-%d0%b7%d1%83%d0%b1%d0%be%d0%b2\/\" >\n\t\t\t\t\u0423\u0414\u0410\u041b\u0415\u041d\u0418\u0415 \u0417\u0423\u0411\u041e\u0412\t\t\t<\/a>\n\t\t<\/h3>\n\t\t\t\t<div class=\"elementor-post__excerpt\">\n\t\t\t<p>Di\u015f \u00c7ekimi A\u011f\u0131z ve \u00c7ene Cerrahisi | Di\u015f \u00c7ekimi Di\u015flerde \u00e7e\u015fitli tedavilerle kurtar\u0131lamayacak kadar fazla doku kayb\u0131, etraf\u0131ndaki kemik dokusunun kayb\u0131 ya da di\u015f k\u00f6klerinde<\/p>\n\t\t<\/div>\n\t\t\t\t\t<a class=\"elementor-post__read-more\" href=\"https:\/\/utkanclinic.com\/ru\/%d1%83%d0%b4%d0%b0%d0%bb%d0%b5%d0%bd%d0%b8%d0%b5-%d0%b7%d1%83%d0%b1%d0%be%d0%b2\/\" >\n\t\t\t\t\u0414\u043e\u043f\u043e\u043b\u043d\u0438\u0442\u0435\u043b\u044c\u043d\u0430\u044f \u0438\u043d\u0444\u043e\u0440\u043c\u0430\u0446\u0438\u044f \u00bb\t\t\t<\/a>\n\t\t\t\t<\/div>\n\t\t\t\t\t<\/div>\n\t\t<\/article>\n\t\t\t\t<article class=\"elementor-post elementor-grid-item post-56 post type-post status-publish format-standard has-post-thumbnail hentry category-2 category-5\">\n\t\t\t<div class=\"elementor-post__card\">\n\t\t\t\t<a class=\"elementor-post__thumbnail__link\" href=\"https:\/\/utkanclinic.com\/ru\/%d1%81%d0%b8%d0%bd%d1%83%d1%81-%d0%bb%d0%b8%d1%84%d1%82%d0%b8%d0%bd%d0%b3\/\" >\n\t\t\t<div class=\"elementor-post__thumbnail\"><img loading=\"lazy\" decoding=\"async\" width=\"800\" height=\"800\" src=\"https:\/\/utkanclinic.com\/ru\/wp-content\/uploads\/2021\/10\/Engin-Utkan-1x1-2.png\" class=\"attachment-large size-large\" alt=\"\" srcset=\"https:\/\/utkanclinic.com\/ru\/wp-content\/uploads\/2021\/10\/Engin-Utkan-1x1-2.png 1000w, https:\/\/utkanclinic.com\/ru\/wp-content\/uploads\/2021\/10\/Engin-Utkan-1x1-2-300x300.png 300w, https:\/\/utkanclinic.com\/ru\/wp-content\/uploads\/2021\/10\/Engin-Utkan-1x1-2-150x150.png 150w, https:\/\/utkanclinic.com\/ru\/wp-content\/uploads\/2021\/10\/Engin-Utkan-1x1-2-768x768.png 768w\" sizes=\"auto, (max-width: 800px) 100vw, 800px\" \/><\/div>\n\t\t<\/a>\n\t\t\t\t<div class=\"elementor-post__avatar\">\n\t\t\t\t\t<\/div>\n\t\t\t\t<div class=\"elementor-post__text\">\n\t\t\t\t<h3 class=\"elementor-post__title\">\n\t\t\t<a href=\"https:\/\/utkanclinic.com\/ru\/%d1%81%d0%b8%d0%bd%d1%83%d1%81-%d0%bb%d0%b8%d1%84%d1%82%d0%b8%d0%bd%d0%b3\/\" >\n\t\t\t\t\u0421\u0438\u043d\u0443\u0441 \u043b\u0438\u0444\u0442\u0438\u043d\u0433\t\t\t<\/a>\n\t\t<\/h3>\n\t\t\t\t<div class=\"elementor-post__excerpt\">\n\t\t\t<p>\u0421\u0418\u041d\u0423\u0421-\u041b\u0418\u0424\u0422\u0418\u041d\u0413 \u0417\u0423\u0411\u041d\u041e\u0419 \u041a\u041e\u0421\u0422\u041d\u042b\u0419 \u0422\u0420\u0410\u041d\u0421\u041f\u041b\u0410\u041d\u0422\u0410\u0422 \u0418 \u041d\u0410\u041f\u041e\u041b\u041d\u0418\u0422\u0415\u041b\u042c, \u0417\u0410\u041c\u0415\u041d\u042f\u042e\u0429\u0418\u0419 \u041a\u041e\u0421\u0422\u041d\u0423\u042e \u0422\u041a\u0410\u041d\u042c \u041e\u0440\u0430\u043b\u044c\u043d\u0430\u044f \u0438 \u0447\u0435\u043b\u044e\u0441\u0442\u043d\u043e-\u043b\u0438\u0446\u0435\u0432\u0430\u044f \u0445\u0438\u0440\u0443\u0440\u0433\u0438\u044f\/ \u0417\u0443\u0431\u043d\u043e\u0439 \u043a\u043e\u0441\u0442\u043d\u044b\u0439 \u0442\u0440\u0430\u043d\u0441\u043f\u043b\u0430\u043d\u0442\u0430\u0442 \u041d\u0430 \u0432\u0435\u0440\u0445\u043d\u0435\u0439 \u0447\u0435\u043b\u044e\u0441\u0442\u0438 \u0432 \u043e\u0431\u043b\u0430\u0441\u0442\u0438 \u043c\u043e\u043b\u044f\u0440\u043e\u0432 \u0438\u043c\u0435\u044e\u0442\u0441\u044f \u0430\u043d\u0430\u0442\u043e\u043c\u0438\u0447\u0435\u0441\u043a\u0438\u0435 \u043f\u043e\u043b\u043e\u0441\u0442\u0438,<\/p>\n\t\t<\/div>\n\t\t\t\t\t<a class=\"elementor-post__read-more\" href=\"https:\/\/utkanclinic.com\/ru\/%d1%81%d0%b8%d0%bd%d1%83%d1%81-%d0%bb%d0%b8%d1%84%d1%82%d0%b8%d0%bd%d0%b3\/\" >\n\t\t\t\t\u0414\u043e\u043f\u043e\u043b\u043d\u0438\u0442\u0435\u043b\u044c\u043d\u0430\u044f \u0438\u043d\u0444\u043e\u0440\u043c\u0430\u0446\u0438\u044f \u00bb\t\t\t<\/a>\n\t\t\t\t<\/div>\n\t\t\t\t\t<\/div>\n\t\t<\/article>\n\t\t\t\t<\/div>\n\t\t\t\t<\/div>\n\t\t\t\t<\/div>\n\t\t\t\t\t<\/div>\n\t\t<\/div>\n\t\t\t\t\t\t\t<\/div>\n\t\t<\/section>\n\t\t\t\t<section class=\"elementor-section elementor-top-section elementor-element elementor-element-2c3c37c4 elementor-section-height-min-height elementor-section-boxed elementor-section-height-default elementor-section-items-middle\" data-id=\"2c3c37c4\" data-element_type=\"section\" data-settings=\"{&quot;background_background&quot;:&quot;classic&quot;}\">\n\t\t\t\t\t\t\t<div class=\"elementor-background-overlay\"><\/div>\n\t\t\t\t\t\t\t<div class=\"elementor-container elementor-column-gap-default\">\n\t\t\t\t\t<div class=\"elementor-column elementor-col-100 elementor-top-column elementor-element elementor-element-165c77f9 animated-slow elementor-invisible\" data-id=\"165c77f9\" data-element_type=\"column\" data-settings=\"{&quot;animation&quot;:&quot;fadeInUp&quot;}\">\n\t\t\t<div class=\"elementor-widget-wrap elementor-element-populated\">\n\t\t\t\t\t\t\t\t<div class=\"elementor-element elementor-element-5490bd21 elementor-widget elementor-widget-heading\" data-id=\"5490bd21\" data-element_type=\"widget\" data-widget_type=\"heading.default\">\n\t\t\t\t<div class=\"elementor-widget-container\">\n\t\t\t<h3 class=\"elementor-heading-title elementor-size-default\">\u0421\u0432\u044f\u0436\u0438\u0442\u0435\u0441\u044c \u0441 \u043d\u0430\u043c\u0438<\/h3>\t\t<\/div>\n\t\t\t\t<\/div>\n\t\t\t\t<div class=\"elementor-element elementor-element-237328e elementor-widget elementor-widget-heading\" data-id=\"237328e\" data-element_type=\"widget\" data-widget_type=\"heading.default\">\n\t\t\t\t<div class=\"elementor-widget-container\">\n\t\t\t<h1 class=\"elementor-heading-title elementor-size-default\"><b>\u041a\u043b\u0438\u043d\u0438\u043a\u0430 <\/b>\u0423\u0442\u043a\u0430\u043d\n<br>\u0421\u0442\u043e\u043c\u0430\u0442\u043e\u043b\u043e\u0433\u0438\u0447\u0435\u0441\u043a\u0430\u044f <b>\u042d\u0441\u0442\u0435\u0442\u0438\u043a\u0430 <\/b><\/h1>\t\t<\/div>\n\t\t\t\t<\/div>\n\t\t\t\t<div class=\"elementor-element elementor-element-f26cb3f elementor-widget elementor-widget-text-editor\" data-id=\"f26cb3f\" data-element_type=\"widget\" data-widget_type=\"text-editor.default\">\n\t\t\t\t<div class=\"elementor-widget-container\">\n\t\t\t\t\t\t\t<p>\u0412\u0438\u0434 \u043b\u0435\u0447\u0435\u043d\u0438\u044f, \u043e \u043a\u043e\u0442\u043e\u0440\u043e\u043c \u0432\u044b \u0445\u043e\u0442\u0438\u0442\u0435 \u043f\u043e\u043b\u0443\u0447\u0438\u0442\u044c \u0438\u043d\u0444\u043e\u0440\u043c\u0430\u0446\u0438\u044e<\/p>\t\t\t\t\t\t<\/div>\n\t\t\t\t<\/div>\n\t\t\t\t<div class=\"elementor-element elementor-element-fcdd3a1 elementor-button-align-center elementor-mobile-button-align-center elementor-widget elementor-widget-form\" data-id=\"fcdd3a1\" data-element_type=\"widget\" data-settings=\"{&quot;step_next_label&quot;:&quot;Next&quot;,&quot;step_previous_label&quot;:&quot;Previous&quot;,&quot;button_width&quot;:&quot;100&quot;,&quot;step_type&quot;:&quot;number_text&quot;,&quot;step_icon_shape&quot;:&quot;circle&quot;}\" data-widget_type=\"form.default\">\n\t\t\t\t<div class=\"elementor-widget-container\">\n\t\t\t\t\t<form class=\"elementor-form\" method=\"post\" name=\"Online Form RU - Home Page\">\n\t\t\t<input type=\"hidden\" name=\"post_id\" value=\"1908\"\/>\n\t\t\t<input type=\"hidden\" name=\"form_id\" value=\"fcdd3a1\"\/>\n\t\t\t<input type=\"hidden\" name=\"referer_title\" value=\"\" \/>\n\n\t\t\t\n\t\t\t<div class=\"elementor-form-fields-wrapper elementor-labels-above\">\n\t\t\t\t\t\t\t\t<div class=\"elementor-field-type-text elementor-field-group elementor-column elementor-field-group-name elementor-col-50 elementor-field-required\">\n\t\t\t\t\t<label for=\"form-field-name\" class=\"elementor-field-label\">\u0418\u043c\u044f \u2013 \u0424\u0430\u043c\u0438\u043b\u0438\u044f<\/label><input size=\"1\" type=\"text\" name=\"form_fields[name]\" id=\"form-field-name\" class=\"elementor-field elementor-size-sm  elementor-field-textual\" required=\"required\" aria-required=\"true\">\t\t\t\t<\/div>\n\t\t\t\t\t\t\t\t<div class=\"elementor-field-type-email elementor-field-group elementor-column elementor-field-group-email elementor-col-50 elementor-field-required\">\n\t\t\t\t\t<label for=\"form-field-email\" class=\"elementor-field-label\">\u0415\u043b.\u043f\u043e\u0447\u0442\u0430<\/label><input size=\"1\" type=\"email\" name=\"form_fields[email]\" id=\"form-field-email\" class=\"elementor-field elementor-size-sm  elementor-field-textual\" required=\"required\" aria-required=\"true\">\t\t\t\t<\/div>\n\t\t\t\t\t\t\t\t<div class=\"elementor-field-type-tel elementor-field-group elementor-column elementor-field-group-field_25caa2e elementor-col-50 elementor-field-required\">\n\t\t\t\t\t<label for=\"form-field-field_25caa2e\" class=\"elementor-field-label\">\u041d\u043e\u043c\u0435\u0440 \u0442\u0435\u043b\u0435\u0444\u043e\u043d\u0430<\/label><input size=\"1\" type=\"tel\" name=\"form_fields[field_25caa2e]\" id=\"form-field-field_25caa2e\" class=\"elementor-field elementor-size-sm  elementor-field-textual\" required=\"required\" aria-required=\"true\" pattern=\"[0-9()#&amp;+*-=.]+\" title=\"Only numbers and phone characters (#, -, *, etc) are accepted.\">\t\t\t\t<\/div>\n\t\t\t\t\t\t\t\t<div class=\"elementor-field-type-select elementor-field-group elementor-column elementor-field-group-field_b490df7 elementor-col-50 elementor-field-required\">\n\t\t\t\t\t<label for=\"form-field-field_b490df7\" class=\"elementor-field-label\">\u0432\u044b\u0431\u0440\u0430\u0442\u044c \u043b\u0435\u0447\u0435\u043d\u0438\u0435 <\/label>\t\t<div class=\"elementor-field elementor-select-wrapper \">\n\t\t\t<select name=\"form_fields[field_b490df7]\" id=\"form-field-field_b490df7\" class=\"elementor-field-textual elementor-size-sm\" required=\"required\" aria-required=\"true\">\n\t\t\t\t<option value=\"\u0418\u043c\u043f\u043b\u0430\u043d\u0442\u043e\u043b\u043e\u0433\u0438\u044f\">\u0418\u043c\u043f\u043b\u0430\u043d\u0442\u043e\u043b\u043e\u0433\u0438\u044f<\/option><option value=\"\u203a \u0130\u0417\u0443\u0431\u043d\u043e\u0439 \u0438\u043c\u043f\u043b\u0430\u043d\u0442\">\u203a \u0130\u0417\u0443\u0431\u043d\u043e\u0439 \u0438\u043c\u043f\u043b\u0430\u043d\u0442<\/option><option value=\"\u203a \u0418\u043c\u043f\u043b\u0430\u043d\u0442\u0430\u0446\u0438\u044f \u0437\u0430 1 \u0434\u0435\u043d\u044c\">\u203a \u0418\u043c\u043f\u043b\u0430\u043d\u0442\u0430\u0446\u0438\u044f \u0437\u0430 1 \u0434\u0435\u043d\u044c<\/option><option value=\" \"> <\/option><option value=\"\u042d\u0441\u0442\u0435\u0442\u0438\u0447\u0435\u0441\u043a\u0430\u044f \u0441\u0442\u043e\u043c\u0430\u0442\u043e\u043b\u043e\u0433\u0438\u044f\">\u042d\u0441\u0442\u0435\u0442\u0438\u0447\u0435\u0441\u043a\u0430\u044f \u0441\u0442\u043e\u043c\u0430\u0442\u043e\u043b\u043e\u0433\u0438\u044f<\/option><option value=\"\u203a \u0414\u0438\u0437\u0430\u0439\u043d \u0443\u043b\u044b\u0431\u043a\u0438 \">\u203a \u0414\u0438\u0437\u0430\u0439\u043d \u0443\u043b\u044b\u0431\u043a\u0438 <\/option><option value=\"\u203a \u0413\u043e\u043b\u043b\u0438\u0432\u0443\u0434\u0441\u043a\u0430\u044f \u0443\u043b\u044b\u0431\u043a\u0430 \">\u203a \u0413\u043e\u043b\u043b\u0438\u0432\u0443\u0434\u0441\u043a\u0430\u044f \u0443\u043b\u044b\u0431\u043a\u0430 <\/option><option value=\"\u203a \u0421\u0442\u043e\u043c\u0430\u0442\u043e\u043b\u043e\u0433\u0438\u0447\u0435 \u0441\u043a\u0438\u043a\u043e\u043c\u043f\u043e\u0437\u0438\u0442\u044b  \">\u203a \u0421\u0442\u043e\u043c\u0430\u0442\u043e\u043b\u043e\u0433\u0438\u0447\u0435 \u0441\u043a\u0438\u043a\u043e\u043c\u043f\u043e\u0437\u0438\u0442\u044b  <\/option><option value=\"\u203a P\u0424\u0430\u0440\u0444\u043e\u0440\u043e\u0432\u044b\u0435 \u043b\u0430\u043c\u0438\u043d\u0430\u0442\u044b    \">\u203a P\u0424\u0430\u0440\u0444\u043e\u0440\u043e\u0432\u044b\u0435 \u043b\u0430\u043c\u0438\u043d\u0430\u0442\u044b    <\/option><option value=\"\u203a \u041e\u0442\u0431\u0435\u043b\u0438\u0432\u0430\u043d\u0438\u0435 \u0437\u0443\u0431\u043e\u0432\">\u203a \u041e\u0442\u0431\u0435\u043b\u0438\u0432\u0430\u043d\u0438\u0435 \u0437\u0443\u0431\u043e\u0432<\/option><option value=\" \"> <\/option><option value=\"\u0427\u0435\u043b\u044e\u0441\u0442\u043d\u043e-\u043b\u0438\u0446\u0435\u0432\u0430\u044f \u0445\u0438\u0440\u0443\u0440\u0433\u0438\u044f\">\u0427\u0435\u043b\u044e\u0441\u0442\u043d\u043e-\u043b\u0438\u0446\u0435\u0432\u0430\u044f \u0445\u0438\u0440\u0443\u0440\u0433\u0438\u044f<\/option><option value=\"\u203a \u0423\u0434\u0430\u043b\u0435\u043d\u0438\u0435 \u0437\u0443\u0431\u043e\u0432\">\u203a \u0423\u0434\u0430\u043b\u0435\u043d\u0438\u0435 \u0437\u0443\u0431\u043e\u0432<\/option><option value=\"\u203a \u0417\u0443\u0431\u044b \u043c\u0443\u0434\u0440\u043e\u0441\u0442\u0438-\u0445\u0438\u0440\u0443\u0440\u0433\u0438\u044f\">\u203a \u0417\u0443\u0431\u044b \u043c\u0443\u0434\u0440\u043e\u0441\u0442\u0438-\u0445\u0438\u0440\u0443\u0440\u0433\u0438\u044f<\/option><option value=\"\u203a \u0421\u0438\u043d\u0443\u0441 \u043b\u0438\u0444\u0442\u0438\u043d\u0433\">\u203a \u0421\u0438\u043d\u0443\u0441 \u043b\u0438\u0444\u0442\u0438\u043d\u0433<\/option><option value=\" \"> <\/option><option value=\"\u041e\u0440\u0442\u043e\u0434\u043e\u043d\u0442\u0438\u044f\">\u041e\u0440\u0442\u043e\u0434\u043e\u043d\u0442\u0438\u044f<\/option><option value=\"\u041f\u0435\u0434\u043e\u0434\u043e\u043d\u0442\u0438\u044f\">\u041f\u0435\u0434\u043e\u0434\u043e\u043d\u0442\u0438\u044f<\/option><option value=\"\u0411\u0440\u0443\u043a\u0441\u0438\u0437\u043c \u0438 \u0441\u0442\u0438\u0441\u043a\u0438\u0432\u0430\u043d\u0438\u0435 \u0437\u0443\u0431\u043e\u0432\">\u0411\u0440\u0443\u043a\u0441\u0438\u0437\u043c \u0438 \u0441\u0442\u0438\u0441\u043a\u0438\u0432\u0430\u043d\u0438\u0435 \u0437\u0443\u0431\u043e\u0432<\/option><option value=\"\u042d\u043d\u0434\u043e\u0434\u043e\u043d\u0442\u0438\u044f\">\u042d\u043d\u0434\u043e\u0434\u043e\u043d\u0442\u0438\u044f<\/option><option value=\"\u0421\u0442\u043e\u043c\u0430\u0442\u043e\u043b\u043e\u0433\u0438\u0447\u0435\u0441\u043a\u0438\u0439 \u0421\u041f\u0410\">\u0421\u0442\u043e\u043c\u0430\u0442\u043e\u043b\u043e\u0433\u0438\u0447\u0435\u0441\u043a\u0438\u0439 \u0421\u041f\u0410<\/option>\t\t\t<\/select>\n\t\t<\/div>\n\t\t\t\t\t\t<\/div>\n\t\t\t\t\t\t\t\t<div class=\"elementor-field-type-textarea elementor-field-group elementor-column elementor-field-group-message elementor-col-100\">\n\t\t\t\t\t<label for=\"form-field-message\" class=\"elementor-field-label\">\u0412\u0430\u0448\u0435 \u0441\u043e\u043e\u0431\u0449\u0435\u043d\u0438\u0435<\/label><textarea class=\"elementor-field-textual elementor-field  elementor-size-sm\" name=\"form_fields[message]\" id=\"form-field-message\" rows=\"3\"><\/textarea>\t\t\t\t<\/div>\n\t\t\t\t\t\t\t\t<div class=\"elementor-field-type-checkbox elementor-field-group elementor-column elementor-field-group-field_53a88ff elementor-col-100\">\n\t\t\t\t\t<label for=\"form-field-field_53a88ff\" class=\"elementor-field-label\">\u041a\u0430\u043a \u0432\u044b \u043d\u0430 \u043d\u0430\u0441 \u0432\u044b\u0448\u043b\u0438? <\/label><div class=\"elementor-field-subgroup  elementor-subgroup-inline\"><span class=\"elementor-field-option\"><input type=\"checkbox\" value=\"Google\" id=\"form-field-field_53a88ff-0\" name=\"form_fields[field_53a88ff][]\"> <label for=\"form-field-field_53a88ff-0\">Google<\/label><\/span><span class=\"elementor-field-option\"><input type=\"checkbox\" value=\"\u0421\u043e\u0446\u0438\u0430\u043b\u044c\u043d\u044b\u0435 \u0441\u0435\u0442\u0438\" id=\"form-field-field_53a88ff-1\" name=\"form_fields[field_53a88ff][]\"> <label for=\"form-field-field_53a88ff-1\">\u0421\u043e\u0446\u0438\u0430\u043b\u044c\u043d\u044b\u0435 \u0441\u0435\u0442\u0438<\/label><\/span><span class=\"elementor-field-option\"><input type=\"checkbox\" value=\"\u041f\u043e \u043f\u0440\u0435\u0434\u043b\u043e\u0436\u0435\u043d\u0438\u044e\" id=\"form-field-field_53a88ff-2\" name=\"form_fields[field_53a88ff][]\"> <label for=\"form-field-field_53a88ff-2\">\u041f\u043e \u043f\u0440\u0435\u0434\u043b\u043e\u0436\u0435\u043d\u0438\u044e<\/label><\/span><span class=\"elementor-field-option\"><input type=\"checkbox\" value=\"\u0414\u0440\u0443\u0433\u043e\u0435\" id=\"form-field-field_53a88ff-3\" name=\"form_fields[field_53a88ff][]\"> <label for=\"form-field-field_53a88ff-3\">\u0414\u0440\u0443\u0433\u043e\u0435<\/label><\/span><\/div>\t\t\t\t<\/div>\n\t\t\t\t\t\t\t\t<div class=\"elementor-field-group elementor-column elementor-field-type-submit elementor-col-100 e-form__buttons\">\n\t\t\t\t\t<button type=\"submit\" class=\"elementor-button elementor-size-sm elementor-animation-grow\">\n\t\t\t\t\t\t<span >\n\t\t\t\t\t\t\t\t\t\t\t\t\t\t\t<span class=\"elementor-align-icon-right elementor-button-icon\">\n\t\t\t\t\t\t\t\t\t<i aria-hidden=\"true\" class=\"fas fa-arrow-right\"><\/i>\t\t\t\t\t\t\t\t\t\t\t\t\t\t\t\t\t<\/span>\n\t\t\t\t\t\t\t\t\t\t\t\t\t\t\t\t\t\t\t\t\t\t<span class=\"elementor-button-text\">\u0417\u0410\u041f\u0418\u0421\u0410\u0422\u042c\u0421\u042f \u041d\u0410 \u041f\u0420\u0418\u0401\u041c<\/span>\n\t\t\t\t\t\t\t\t\t\t\t\t\t<\/span>\n\t\t\t\t\t<\/button>\n\t\t\t\t<\/div>\n\t\t\t<\/div>\n\t\t<\/form>\n\t\t\t\t<\/div>\n\t\t\t\t<\/div>\n\t\t\t\t<div class=\"elementor-element elementor-element-42460e95 elementor-widget elementor-widget-heading\" data-id=\"42460e95\" data-element_type=\"widget\" data-widget_type=\"heading.default\">\n\t\t\t\t<div class=\"elementor-widget-container\">\n\t\t\t<h3 class=\"elementor-heading-title elementor-size-default\"><a href=\"https:\/\/utkanclinic.com\/ru\/\">\u041a\u043b\u0438\u043d\u0438\u043a\u0430 \u0423\u0442\u043a\u0430\u043d | \u0421\u0442\u043e\u043c\u0430\u0442\u043e\u043b\u043e\u0433\u0438\u0447\u0435\u0441\u043a\u0430\u044f \u042d\u0441\u0442\u0435\u0442\u0438\u043a\u0430<\/a><\/h3>\t\t<\/div>\n\t\t\t\t<\/div>\n\t\t\t\t\t<\/div>\n\t\t<\/div>\n\t\t\t\t\t\t\t<\/div>\n\t\t<\/section>\n\t\t\t\t\t\t<\/div>\n\t\t\t\t\t<\/div>\n\t\t","protected":false},"excerpt":{"rendered":"<p>\u0421\u0432\u044f\u0436\u0438\u0442\u0435\u0441\u044c \u0441 \u043d\u0430\u043c\u0438 \u041a\u043b\u0438\u043d\u0438\u043a\u0430 \u0423\u0442\u043a\u0430\u043d \u0421\u0442\u043e\u043c\u0430\u0442\u043e\u043b\u043e\u0433\u0438\u0447\u0435\u0441\u043a\u0430\u044f \u042d\u0441\u0442\u0435\u0442\u0438\u043a\u0430 \u0412\u0438\u0434 \u043b\u0435\u0447\u0435\u043d\u0438\u044f, \u043e \u043a\u043e\u0442\u043e\u0440\u043e\u043c \u0432\u044b \u0445\u043e\u0442\u0438\u0442\u0435 \u043f\u043e\u043b\u0443\u0447\u0438\u0442\u044c \u0438\u043d\u0444\u043e\u0440\u043c\u0430\u0446\u0438\u044e \u041a\u043b\u0438\u043d\u0438\u043a\u0430 \u0423\u0442\u043a\u0430\u043d | \u0421\u0442\u043e\u043c\u0430\u0442\u043e\u043b\u043e\u0433\u0438\u0447\u0435\u0441\u043a\u0430\u044f \u042d\u0441\u0442\u0435\u0442\u0438\u043a\u0430<\/p>\n","protected":false},"author":1,"featured_media":1337,"parent":0,"menu_order":0,"comment_status":"closed","ping_status":"closed","template":"","meta":{"footnotes":""},"class_list":["post-1908","page","type-page","status-publish","has-post-thumbnail","hentry"],"_links":{"self":[{"href":"https:\/\/utkanclinic.com\/ru\/wp-json\/wp\/v2\/pages\/1908","targetHints":{"allow":["GET"]}}],"collection":[{"href":"https:\/\/utkanclinic.com\/ru\/wp-json\/wp\/v2\/pages"}],"about":[{"href":"https:\/\/utkanclinic.com\/ru\/wp-json\/wp\/v2\/types\/page"}],"author":[{"embeddable":true,"href":"https:\/\/utkanclinic.com\/ru\/wp-json\/wp\/v2\/users\/1"}],"replies":[{"embeddable":true,"href":"https:\/\/utkanclinic.com\/ru\/wp-json\/wp\/v2\/comments?post=1908"}],"version-history":[{"count":10,"href":"https:\/\/utkanclinic.com\/ru\/wp-json\/wp\/v2\/pages\/1908\/revisions"}],"predecessor-version":[{"id":3124,"href":"https:\/\/utkanclinic.com\/ru\/wp-json\/wp\/v2\/pages\/1908\/revisions\/3124"}],"wp:featuredmedia":[{"embeddable":true,"href":"https:\/\/utkanclinic.com\/ru\/wp-json\/wp\/v2\/media\/1337"}],"wp:attachment":[{"href":"https:\/\/utkanclinic.com\/ru\/wp-json\/wp\/v2\/media?parent=1908"}],"curies":[{"name":"wp","href":"https:\/\/api.w.org\/{rel}","templated":true}]}}