{"id":94,"date":"2021-08-25T16:42:07","date_gmt":"2021-08-25T13:42:07","guid":{"rendered":"https:\/\/utkanclinic.com\/en\/?page_id=94"},"modified":"2021-12-28T17:07:34","modified_gmt":"2021-12-28T14:07:34","slug":"contact","status":"publish","type":"page","link":"https:\/\/utkanclinic.com\/en\/contact\/","title":{"rendered":"Contact"},"content":{"rendered":"","protected":false},"excerpt":{"rendered":"","protected":false},"author":1,"featured_media":2406,"parent":0,"menu_order":0,"comment_status":"closed","ping_status":"closed","template":"","meta":{"_joinchat":[],"footnotes":""},"class_list":["post-94","page","type-page","status-publish","has-post-thumbnail","hentry"],"yoast_head":"<!-- This site is optimized with the Yoast SEO Premium plugin v17.1 (Yoast SEO v17.1) - https:\/\/yoast.com\/wordpress\/plugins\/seo\/ -->\n<title>Contact - Utkan Clinic | Cosmetic Dentistry | Ni\u015fanta\u015f\u0131<\/title>\n<meta name=\"description\" content=\"Adress: Harbiye Mahallesi, Ma\u00e7ka Caddesi Vehbi Bey Ap, Daire No:18, D:1, 34363 \u015ei\u015fli\/\u0130stanbulPhone: +90 (530) 379 72 09\" \/>\n<meta name=\"robots\" content=\"index, follow, max-snippet:-1, max-image-preview:large, max-video-preview:-1\" \/>\n<link rel=\"canonical\" href=\"https:\/\/utkanclinic.com\/en\/contact\/\" \/>\n<meta property=\"og:locale\" content=\"en_US\" \/>\n<meta property=\"og:type\" content=\"article\" \/>\n<meta property=\"og:title\" content=\"Contact\" \/>\n<meta property=\"og:description\" content=\"Adress: Harbiye Mahallesi, Ma\u00e7ka Caddesi Vehbi Bey Ap, Daire No:18, D:1, 34363 \u015ei\u015fli\/\u0130stanbulPhone: +90 (530) 379 72 09\" \/>\n<meta property=\"og:url\" content=\"https:\/\/utkanclinic.com\/en\/contact\/\" \/>\n<meta property=\"og:site_name\" content=\"Utkan Clinic | Cosmetic Dentistry | Ni\u015fanta\u015f\u0131\" \/>\n<meta property=\"article:publisher\" content=\"https:\/\/www.youtube.com\/channel\/UClLTUTKw4M-Tth_Aq397GgQ\" \/>\n<meta property=\"article:modified_time\" content=\"2021-12-28T14:07:34+00:00\" \/>\n<meta property=\"og:image\" content=\"https:\/\/utkanclinic.com\/en\/wp-content\/uploads\/2021\/09\/Utkan-Clinic-Logo-1x1-1.png\" \/>\n\t<meta property=\"og:image:width\" content=\"1000\" \/>\n\t<meta property=\"og:image:height\" content=\"1000\" \/>\n<meta name=\"twitter:card\" content=\"summary_large_image\" \/>\n<script type=\"application\/ld+json\" class=\"yoast-schema-graph\">{\"@context\":\"https:\/\/schema.org\",\"@graph\":[{\"@type\":\"Organization\",\"@id\":\"https:\/\/utkanclinic.com\/en\/#organization\",\"name\":\"Utkan Clinic | Cosmetic Dentistry | Ni\\u015fanta\\u015f\\u0131\",\"url\":\"https:\/\/utkanclinic.com\/en\/\",\"sameAs\":[\"https:\/\/www.youtube.com\/channel\/UClLTUTKw4M-Tth_Aq397GgQ\",\"https:\/\/www.instagram.com\/drenginutkan\/\",\"https:\/\/www.youtube.com\/channel\/UClLTUTKw4M-Tth_Aq397GgQ\"],\"logo\":{\"@type\":\"ImageObject\",\"@id\":\"https:\/\/utkanclinic.com\/en\/#logo\",\"inLanguage\":\"en-US\",\"url\":\"https:\/\/utkanclinic.com\/en\/wp-content\/uploads\/2021\/09\/Utkan-Clinic-Logo.jpg\",\"contentUrl\":\"https:\/\/utkanclinic.com\/en\/wp-content\/uploads\/2021\/09\/Utkan-Clinic-Logo.jpg\",\"width\":1730,\"height\":839,\"caption\":\"Utkan Clinic | Cosmetic Dentistry | Ni\\u015fanta\\u015f\\u0131\"},\"image\":{\"@id\":\"https:\/\/utkanclinic.com\/en\/#logo\"}},{\"@type\":\"WebSite\",\"@id\":\"https:\/\/utkanclinic.com\/en\/#website\",\"url\":\"https:\/\/utkanclinic.com\/en\/\",\"name\":\"Utkan Clinic | Cosmetic Dentistry | Ni\\u015fanta\\u015f\\u0131\",\"description\":\"\",\"publisher\":{\"@id\":\"https:\/\/utkanclinic.com\/en\/#organization\"},\"potentialAction\":[{\"@type\":\"SearchAction\",\"target\":{\"@type\":\"EntryPoint\",\"urlTemplate\":\"https:\/\/utkanclinic.com\/en\/?s={search_term_string}\"},\"query-input\":\"required name=search_term_string\"}],\"inLanguage\":\"en-US\"},{\"@type\":\"ImageObject\",\"@id\":\"https:\/\/utkanclinic.com\/en\/contact\/#primaryimage\",\"inLanguage\":\"en-US\",\"url\":\"https:\/\/utkanclinic.com\/en\/wp-content\/uploads\/2021\/09\/Utkan-Clinic-Logo-1x1-1.png\",\"contentUrl\":\"https:\/\/utkanclinic.com\/en\/wp-content\/uploads\/2021\/09\/Utkan-Clinic-Logo-1x1-1.png\",\"width\":1000,\"height\":1000},{\"@type\":\"WebPage\",\"@id\":\"https:\/\/utkanclinic.com\/en\/contact\/#webpage\",\"url\":\"https:\/\/utkanclinic.com\/en\/contact\/\",\"name\":\"Contact - Utkan Clinic | Cosmetic Dentistry | Ni\\u015fanta\\u015f\\u0131\",\"isPartOf\":{\"@id\":\"https:\/\/utkanclinic.com\/en\/#website\"},\"primaryImageOfPage\":{\"@id\":\"https:\/\/utkanclinic.com\/en\/contact\/#primaryimage\"},\"datePublished\":\"2021-08-25T13:42:07+00:00\",\"dateModified\":\"2021-12-28T14:07:34+00:00\",\"description\":\"Adress: Harbiye Mahallesi, Ma\\u00e7ka Caddesi Vehbi Bey Ap, Daire No:18, D:1, 34363 \\u015ei\\u015fli\/\\u0130stanbulPhone: +90 (530) 379 72 09\",\"breadcrumb\":{\"@id\":\"https:\/\/utkanclinic.com\/en\/contact\/#breadcrumb\"},\"inLanguage\":\"en-US\",\"potentialAction\":[{\"@type\":\"ReadAction\",\"target\":[\"https:\/\/utkanclinic.com\/en\/contact\/\"]}]},{\"@type\":\"BreadcrumbList\",\"@id\":\"https:\/\/utkanclinic.com\/en\/contact\/#breadcrumb\",\"itemListElement\":[{\"@type\":\"ListItem\",\"position\":1,\"name\":\"Home\",\"item\":\"https:\/\/utkanclinic.com\/en\/\"},{\"@type\":\"ListItem\",\"position\":2,\"name\":\"Contact\"}]}]}<\/script>\n<!-- \/ Yoast SEO Premium plugin. -->","yoast_head_json":{"title":"Contact - Utkan Clinic | Cosmetic Dentistry | Ni\u015fanta\u015f\u0131","description":"Adress: Harbiye Mahallesi, Ma\u00e7ka Caddesi Vehbi Bey Ap, Daire No:18, D:1, 34363 \u015ei\u015fli\/\u0130stanbulPhone: +90 (530) 379 72 09","robots":{"index":"index","follow":"follow","max-snippet":"max-snippet:-1","max-image-preview":"max-image-preview:large","max-video-preview":"max-video-preview:-1"},"canonical":"https:\/\/utkanclinic.com\/en\/contact\/","og_locale":"en_US","og_type":"article","og_title":"Contact","og_description":"Adress: Harbiye Mahallesi, Ma\u00e7ka Caddesi Vehbi Bey Ap, Daire No:18, D:1, 34363 \u015ei\u015fli\/\u0130stanbulPhone: +90 (530) 379 72 09","og_url":"https:\/\/utkanclinic.com\/en\/contact\/","og_site_name":"Utkan Clinic | Cosmetic Dentistry | Ni\u015fanta\u015f\u0131","article_publisher":"https:\/\/www.youtube.com\/channel\/UClLTUTKw4M-Tth_Aq397GgQ","article_modified_time":"2021-12-28T14:07:34+00:00","og_image":[{"width":1000,"height":1000,"url":"https:\/\/utkanclinic.com\/en\/wp-content\/uploads\/2021\/09\/Utkan-Clinic-Logo-1x1-1.png","path":"\/var\/www\/vhosts\/utkanclinic.com\/httpdocs\/en\/wp-content\/uploads\/2021\/09\/Utkan-Clinic-Logo-1x1-1.png","size":"full","id":2406,"alt":"","pixels":1000000,"type":"image\/png"}],"twitter_card":"summary_large_image","schema":{"@context":"https:\/\/schema.org","@graph":[{"@type":"Organization","@id":"https:\/\/utkanclinic.com\/en\/#organization","name":"Utkan Clinic | Cosmetic Dentistry | Ni\u015fanta\u015f\u0131","url":"https:\/\/utkanclinic.com\/en\/","sameAs":["https:\/\/www.youtube.com\/channel\/UClLTUTKw4M-Tth_Aq397GgQ","https:\/\/www.instagram.com\/drenginutkan\/","https:\/\/www.youtube.com\/channel\/UClLTUTKw4M-Tth_Aq397GgQ"],"logo":{"@type":"ImageObject","@id":"https:\/\/utkanclinic.com\/en\/#logo","inLanguage":"en-US","url":"https:\/\/utkanclinic.com\/en\/wp-content\/uploads\/2021\/09\/Utkan-Clinic-Logo.jpg","contentUrl":"https:\/\/utkanclinic.com\/en\/wp-content\/uploads\/2021\/09\/Utkan-Clinic-Logo.jpg","width":1730,"height":839,"caption":"Utkan Clinic | Cosmetic Dentistry | Ni\u015fanta\u015f\u0131"},"image":{"@id":"https:\/\/utkanclinic.com\/en\/#logo"}},{"@type":"WebSite","@id":"https:\/\/utkanclinic.com\/en\/#website","url":"https:\/\/utkanclinic.com\/en\/","name":"Utkan Clinic | Cosmetic Dentistry | Ni\u015fanta\u015f\u0131","description":"","publisher":{"@id":"https:\/\/utkanclinic.com\/en\/#organization"},"potentialAction":[{"@type":"SearchAction","target":{"@type":"EntryPoint","urlTemplate":"https:\/\/utkanclinic.com\/en\/?s={search_term_string}"},"query-input":"required name=search_term_string"}],"inLanguage":"en-US"},{"@type":"ImageObject","@id":"https:\/\/utkanclinic.com\/en\/contact\/#primaryimage","inLanguage":"en-US","url":"https:\/\/utkanclinic.com\/en\/wp-content\/uploads\/2021\/09\/Utkan-Clinic-Logo-1x1-1.png","contentUrl":"https:\/\/utkanclinic.com\/en\/wp-content\/uploads\/2021\/09\/Utkan-Clinic-Logo-1x1-1.png","width":1000,"height":1000},{"@type":"WebPage","@id":"https:\/\/utkanclinic.com\/en\/contact\/#webpage","url":"https:\/\/utkanclinic.com\/en\/contact\/","name":"Contact - Utkan Clinic | Cosmetic Dentistry | Ni\u015fanta\u015f\u0131","isPartOf":{"@id":"https:\/\/utkanclinic.com\/en\/#website"},"primaryImageOfPage":{"@id":"https:\/\/utkanclinic.com\/en\/contact\/#primaryimage"},"datePublished":"2021-08-25T13:42:07+00:00","dateModified":"2021-12-28T14:07:34+00:00","description":"Adress: Harbiye Mahallesi, Ma\u00e7ka Caddesi Vehbi Bey Ap, Daire No:18, D:1, 34363 \u015ei\u015fli\/\u0130stanbulPhone: +90 (530) 379 72 09","breadcrumb":{"@id":"https:\/\/utkanclinic.com\/en\/contact\/#breadcrumb"},"inLanguage":"en-US","potentialAction":[{"@type":"ReadAction","target":["https:\/\/utkanclinic.com\/en\/contact\/"]}]},{"@type":"BreadcrumbList","@id":"https:\/\/utkanclinic.com\/en\/contact\/#breadcrumb","itemListElement":[{"@type":"ListItem","position":1,"name":"Home","item":"https:\/\/utkanclinic.com\/en\/"},{"@type":"ListItem","position":2,"name":"Contact"}]}]}},"_links":{"self":[{"href":"https:\/\/utkanclinic.com\/en\/wp-json\/wp\/v2\/pages\/94","targetHints":{"allow":["GET"]}}],"collection":[{"href":"https:\/\/utkanclinic.com\/en\/wp-json\/wp\/v2\/pages"}],"about":[{"href":"https:\/\/utkanclinic.com\/en\/wp-json\/wp\/v2\/types\/page"}],"author":[{"embeddable":true,"href":"https:\/\/utkanclinic.com\/en\/wp-json\/wp\/v2\/users\/1"}],"replies":[{"embeddable":true,"href":"https:\/\/utkanclinic.com\/en\/wp-json\/wp\/v2\/comments?post=94"}],"version-history":[{"count":5,"href":"https:\/\/utkanclinic.com\/en\/wp-json\/wp\/v2\/pages\/94\/revisions"}],"predecessor-version":[{"id":2431,"href":"https:\/\/utkanclinic.com\/en\/wp-json\/wp\/v2\/pages\/94\/revisions\/2431"}],"wp:featuredmedia":[{"embeddable":true,"href":"https:\/\/utkanclinic.com\/en\/wp-json\/wp\/v2\/media\/2406"}],"wp:attachment":[{"href":"https:\/\/utkanclinic.com\/en\/wp-json\/wp\/v2\/media?parent=94"}],"curies":[{"name":"wp","href":"https:\/\/api.w.org\/{rel}","templated":true}]}}