{"id":92,"date":"2021-08-25T16:41:57","date_gmt":"2021-08-25T13:41:57","guid":{"rendered":"https:\/\/utkanclinic.com\/en\/?page_id=92"},"modified":"2021-12-28T17:05:46","modified_gmt":"2021-12-28T14:05:46","slug":"book-an-appointment","status":"publish","type":"page","link":"https:\/\/utkanclinic.com\/en\/book-an-appointment\/","title":{"rendered":"Appointment"},"content":{"rendered":"\t\t<div data-elementor-type=\"wp-page\" data-elementor-id=\"92\" class=\"elementor elementor-92\" data-elementor-settings=\"[]\">\n\t\t\t\t\t\t\t<div class=\"elementor-section-wrap\">\n\t\t\t\t\t\t\t<section class=\"elementor-section elementor-top-section elementor-element elementor-element-8198963 elementor-section-height-min-height elementor-section-boxed elementor-section-height-default elementor-section-items-middle\" data-id=\"8198963\" data-element_type=\"section\" data-settings=\"{&quot;background_background&quot;:&quot;classic&quot;}\">\n\t\t\t\t\t\t\t<div class=\"elementor-background-overlay\"><\/div>\n\t\t\t\t\t\t\t<div class=\"elementor-container elementor-column-gap-default\">\n\t\t\t\t\t<div class=\"elementor-column elementor-col-100 elementor-top-column elementor-element elementor-element-68d8cf09 animated-slow elementor-invisible\" data-id=\"68d8cf09\" data-element_type=\"column\" data-settings=\"{&quot;animation&quot;:&quot;fadeInUp&quot;}\">\n\t\t\t<div class=\"elementor-widget-wrap elementor-element-populated\">\n\t\t\t\t\t\t\t\t<div class=\"elementor-element elementor-element-3df02725 elementor-widget elementor-widget-heading\" data-id=\"3df02725\" data-element_type=\"widget\" data-widget_type=\"heading.default\">\n\t\t\t\t<div class=\"elementor-widget-container\">\n\t\t\t<h3 class=\"elementor-heading-title elementor-size-default\">CONTACT US<\/h3>\t\t<\/div>\n\t\t\t\t<\/div>\n\t\t\t\t<div class=\"elementor-element elementor-element-8cadac2 elementor-widget elementor-widget-heading\" data-id=\"8cadac2\" data-element_type=\"widget\" data-widget_type=\"heading.default\">\n\t\t\t\t<div class=\"elementor-widget-container\">\n\t\t\t<h1 class=\"elementor-heading-title elementor-size-default\"><b>Utkan <\/b>CLINIC\n<br>Dental <b>Aesthet\u0131cs<\/b><\/h1>\t\t<\/div>\n\t\t\t\t<\/div>\n\t\t\t\t<div class=\"elementor-element elementor-element-78af53dc elementor-widget elementor-widget-text-editor\" data-id=\"78af53dc\" data-element_type=\"widget\" data-widget_type=\"text-editor.default\">\n\t\t\t\t<div class=\"elementor-widget-container\">\n\t\t\t\t\t\t\t<p>Apply the form by choosing the treatments you want to get information about. Your smile assistant will be reaching out for you on the shortest notice.<\/p>\t\t\t\t\t\t<\/div>\n\t\t\t\t<\/div>\n\t\t\t\t<div class=\"elementor-element elementor-element-42c1acd2 elementor-button-align-center elementor-mobile-button-align-center elementor-widget elementor-widget-form\" data-id=\"42c1acd2\" data-element_type=\"widget\" data-settings=\"{&quot;step_next_label&quot;:&quot;Next&quot;,&quot;step_previous_label&quot;:&quot;Previous&quot;,&quot;button_width&quot;:&quot;100&quot;,&quot;step_type&quot;:&quot;number_text&quot;,&quot;step_icon_shape&quot;:&quot;circle&quot;}\" data-widget_type=\"form.default\">\n\t\t\t\t<div class=\"elementor-widget-container\">\n\t\t\t\t\t<form class=\"elementor-form\" method=\"post\" name=\"Online Form - Home Page\">\n\t\t\t<input type=\"hidden\" name=\"post_id\" value=\"92\"\/>\n\t\t\t<input type=\"hidden\" name=\"form_id\" value=\"42c1acd2\"\/>\n\t\t\t<input type=\"hidden\" name=\"referer_title\" value=\"Utkan Clinic | Cosmetic Dentistry | Ni\u015fanta\u015f\u0131\" \/>\n\n\t\t\t\n\t\t\t<div class=\"elementor-form-fields-wrapper elementor-labels-above\">\n\t\t\t\t\t\t\t\t<div class=\"elementor-field-type-text elementor-field-group elementor-column elementor-field-group-name elementor-col-50 elementor-field-required\">\n\t\t\t\t\t<label for=\"form-field-name\" class=\"elementor-field-label\">Name - Last name<\/label><input size=\"1\" type=\"text\" name=\"form_fields[name]\" id=\"form-field-name\" class=\"elementor-field elementor-size-sm  elementor-field-textual\" required=\"required\" aria-required=\"true\">\t\t\t\t<\/div>\n\t\t\t\t\t\t\t\t<div class=\"elementor-field-type-email elementor-field-group elementor-column elementor-field-group-email elementor-col-50 elementor-field-required\">\n\t\t\t\t\t<label for=\"form-field-email\" class=\"elementor-field-label\">E-mail<\/label><input size=\"1\" type=\"email\" name=\"form_fields[email]\" id=\"form-field-email\" class=\"elementor-field elementor-size-sm  elementor-field-textual\" required=\"required\" aria-required=\"true\">\t\t\t\t<\/div>\n\t\t\t\t\t\t\t\t<div class=\"elementor-field-type-tel elementor-field-group elementor-column elementor-field-group-field_25caa2e elementor-col-50 elementor-field-required\">\n\t\t\t\t\t<label for=\"form-field-field_25caa2e\" class=\"elementor-field-label\">Phone number<\/label><input size=\"1\" type=\"tel\" name=\"form_fields[field_25caa2e]\" id=\"form-field-field_25caa2e\" class=\"elementor-field elementor-size-sm  elementor-field-textual\" required=\"required\" aria-required=\"true\" pattern=\"[0-9()#&amp;+*-=.]+\" title=\"Only numbers and phone characters (#, -, *, etc) are accepted.\">\t\t\t\t<\/div>\n\t\t\t\t\t\t\t\t<div class=\"elementor-field-type-select elementor-field-group elementor-column elementor-field-group-field_b490df7 elementor-col-50 elementor-field-required\">\n\t\t\t\t\t<label for=\"form-field-field_b490df7\" class=\"elementor-field-label\">Treatment you want to know<\/label>\t\t<div class=\"elementor-field elementor-select-wrapper \">\n\t\t\t<select name=\"form_fields[field_b490df7]\" id=\"form-field-field_b490df7\" class=\"elementor-field-textual elementor-size-sm\" required=\"required\" aria-required=\"true\">\n\t\t\t\t<option value=\"DENTAL IMPLANTS\">DENTAL IMPLANTS<\/option><option value=\"\u203a Implant Treatment\">\u203a Implant Treatment<\/option><option value=\"\u203a Same Day Dental Implant \">\u203a Same Day Dental Implant <\/option><option value=\"\u203a All on 4\/6 \u2013 Fast&amp;Fixed \">\u203a All on 4\/6 \u2013 Fast&amp;Fixed <\/option><option value=\"\u203a Mini Implants\">\u203a Mini Implants<\/option><option value=\" \"> <\/option><option value=\"AESTHETICS DENTISTRY\">AESTHETICS DENTISTRY<\/option><option value=\"\u203a Smile Design\">\u203a Smile Design<\/option><option value=\"\u203a Hollywood Smile \">\u203a Hollywood Smile <\/option><option value=\"\u203a Bonding \">\u203a Bonding <\/option><option value=\"\u203a Porcelain Laminas\">\u203a Porcelain Laminas<\/option><option value=\"\u203a Porcelain Inlay &amp; Onlay Fillings\">\u203a Porcelain Inlay &amp; Onlay Fillings<\/option><option value=\"\u203a Teeth Whitening\">\u203a Teeth Whitening<\/option><option value=\"\u203a Zirconia Porcelain \">\u203a Zirconia Porcelain <\/option><option value=\"\u203a Aesthetic Dental Fillings \">\u203a Aesthetic Dental Fillings <\/option><option value=\" \"> <\/option><option value=\"ORAL AND MAXILLOFACIAL SURGERY \">ORAL AND MAXILLOFACIAL SURGERY <\/option><option value=\"\u203a Advanced Implants Surgery\">\u203a Advanced Implants Surgery<\/option><option value=\"\u203a Wisdom Teeth Removal Surgery\">\u203a Wisdom Teeth Removal Surgery<\/option><option value=\"\u203a Dental Extraction\">\u203a Dental Extraction<\/option><option value=\"\u203a Sinus Lifting \">\u203a Sinus Lifting <\/option><option value=\"\u203a Dental Bone Graft\">\u203a Dental Bone Graft<\/option><option value=\" \"> <\/option><option value=\"ORTHODONTICS\">ORTHODONTICS<\/option><option value=\"\u203a Orthodontics Treatment\">\u203a Orthodontics Treatment<\/option><option value=\"\u203a Transparent Braces\">\u203a Transparent Braces<\/option><option value=\"\u203a Invisible Dental Braces\">\u203a Invisible Dental Braces<\/option><option value=\"\u203a Invisalign Clear Aligners\">\u203a Invisalign Clear Aligners<\/option><option value=\"  \">  <\/option><option value=\"PEDODONTICS\">PEDODONTICS<\/option><option value=\" \"> <\/option><option value=\"BRUXISM &amp; TEETH GRINDING\">BRUXISM &amp; TEETH GRINDING<\/option><option value=\" \"> <\/option><option value=\"ENDODONTICS \">ENDODONTICS <\/option><option value=\"\u203a Root Canal Treatment\">\u203a Root Canal Treatment<\/option><option value=\"\u203a Regenerative Endodontics\">\u203a Regenerative Endodontics<\/option><option value=\" \"> <\/option><option value=\"PERIODONTOLOGY\">PERIODONTOLOGY<\/option><option value=\"\u203a Dental Pink Aesthetics\">\u203a Dental Pink Aesthetics<\/option><option value=\"\u203a Gingival Bleeding (Ulemorrhagia)\">\u203a Gingival Bleeding (Ulemorrhagia)<\/option><option value=\"\u203a Gingival Recession\">\u203a Gingival Recession<\/option><option value=\"\u203a Bad Breath (Halitosis)\">\u203a Bad Breath (Halitosis)<\/option>\t\t\t<\/select>\n\t\t<\/div>\n\t\t\t\t\t\t<\/div>\n\t\t\t\t\t\t\t\t<div class=\"elementor-field-type-textarea elementor-field-group elementor-column elementor-field-group-message elementor-col-100\">\n\t\t\t\t\t<label for=\"form-field-message\" class=\"elementor-field-label\">Your message<\/label><textarea class=\"elementor-field-textual elementor-field  elementor-size-sm\" name=\"form_fields[message]\" id=\"form-field-message\" rows=\"3\"><\/textarea>\t\t\t\t<\/div>\n\t\t\t\t\t\t\t\t<div class=\"elementor-field-group elementor-column elementor-field-type-submit elementor-col-100 e-form__buttons\">\n\t\t\t\t\t<button type=\"submit\" class=\"elementor-button elementor-size-sm elementor-animation-grow\">\n\t\t\t\t\t\t<span >\n\t\t\t\t\t\t\t\t\t\t\t\t\t\t\t<span class=\"elementor-align-icon-right elementor-button-icon\">\n\t\t\t\t\t\t\t\t\t<i aria-hidden=\"true\" class=\"fas fa-arrow-right\"><\/i>\t\t\t\t\t\t\t\t\t\t\t\t\t\t\t\t\t<\/span>\n\t\t\t\t\t\t\t\t\t\t\t\t\t\t\t\t\t\t\t\t\t\t<span class=\"elementor-button-text\">SEND<\/span>\n\t\t\t\t\t\t\t\t\t\t\t\t\t<\/span>\n\t\t\t\t\t<\/button>\n\t\t\t\t<\/div>\n\t\t\t<\/div>\n\t\t<\/form>\n\t\t\t\t<\/div>\n\t\t\t\t<\/div>\n\t\t\t\t<div class=\"elementor-element elementor-element-6b0c0331 elementor-widget elementor-widget-heading\" data-id=\"6b0c0331\" data-element_type=\"widget\" data-widget_type=\"heading.default\">\n\t\t\t\t<div class=\"elementor-widget-container\">\n\t\t\t<h3 class=\"elementor-heading-title elementor-size-default\"><a href=\"https:\/\/utkanclinic.com\/\">Utkan Clinic | Ni\u015fanta\u015f\u0131  Dental Aesthetics Clinic<\/a><\/h3>\t\t<\/div>\n\t\t\t\t<\/div>\n\t\t\t\t\t<\/div>\n\t\t<\/div>\n\t\t\t\t\t\t\t<\/div>\n\t\t<\/section>\n\t\t\t\t\t\t<\/div>\n\t\t\t\t\t<\/div>\n\t\t","protected":false},"excerpt":{"rendered":"<p>CONTACT US Utkan CLINIC Dental Aesthet\u0131cs Apply the form by choosing the treatments you want to get information about. Your smile assistant will be reaching out for you on the shortest notice. Utkan Clinic | Ni\u015fanta\u015f\u0131 Dental Aesthetics Clinic<\/p>\n","protected":false},"author":1,"featured_media":2406,"parent":0,"menu_order":0,"comment_status":"closed","ping_status":"closed","template":"","meta":{"_joinchat":[],"footnotes":""},"class_list":["post-92","page","type-page","status-publish","has-post-thumbnail","hentry"],"yoast_head":"<!-- This site is optimized with the Yoast SEO Premium plugin v17.1 (Yoast SEO v17.1) - https:\/\/yoast.com\/wordpress\/plugins\/seo\/ -->\n<title>Appointment - Utkan Clinic | Cosmetic Dentistry | Ni\u015fanta\u015f\u0131<\/title>\n<meta name=\"description\" content=\"Apply the form by choosing the treatments you want to get information about. Your smile assistant will be reaching out for you on the shortest notice.\" \/>\n<meta name=\"robots\" content=\"index, follow, max-snippet:-1, max-image-preview:large, max-video-preview:-1\" \/>\n<link rel=\"canonical\" href=\"https:\/\/utkanclinic.com\/en\/book-an-appointment\/\" \/>\n<meta property=\"og:locale\" content=\"en_US\" \/>\n<meta property=\"og:type\" content=\"article\" \/>\n<meta property=\"og:title\" content=\"Appointment\" \/>\n<meta property=\"og:description\" content=\"Apply the form by choosing the treatments you want to get information about. Your smile assistant will be reaching out for you on the shortest notice.\" \/>\n<meta property=\"og:url\" content=\"https:\/\/utkanclinic.com\/en\/book-an-appointment\/\" \/>\n<meta property=\"og:site_name\" content=\"Utkan Clinic | Cosmetic Dentistry | Ni\u015fanta\u015f\u0131\" \/>\n<meta property=\"article:publisher\" content=\"https:\/\/www.youtube.com\/channel\/UClLTUTKw4M-Tth_Aq397GgQ\" \/>\n<meta property=\"article:modified_time\" content=\"2021-12-28T14:05:46+00:00\" \/>\n<meta property=\"og:image\" content=\"https:\/\/utkanclinic.com\/en\/wp-content\/uploads\/2021\/09\/Utkan-Clinic-Logo-1x1-1.png\" \/>\n\t<meta property=\"og:image:width\" content=\"1000\" \/>\n\t<meta property=\"og:image:height\" content=\"1000\" \/>\n<meta name=\"twitter:card\" content=\"summary_large_image\" \/>\n<script type=\"application\/ld+json\" class=\"yoast-schema-graph\">{\"@context\":\"https:\/\/schema.org\",\"@graph\":[{\"@type\":\"Organization\",\"@id\":\"https:\/\/utkanclinic.com\/en\/#organization\",\"name\":\"Utkan Clinic | Cosmetic Dentistry | Ni\\u015fanta\\u015f\\u0131\",\"url\":\"https:\/\/utkanclinic.com\/en\/\",\"sameAs\":[\"https:\/\/www.youtube.com\/channel\/UClLTUTKw4M-Tth_Aq397GgQ\",\"https:\/\/www.instagram.com\/drenginutkan\/\",\"https:\/\/www.youtube.com\/channel\/UClLTUTKw4M-Tth_Aq397GgQ\"],\"logo\":{\"@type\":\"ImageObject\",\"@id\":\"https:\/\/utkanclinic.com\/en\/#logo\",\"inLanguage\":\"en-US\",\"url\":\"https:\/\/utkanclinic.com\/en\/wp-content\/uploads\/2021\/09\/Utkan-Clinic-Logo.jpg\",\"contentUrl\":\"https:\/\/utkanclinic.com\/en\/wp-content\/uploads\/2021\/09\/Utkan-Clinic-Logo.jpg\",\"width\":1730,\"height\":839,\"caption\":\"Utkan Clinic | Cosmetic Dentistry | Ni\\u015fanta\\u015f\\u0131\"},\"image\":{\"@id\":\"https:\/\/utkanclinic.com\/en\/#logo\"}},{\"@type\":\"WebSite\",\"@id\":\"https:\/\/utkanclinic.com\/en\/#website\",\"url\":\"https:\/\/utkanclinic.com\/en\/\",\"name\":\"Utkan Clinic | Cosmetic Dentistry | Ni\\u015fanta\\u015f\\u0131\",\"description\":\"\",\"publisher\":{\"@id\":\"https:\/\/utkanclinic.com\/en\/#organization\"},\"potentialAction\":[{\"@type\":\"SearchAction\",\"target\":{\"@type\":\"EntryPoint\",\"urlTemplate\":\"https:\/\/utkanclinic.com\/en\/?s={search_term_string}\"},\"query-input\":\"required name=search_term_string\"}],\"inLanguage\":\"en-US\"},{\"@type\":\"ImageObject\",\"@id\":\"https:\/\/utkanclinic.com\/en\/book-an-appointment\/#primaryimage\",\"inLanguage\":\"en-US\",\"url\":\"https:\/\/utkanclinic.com\/en\/wp-content\/uploads\/2021\/09\/Utkan-Clinic-Logo-1x1-1.png\",\"contentUrl\":\"https:\/\/utkanclinic.com\/en\/wp-content\/uploads\/2021\/09\/Utkan-Clinic-Logo-1x1-1.png\",\"width\":1000,\"height\":1000},{\"@type\":\"WebPage\",\"@id\":\"https:\/\/utkanclinic.com\/en\/book-an-appointment\/#webpage\",\"url\":\"https:\/\/utkanclinic.com\/en\/book-an-appointment\/\",\"name\":\"Appointment - Utkan Clinic | Cosmetic Dentistry | Ni\\u015fanta\\u015f\\u0131\",\"isPartOf\":{\"@id\":\"https:\/\/utkanclinic.com\/en\/#website\"},\"primaryImageOfPage\":{\"@id\":\"https:\/\/utkanclinic.com\/en\/book-an-appointment\/#primaryimage\"},\"datePublished\":\"2021-08-25T13:41:57+00:00\",\"dateModified\":\"2021-12-28T14:05:46+00:00\",\"description\":\"Apply the form by choosing the treatments you want to get information about. Your smile assistant will be reaching out for you on the shortest notice.\",\"breadcrumb\":{\"@id\":\"https:\/\/utkanclinic.com\/en\/book-an-appointment\/#breadcrumb\"},\"inLanguage\":\"en-US\",\"potentialAction\":[{\"@type\":\"ReadAction\",\"target\":[\"https:\/\/utkanclinic.com\/en\/book-an-appointment\/\"]}]},{\"@type\":\"BreadcrumbList\",\"@id\":\"https:\/\/utkanclinic.com\/en\/book-an-appointment\/#breadcrumb\",\"itemListElement\":[{\"@type\":\"ListItem\",\"position\":1,\"name\":\"Home\",\"item\":\"https:\/\/utkanclinic.com\/en\/\"},{\"@type\":\"ListItem\",\"position\":2,\"name\":\"Appointment\"}]}]}<\/script>\n<!-- \/ Yoast SEO Premium plugin. -->","yoast_head_json":{"title":"Appointment - Utkan Clinic | Cosmetic Dentistry | Ni\u015fanta\u015f\u0131","description":"Apply the form by choosing the treatments you want to get information about. Your smile assistant will be reaching out for you on the shortest notice.","robots":{"index":"index","follow":"follow","max-snippet":"max-snippet:-1","max-image-preview":"max-image-preview:large","max-video-preview":"max-video-preview:-1"},"canonical":"https:\/\/utkanclinic.com\/en\/book-an-appointment\/","og_locale":"en_US","og_type":"article","og_title":"Appointment","og_description":"Apply the form by choosing the treatments you want to get information about. Your smile assistant will be reaching out for you on the shortest notice.","og_url":"https:\/\/utkanclinic.com\/en\/book-an-appointment\/","og_site_name":"Utkan Clinic | Cosmetic Dentistry | Ni\u015fanta\u015f\u0131","article_publisher":"https:\/\/www.youtube.com\/channel\/UClLTUTKw4M-Tth_Aq397GgQ","article_modified_time":"2021-12-28T14:05:46+00:00","og_image":[{"width":1000,"height":1000,"url":"https:\/\/utkanclinic.com\/en\/wp-content\/uploads\/2021\/09\/Utkan-Clinic-Logo-1x1-1.png","path":"\/var\/www\/vhosts\/utkanclinic.com\/httpdocs\/en\/wp-content\/uploads\/2021\/09\/Utkan-Clinic-Logo-1x1-1.png","size":"full","id":2406,"alt":"","pixels":1000000,"type":"image\/png"}],"twitter_card":"summary_large_image","schema":{"@context":"https:\/\/schema.org","@graph":[{"@type":"Organization","@id":"https:\/\/utkanclinic.com\/en\/#organization","name":"Utkan Clinic | Cosmetic Dentistry | Ni\u015fanta\u015f\u0131","url":"https:\/\/utkanclinic.com\/en\/","sameAs":["https:\/\/www.youtube.com\/channel\/UClLTUTKw4M-Tth_Aq397GgQ","https:\/\/www.instagram.com\/drenginutkan\/","https:\/\/www.youtube.com\/channel\/UClLTUTKw4M-Tth_Aq397GgQ"],"logo":{"@type":"ImageObject","@id":"https:\/\/utkanclinic.com\/en\/#logo","inLanguage":"en-US","url":"https:\/\/utkanclinic.com\/en\/wp-content\/uploads\/2021\/09\/Utkan-Clinic-Logo.jpg","contentUrl":"https:\/\/utkanclinic.com\/en\/wp-content\/uploads\/2021\/09\/Utkan-Clinic-Logo.jpg","width":1730,"height":839,"caption":"Utkan Clinic | Cosmetic Dentistry | Ni\u015fanta\u015f\u0131"},"image":{"@id":"https:\/\/utkanclinic.com\/en\/#logo"}},{"@type":"WebSite","@id":"https:\/\/utkanclinic.com\/en\/#website","url":"https:\/\/utkanclinic.com\/en\/","name":"Utkan Clinic | Cosmetic Dentistry | Ni\u015fanta\u015f\u0131","description":"","publisher":{"@id":"https:\/\/utkanclinic.com\/en\/#organization"},"potentialAction":[{"@type":"SearchAction","target":{"@type":"EntryPoint","urlTemplate":"https:\/\/utkanclinic.com\/en\/?s={search_term_string}"},"query-input":"required name=search_term_string"}],"inLanguage":"en-US"},{"@type":"ImageObject","@id":"https:\/\/utkanclinic.com\/en\/book-an-appointment\/#primaryimage","inLanguage":"en-US","url":"https:\/\/utkanclinic.com\/en\/wp-content\/uploads\/2021\/09\/Utkan-Clinic-Logo-1x1-1.png","contentUrl":"https:\/\/utkanclinic.com\/en\/wp-content\/uploads\/2021\/09\/Utkan-Clinic-Logo-1x1-1.png","width":1000,"height":1000},{"@type":"WebPage","@id":"https:\/\/utkanclinic.com\/en\/book-an-appointment\/#webpage","url":"https:\/\/utkanclinic.com\/en\/book-an-appointment\/","name":"Appointment - Utkan Clinic | Cosmetic Dentistry | Ni\u015fanta\u015f\u0131","isPartOf":{"@id":"https:\/\/utkanclinic.com\/en\/#website"},"primaryImageOfPage":{"@id":"https:\/\/utkanclinic.com\/en\/book-an-appointment\/#primaryimage"},"datePublished":"2021-08-25T13:41:57+00:00","dateModified":"2021-12-28T14:05:46+00:00","description":"Apply the form by choosing the treatments you want to get information about. Your smile assistant will be reaching out for you on the shortest notice.","breadcrumb":{"@id":"https:\/\/utkanclinic.com\/en\/book-an-appointment\/#breadcrumb"},"inLanguage":"en-US","potentialAction":[{"@type":"ReadAction","target":["https:\/\/utkanclinic.com\/en\/book-an-appointment\/"]}]},{"@type":"BreadcrumbList","@id":"https:\/\/utkanclinic.com\/en\/book-an-appointment\/#breadcrumb","itemListElement":[{"@type":"ListItem","position":1,"name":"Home","item":"https:\/\/utkanclinic.com\/en\/"},{"@type":"ListItem","position":2,"name":"Appointment"}]}]}},"_links":{"self":[{"href":"https:\/\/utkanclinic.com\/en\/wp-json\/wp\/v2\/pages\/92","targetHints":{"allow":["GET"]}}],"collection":[{"href":"https:\/\/utkanclinic.com\/en\/wp-json\/wp\/v2\/pages"}],"about":[{"href":"https:\/\/utkanclinic.com\/en\/wp-json\/wp\/v2\/types\/page"}],"author":[{"embeddable":true,"href":"https:\/\/utkanclinic.com\/en\/wp-json\/wp\/v2\/users\/1"}],"replies":[{"embeddable":true,"href":"https:\/\/utkanclinic.com\/en\/wp-json\/wp\/v2\/comments?post=92"}],"version-history":[{"count":10,"href":"https:\/\/utkanclinic.com\/en\/wp-json\/wp\/v2\/pages\/92\/revisions"}],"predecessor-version":[{"id":2814,"href":"https:\/\/utkanclinic.com\/en\/wp-json\/wp\/v2\/pages\/92\/revisions\/2814"}],"wp:featuredmedia":[{"embeddable":true,"href":"https:\/\/utkanclinic.com\/en\/wp-json\/wp\/v2\/media\/2406"}],"wp:attachment":[{"href":"https:\/\/utkanclinic.com\/en\/wp-json\/wp\/v2\/media?parent=92"}],"curies":[{"name":"wp","href":"https:\/\/api.w.org\/{rel}","templated":true}]}}