{"id":84,"date":"2021-08-25T16:40:52","date_gmt":"2021-08-25T13:40:52","guid":{"rendered":"https:\/\/utkanclinic.com\/en\/?page_id=84"},"modified":"2021-12-28T17:11:43","modified_gmt":"2021-12-28T14:11:43","slug":"dt-engin-utkan","status":"publish","type":"page","link":"https:\/\/utkanclinic.com\/en\/dt-engin-utkan\/","title":{"rendered":"Engin Utkan | Cosmetic Dentistry"},"content":{"rendered":"\t\t<div data-elementor-type=\"wp-page\" data-elementor-id=\"84\" class=\"elementor elementor-84\" data-elementor-settings=\"[]\">\n\t\t\t\t\t\t\t<div class=\"elementor-section-wrap\">\n\t\t\t\t\t\t\t<section class=\"elementor-section elementor-top-section elementor-element elementor-element-2aa91675 elementor-reverse-mobile elementor-section-boxed elementor-section-height-default elementor-section-height-default elementor-invisible\" data-id=\"2aa91675\" data-element_type=\"section\" data-settings=\"{&quot;background_background&quot;:&quot;classic&quot;,&quot;animation&quot;:&quot;fadeIn&quot;}\">\n\t\t\t\t\t\t<div class=\"elementor-container elementor-column-gap-default\">\n\t\t\t\t\t<div class=\"elementor-column elementor-col-50 elementor-top-column elementor-element elementor-element-4b52fa52\" data-id=\"4b52fa52\" data-element_type=\"column\">\n\t\t\t<div class=\"elementor-widget-wrap elementor-element-populated\">\n\t\t\t\t\t\t\t\t<div class=\"elementor-element elementor-element-468fe737 elementor-hidden-mobile elementor-widget elementor-widget-heading\" data-id=\"468fe737\" data-element_type=\"widget\" data-widget_type=\"heading.default\">\n\t\t\t\t<div class=\"elementor-widget-container\">\n\t\t\t<h3 class=\"elementor-heading-title elementor-size-default\">Dt. Engin UTKAN<\/h3>\t\t<\/div>\n\t\t\t\t<\/div>\n\t\t\t\t<div class=\"elementor-element elementor-element-45b11e6c elementor-widget elementor-widget-text-editor\" data-id=\"45b11e6c\" data-element_type=\"widget\" data-widget_type=\"text-editor.default\">\n\t\t\t\t<div class=\"elementor-widget-container\">\n\t\t\t\t\t\t\t<p style=\"text-align: left;\">Dt. Utkan was born in 1975, \u0130stanbul. He graduated from Istanbul University faculty of dentistry in 1998.<\/p><p style=\"text-align: left;\"><br \/>Utkan carries his studies on in the areas of aesthetic dentistry, implantology and smile design while employing the methods by using the possibilities of the latest modern medical techology with his comprehensive experience.<\/p><p style=\"text-align: left;\"><br \/>Utkan speaks good command of English, German and Italian.<\/p>\t\t\t\t\t\t<\/div>\n\t\t\t\t<\/div>\n\t\t\t\t\t<\/div>\n\t\t<\/div>\n\t\t\t\t<div class=\"elementor-column elementor-col-50 elementor-top-column elementor-element elementor-element-86edbed\" data-id=\"86edbed\" data-element_type=\"column\">\n\t\t\t<div class=\"elementor-widget-wrap elementor-element-populated\">\n\t\t\t\t\t\t\t\t<div class=\"elementor-element elementor-element-7232abfa elementor-widget elementor-widget-image\" data-id=\"7232abfa\" data-element_type=\"widget\" data-widget_type=\"image.default\">\n\t\t\t\t<div class=\"elementor-widget-container\">\n\t\t\t\t\t\t\t\t\t\t\t\t\t\t\t<img loading=\"lazy\" decoding=\"async\" width=\"682\" height=\"1024\" src=\"https:\/\/utkanclinic.com\/en\/wp-content\/uploads\/2021\/08\/dt-engin-utkan-682x1024.webp\" class=\"attachment-large size-large\" alt=\"\" \/>\t\t\t\t\t\t\t\t\t\t\t\t\t\t\t<\/div>\n\t\t\t\t<\/div>\n\t\t\t\t\t<\/div>\n\t\t<\/div>\n\t\t\t\t\t\t\t<\/div>\n\t\t<\/section>\n\t\t\t\t\t\t<\/div>\n\t\t\t\t\t<\/div>\n\t\t","protected":false},"excerpt":{"rendered":"<p>Dt. Engin UTKAN Dt. Utkan was born in 1975, \u0130stanbul. He graduated from Istanbul University faculty of dentistry in 1998. Utkan carries his studies on in the areas of aesthetic dentistry, implantology and smile design while employing the methods by using the possibilities of the latest modern medical techology with his comprehensive experience. Utkan speaks [&hellip;]<\/p>\n","protected":false},"author":1,"featured_media":2361,"parent":0,"menu_order":0,"comment_status":"closed","ping_status":"closed","template":"","meta":{"_joinchat":[],"footnotes":""},"class_list":["post-84","page","type-page","status-publish","has-post-thumbnail","hentry"],"yoast_head":"<!-- This site is optimized with the Yoast SEO Premium plugin v17.1 (Yoast SEO v17.1) - https:\/\/yoast.com\/wordpress\/plugins\/seo\/ -->\n<title>Engin Utkan | Cosmetic Dentistry - Utkan Clinic | Cosmetic Dentistry | Ni\u015fanta\u015f\u0131<\/title>\n<meta name=\"description\" content=\"Engin Utkan | Utkan carries his studies on in the areas of aesthetic dentistry, implantology and smile design while employing the methods by.\" \/>\n<meta name=\"robots\" content=\"index, follow, max-snippet:-1, max-image-preview:large, max-video-preview:-1\" \/>\n<link rel=\"canonical\" href=\"https:\/\/utkanclinic.com\/en\/dt-engin-utkan\/\" \/>\n<meta property=\"og:locale\" content=\"en_US\" \/>\n<meta property=\"og:type\" content=\"article\" \/>\n<meta property=\"og:title\" content=\"Engin Utkan | Cosmetic Dentistry\" \/>\n<meta property=\"og:description\" content=\"Engin Utkan | Utkan carries his studies on in the areas of aesthetic dentistry, implantology and smile design while employing the methods by.\" \/>\n<meta property=\"og:url\" content=\"https:\/\/utkanclinic.com\/en\/dt-engin-utkan\/\" \/>\n<meta property=\"og:site_name\" content=\"Utkan Clinic | Cosmetic Dentistry | Ni\u015fanta\u015f\u0131\" \/>\n<meta property=\"article:publisher\" content=\"https:\/\/www.youtube.com\/channel\/UClLTUTKw4M-Tth_Aq397GgQ\" \/>\n<meta property=\"article:modified_time\" content=\"2021-12-28T14:11:43+00:00\" \/>\n<meta property=\"og:image\" content=\"https:\/\/utkanclinic.com\/en\/wp-content\/uploads\/2021\/09\/Engin-Utkan-Nisantasi-Estetik-Dis-Klinigi-4x3-1.png\" \/>\n\t<meta property=\"og:image:width\" content=\"955\" \/>\n\t<meta property=\"og:image:height\" content=\"789\" \/>\n<meta name=\"twitter:card\" content=\"summary_large_image\" \/>\n<script type=\"application\/ld+json\" class=\"yoast-schema-graph\">{\"@context\":\"https:\/\/schema.org\",\"@graph\":[{\"@type\":\"Organization\",\"@id\":\"https:\/\/utkanclinic.com\/en\/#organization\",\"name\":\"Utkan Clinic | Cosmetic Dentistry | Ni\\u015fanta\\u015f\\u0131\",\"url\":\"https:\/\/utkanclinic.com\/en\/\",\"sameAs\":[\"https:\/\/www.youtube.com\/channel\/UClLTUTKw4M-Tth_Aq397GgQ\",\"https:\/\/www.instagram.com\/drenginutkan\/\",\"https:\/\/www.youtube.com\/channel\/UClLTUTKw4M-Tth_Aq397GgQ\"],\"logo\":{\"@type\":\"ImageObject\",\"@id\":\"https:\/\/utkanclinic.com\/en\/#logo\",\"inLanguage\":\"en-US\",\"url\":\"https:\/\/utkanclinic.com\/en\/wp-content\/uploads\/2021\/09\/Utkan-Clinic-Logo.jpg\",\"contentUrl\":\"https:\/\/utkanclinic.com\/en\/wp-content\/uploads\/2021\/09\/Utkan-Clinic-Logo.jpg\",\"width\":1730,\"height\":839,\"caption\":\"Utkan Clinic | Cosmetic Dentistry | Ni\\u015fanta\\u015f\\u0131\"},\"image\":{\"@id\":\"https:\/\/utkanclinic.com\/en\/#logo\"}},{\"@type\":\"WebSite\",\"@id\":\"https:\/\/utkanclinic.com\/en\/#website\",\"url\":\"https:\/\/utkanclinic.com\/en\/\",\"name\":\"Utkan Clinic | Cosmetic Dentistry | Ni\\u015fanta\\u015f\\u0131\",\"description\":\"\",\"publisher\":{\"@id\":\"https:\/\/utkanclinic.com\/en\/#organization\"},\"potentialAction\":[{\"@type\":\"SearchAction\",\"target\":{\"@type\":\"EntryPoint\",\"urlTemplate\":\"https:\/\/utkanclinic.com\/en\/?s={search_term_string}\"},\"query-input\":\"required name=search_term_string\"}],\"inLanguage\":\"en-US\"},{\"@type\":\"ImageObject\",\"@id\":\"https:\/\/utkanclinic.com\/en\/dt-engin-utkan\/#primaryimage\",\"inLanguage\":\"en-US\",\"url\":\"https:\/\/utkanclinic.com\/en\/wp-content\/uploads\/2021\/09\/Engin-Utkan-Nisantasi-Estetik-Dis-Klinigi-4x3-1.png\",\"contentUrl\":\"https:\/\/utkanclinic.com\/en\/wp-content\/uploads\/2021\/09\/Engin-Utkan-Nisantasi-Estetik-Dis-Klinigi-4x3-1.png\",\"width\":955,\"height\":789},{\"@type\":\"WebPage\",\"@id\":\"https:\/\/utkanclinic.com\/en\/dt-engin-utkan\/#webpage\",\"url\":\"https:\/\/utkanclinic.com\/en\/dt-engin-utkan\/\",\"name\":\"Engin Utkan | Cosmetic Dentistry - Utkan Clinic | Cosmetic Dentistry | Ni\\u015fanta\\u015f\\u0131\",\"isPartOf\":{\"@id\":\"https:\/\/utkanclinic.com\/en\/#website\"},\"primaryImageOfPage\":{\"@id\":\"https:\/\/utkanclinic.com\/en\/dt-engin-utkan\/#primaryimage\"},\"datePublished\":\"2021-08-25T13:40:52+00:00\",\"dateModified\":\"2021-12-28T14:11:43+00:00\",\"description\":\"Engin Utkan | Utkan carries his studies on in the areas of aesthetic dentistry, implantology and smile design while employing the methods by.\",\"breadcrumb\":{\"@id\":\"https:\/\/utkanclinic.com\/en\/dt-engin-utkan\/#breadcrumb\"},\"inLanguage\":\"en-US\",\"potentialAction\":[{\"@type\":\"ReadAction\",\"target\":[\"https:\/\/utkanclinic.com\/en\/dt-engin-utkan\/\"]}]},{\"@type\":\"BreadcrumbList\",\"@id\":\"https:\/\/utkanclinic.com\/en\/dt-engin-utkan\/#breadcrumb\",\"itemListElement\":[{\"@type\":\"ListItem\",\"position\":1,\"name\":\"Home\",\"item\":\"https:\/\/utkanclinic.com\/en\/\"},{\"@type\":\"ListItem\",\"position\":2,\"name\":\"Engin Utkan | Cosmetic Dentistry\"}]}]}<\/script>\n<!-- \/ Yoast SEO Premium plugin. -->","yoast_head_json":{"title":"Engin Utkan | Cosmetic Dentistry - Utkan Clinic | Cosmetic Dentistry | Ni\u015fanta\u015f\u0131","description":"Engin Utkan | Utkan carries his studies on in the areas of aesthetic dentistry, implantology and smile design while employing the methods by.","robots":{"index":"index","follow":"follow","max-snippet":"max-snippet:-1","max-image-preview":"max-image-preview:large","max-video-preview":"max-video-preview:-1"},"canonical":"https:\/\/utkanclinic.com\/en\/dt-engin-utkan\/","og_locale":"en_US","og_type":"article","og_title":"Engin Utkan | Cosmetic Dentistry","og_description":"Engin Utkan | Utkan carries his studies on in the areas of aesthetic dentistry, implantology and smile design while employing the methods by.","og_url":"https:\/\/utkanclinic.com\/en\/dt-engin-utkan\/","og_site_name":"Utkan Clinic | Cosmetic Dentistry | Ni\u015fanta\u015f\u0131","article_publisher":"https:\/\/www.youtube.com\/channel\/UClLTUTKw4M-Tth_Aq397GgQ","article_modified_time":"2021-12-28T14:11:43+00:00","og_image":[{"width":955,"height":789,"url":"https:\/\/utkanclinic.com\/en\/wp-content\/uploads\/2021\/09\/Engin-Utkan-Nisantasi-Estetik-Dis-Klinigi-4x3-1.png","path":"\/var\/www\/vhosts\/utkanclinic.com\/httpdocs\/en\/wp-content\/uploads\/2021\/09\/Engin-Utkan-Nisantasi-Estetik-Dis-Klinigi-4x3-1.png","size":"full","id":2361,"alt":"","pixels":753495,"type":"image\/png"}],"twitter_card":"summary_large_image","schema":{"@context":"https:\/\/schema.org","@graph":[{"@type":"Organization","@id":"https:\/\/utkanclinic.com\/en\/#organization","name":"Utkan Clinic | Cosmetic Dentistry | Ni\u015fanta\u015f\u0131","url":"https:\/\/utkanclinic.com\/en\/","sameAs":["https:\/\/www.youtube.com\/channel\/UClLTUTKw4M-Tth_Aq397GgQ","https:\/\/www.instagram.com\/drenginutkan\/","https:\/\/www.youtube.com\/channel\/UClLTUTKw4M-Tth_Aq397GgQ"],"logo":{"@type":"ImageObject","@id":"https:\/\/utkanclinic.com\/en\/#logo","inLanguage":"en-US","url":"https:\/\/utkanclinic.com\/en\/wp-content\/uploads\/2021\/09\/Utkan-Clinic-Logo.jpg","contentUrl":"https:\/\/utkanclinic.com\/en\/wp-content\/uploads\/2021\/09\/Utkan-Clinic-Logo.jpg","width":1730,"height":839,"caption":"Utkan Clinic | Cosmetic Dentistry | Ni\u015fanta\u015f\u0131"},"image":{"@id":"https:\/\/utkanclinic.com\/en\/#logo"}},{"@type":"WebSite","@id":"https:\/\/utkanclinic.com\/en\/#website","url":"https:\/\/utkanclinic.com\/en\/","name":"Utkan Clinic | Cosmetic Dentistry | Ni\u015fanta\u015f\u0131","description":"","publisher":{"@id":"https:\/\/utkanclinic.com\/en\/#organization"},"potentialAction":[{"@type":"SearchAction","target":{"@type":"EntryPoint","urlTemplate":"https:\/\/utkanclinic.com\/en\/?s={search_term_string}"},"query-input":"required name=search_term_string"}],"inLanguage":"en-US"},{"@type":"ImageObject","@id":"https:\/\/utkanclinic.com\/en\/dt-engin-utkan\/#primaryimage","inLanguage":"en-US","url":"https:\/\/utkanclinic.com\/en\/wp-content\/uploads\/2021\/09\/Engin-Utkan-Nisantasi-Estetik-Dis-Klinigi-4x3-1.png","contentUrl":"https:\/\/utkanclinic.com\/en\/wp-content\/uploads\/2021\/09\/Engin-Utkan-Nisantasi-Estetik-Dis-Klinigi-4x3-1.png","width":955,"height":789},{"@type":"WebPage","@id":"https:\/\/utkanclinic.com\/en\/dt-engin-utkan\/#webpage","url":"https:\/\/utkanclinic.com\/en\/dt-engin-utkan\/","name":"Engin Utkan | Cosmetic Dentistry - Utkan Clinic | Cosmetic Dentistry | Ni\u015fanta\u015f\u0131","isPartOf":{"@id":"https:\/\/utkanclinic.com\/en\/#website"},"primaryImageOfPage":{"@id":"https:\/\/utkanclinic.com\/en\/dt-engin-utkan\/#primaryimage"},"datePublished":"2021-08-25T13:40:52+00:00","dateModified":"2021-12-28T14:11:43+00:00","description":"Engin Utkan | Utkan carries his studies on in the areas of aesthetic dentistry, implantology and smile design while employing the methods by.","breadcrumb":{"@id":"https:\/\/utkanclinic.com\/en\/dt-engin-utkan\/#breadcrumb"},"inLanguage":"en-US","potentialAction":[{"@type":"ReadAction","target":["https:\/\/utkanclinic.com\/en\/dt-engin-utkan\/"]}]},{"@type":"BreadcrumbList","@id":"https:\/\/utkanclinic.com\/en\/dt-engin-utkan\/#breadcrumb","itemListElement":[{"@type":"ListItem","position":1,"name":"Home","item":"https:\/\/utkanclinic.com\/en\/"},{"@type":"ListItem","position":2,"name":"Engin Utkan | Cosmetic Dentistry"}]}]}},"_links":{"self":[{"href":"https:\/\/utkanclinic.com\/en\/wp-json\/wp\/v2\/pages\/84","targetHints":{"allow":["GET"]}}],"collection":[{"href":"https:\/\/utkanclinic.com\/en\/wp-json\/wp\/v2\/pages"}],"about":[{"href":"https:\/\/utkanclinic.com\/en\/wp-json\/wp\/v2\/types\/page"}],"author":[{"embeddable":true,"href":"https:\/\/utkanclinic.com\/en\/wp-json\/wp\/v2\/users\/1"}],"replies":[{"embeddable":true,"href":"https:\/\/utkanclinic.com\/en\/wp-json\/wp\/v2\/comments?post=84"}],"version-history":[{"count":16,"href":"https:\/\/utkanclinic.com\/en\/wp-json\/wp\/v2\/pages\/84\/revisions"}],"predecessor-version":[{"id":2722,"href":"https:\/\/utkanclinic.com\/en\/wp-json\/wp\/v2\/pages\/84\/revisions\/2722"}],"wp:featuredmedia":[{"embeddable":true,"href":"https:\/\/utkanclinic.com\/en\/wp-json\/wp\/v2\/media\/2361"}],"wp:attachment":[{"href":"https:\/\/utkanclinic.com\/en\/wp-json\/wp\/v2\/media?parent=84"}],"curies":[{"name":"wp","href":"https:\/\/api.w.org\/{rel}","templated":true}]}}