{"id":3,"date":"2021-08-25T13:40:53","date_gmt":"2021-08-25T10:40:53","guid":{"rendered":"https:\/\/utkanclinic.com\/en\/?page_id=3"},"modified":"2021-12-28T17:15:34","modified_gmt":"2021-12-28T14:15:34","slug":"privacy-policy","status":"publish","type":"page","link":"https:\/\/utkanclinic.com\/en\/privacy-policy\/","title":{"rendered":"Privacy Policy"},"content":{"rendered":"\t\t<div data-elementor-type=\"wp-page\" data-elementor-id=\"3\" class=\"elementor elementor-3\" data-elementor-settings=\"[]\">\n\t\t\t\t\t\t\t<div class=\"elementor-section-wrap\">\n\t\t\t\t\t\t\t<section class=\"elementor-section elementor-top-section elementor-element elementor-element-4b7a0672 elementor-section-boxed elementor-section-height-default elementor-section-height-default\" data-id=\"4b7a0672\" data-element_type=\"section\" data-settings=\"{&quot;background_background&quot;:&quot;classic&quot;}\">\n\t\t\t\t\t\t\t<div class=\"elementor-background-overlay\"><\/div>\n\t\t\t\t\t\t\t<div class=\"elementor-container elementor-column-gap-default\">\n\t\t\t\t\t<div class=\"elementor-column elementor-col-100 elementor-top-column elementor-element elementor-element-5ff7d962\" data-id=\"5ff7d962\" data-element_type=\"column\">\n\t\t\t<div class=\"elementor-widget-wrap elementor-element-populated\">\n\t\t\t\t\t\t\t\t<div class=\"elementor-element elementor-element-1c3132c elementor-widget elementor-widget-text-editor\" data-id=\"1c3132c\" data-element_type=\"widget\" data-widget_type=\"text-editor.default\">\n\t\t\t\t<div class=\"elementor-widget-container\">\n\t\t\t\t\t\t\t<div class=\"entry-content container\"><div class=\"tt-shortcode_vc_row vc_row wpb_row vc_row-fluid\"><div class=\"wpb_column vc_column_container vc_col-sm-9\"><div class=\"tt-shortcode_vc_clmn vc_column-inner \"><div class=\"wpb_wrapper\"><div class=\"wpb_text_column wpb_content_element \"><div class=\"tt_shortcode_vc_text wpb_wrapper\"><p><strong>PRIVACY POLICY<\/strong><\/p><p>PDPA &#8211; Personal Data Protection Act Website Information Notice<\/p><p>Data Controller: Utkan Oral And Dental Health Clinic<br \/>Adress: Vehbi Bey Apt. 18\/1, Ma\u00e7ka Road,Harbiye, \u015ei\u015fli\/\u0130stanbul, 34363<\/p><p>The personal and private data you shared are processed in regards to Personal Data Protection Act, within medical legislation, related with our services and activity aims as restricted and restrained. Please read our patient PDPA that is prepared for our patients seperately.<\/p><p>Acquisition Method of Your Data and Legal Reason<br \/>Your verbal and written personal data can be gathered from Whatsapp or from any electronic environment. When you fill our form in the &#8220;reach us&#8221; section, in here a data gathering activity related with the cause will be done. Your personal information, examination data, health data, treatment records, various verbal and written contracts, petitions, interviews, litigations or every paper gathered in the debt enforcement proceedings are processed in regards to situtation of the solid case which requires given health services. No data is processed on this website by us and log records (ip number, time stamp, traffic info) may be kept by domain provider informatics company within the law number 5651. There&#8217;s no cookie usage in our website. Website adress, contact number are given in the application in order to give information about services we provide.<\/p><p>These data of yours either can be gathered from automatic methods like Whatsapp etc. writing apps, e-mail, internet, disks, CD\/DVD, memory cards, phone or similar electronic or internet based devices; or nonatuomated methods like forms, contracts, notifications, judical or authority decisions.<\/p><p>Secrecy commitments are taken within the made union protocol within PDPA with patient records database service providers, medical consumable providers and special hospital or laboratories that we work<br \/>coordinately. Sent resumes are not processed before they are required for job applications. If creation of a resume pool is wanted, an explicit consent application will be done.<\/p><p>Legal reasons of procession of your personal data:<br \/>1. Your data like identity and adress information is required by legislation on taxation times. And their execution is necessary.<br \/>2. Our clinic&#8217;s legal obligations of keeping files, hiding and reporting of information and sharing with the competent authorities caused by the health legislation is necessary.<br \/>3. It&#8217;s necessary for the execution of the contract.<br \/>4. Protection, usage and providation of our clinic&#8217;s rights and receivables<br \/>5. Express consent when necessary.<\/p><p>PURPOSE OF PROCESSING OF YOUR PERSONAL DATA<br \/>Your data, within principles written in PDPA article 4\/2 and anticipated activity within the health legislation will be processed in order to purpose of provide you to benefit of the services, hold the file which is imposed by legislation, hide and report information, taxation and obey other obligations.<br \/>Your personal data, if there won\u2019t be a fixation in the time space given within the legislation, with relations to the legitimate benefits and expressed consent, will be disposed after kept enough time. Digital data will be disposed non-recyclable, and papers will be shredded. If relevant individual requests the immediate disposal, it will be done within the terms of legislation.<br \/>Hiding of the personal data and the hiding times in our disposal policy is eleboratively planned. Generally contract time is applied as 10 years, industrial law 10 years, tax records 10 years; and after the end of the health record services, it is applied for 30 years.<\/p><p>Transfer of your Personal Data<br \/>Your personal data is not transferred abroad as a matter of principle. But during the usage of abroad services like patients\u2019 record and appointment database, e-mails like gmail, whatsapp, your data may be issued abroad unwillingly. Our foreign patients\u2019 data might be shared with abroad adresses for their insurance policy processes or health tourism processes, if needed. <br \/>Your personal data, with the purposes as noted above, within PDPA and other obligations will be transferred to anticipated situations in the legislation about domestic institutions and organizations, regulatory and supervisory authorities, social security institutions (SSI), courts, prosecution offices, management authorities and other official authorities.<\/p><p>Your Rights As The Relevant Person Whose Data Are Processed<br \/>Within PDPA law number 11 and other valid legislation;<br \/>&#8211; Learning if your personal data is whether processed or not<br \/>&#8211; Request information about your possible processed data<br \/>&#8211; Learning of your personal data\u2019s process reason and if they were used properly<br \/>&#8211; Knowing about the third people abroad or domestically that your personal data were transferred<br \/>&#8211; Requesting a correction about wrong or misising processed data <br \/>&#8211; Within the anticipated conditions of PDPA, requesting removal or disposal of your data<br \/>&#8211; When your data will be removed or disposed, requesting the notification of the third people who were aware of your personal data about it.<br \/>&#8211; Protesting a result against you which is the result of processed data\u2019s analyse done exclusively by automatic systems<br \/>&#8211; Requesting the recovery of your loss due to illegal processing of your personal data if you suffer any loss<\/p><p><br \/>RULES AND PROCEDURES TO FOLLOW WHEN YOU ASSERT YOUR REQUESTS<br \/>You, as the relevant individual about personal data can send your rights which were explained above, explanations about your right which you requested to use in a clear and understandable way to the adress of Vehbi Bey Apt. 18\/1, Ma\u00e7ka Road,Harbiye, \u015ei\u015fli\/\u0130stanbul, 34363 with wet signature via mail. The necessity of the issues which serve as basis to your application may be required and your application must include your identification and adress informations. Identity authentication will be done with the restricted information of yours which we possess. If you will apply for somebody else, you need to apply with a special authorized warrant. There isn\u2019t any special type for application and you can use the application form which is on our website. Writing your request clearly will make you get a solid and clear answer.<\/p><\/div><\/div><\/div><\/div><\/div><\/div><\/div>\t\t\t\t\t\t<\/div>\n\t\t\t\t<\/div>\n\t\t\t\t\t<\/div>\n\t\t<\/div>\n\t\t\t\t\t\t\t<\/div>\n\t\t<\/section>\n\t\t\t\t\t\t<\/div>\n\t\t\t\t\t<\/div>\n\t\t","protected":false},"excerpt":{"rendered":"<p>PRIVACY POLICY PDPA &#8211; Personal Data Protection Act Website Information Notice Data Controller: Utkan Oral And Dental Health Clinic Adress: Vehbi Bey Apt. 18\/1, Ma\u00e7ka Road,Harbiye, \u015ei\u015fli\/\u0130stanbul, 34363 The personal and private data you shared are processed in regards to Personal Data Protection Act, within medical legislation, related with our services and activity aims as [&hellip;]<\/p>\n","protected":false},"author":1,"featured_media":0,"parent":0,"menu_order":0,"comment_status":"closed","ping_status":"open","template":"","meta":{"_joinchat":[],"footnotes":""},"class_list":["post-3","page","type-page","status-publish","hentry"],"yoast_head":"<!-- This site is optimized with the Yoast SEO Premium plugin v17.1 (Yoast SEO v17.1) - https:\/\/yoast.com\/wordpress\/plugins\/seo\/ -->\n<title>Privacy Policy - Utkan Clinic | Cosmetic Dentistry | Ni\u015fanta\u015f\u0131<\/title>\n<meta name=\"robots\" content=\"noindex, nofollow\" \/>\n<meta property=\"og:locale\" content=\"en_US\" \/>\n<meta property=\"og:type\" content=\"article\" \/>\n<meta property=\"og:title\" content=\"Privacy Policy\" \/>\n<meta property=\"og:description\" content=\"PRIVACY POLICY PDPA &#8211; Personal Data Protection Act Website Information Notice Data Controller: Utkan Oral And Dental Health Clinic Adress: Vehbi Bey Apt. 18\/1, Ma\u00e7ka Road,Harbiye, \u015ei\u015fli\/\u0130stanbul, 34363 The personal and private data you shared are processed in regards to Personal Data Protection Act, within medical legislation, related with our services and activity aims as [&hellip;]\" \/>\n<meta property=\"og:url\" content=\"https:\/\/utkanclinic.com\/en\/privacy-policy\/\" \/>\n<meta property=\"og:site_name\" content=\"Utkan Clinic | Cosmetic Dentistry | Ni\u015fanta\u015f\u0131\" \/>\n<meta property=\"article:publisher\" content=\"https:\/\/www.youtube.com\/channel\/UClLTUTKw4M-Tth_Aq397GgQ\" \/>\n<meta property=\"article:modified_time\" content=\"2021-12-28T14:15:34+00:00\" \/>\n<meta name=\"twitter:card\" content=\"summary_large_image\" \/>\n<meta name=\"twitter:label1\" content=\"Est. reading time\" \/>\n\t<meta name=\"twitter:data1\" content=\"5 minutes\" \/>\n<script type=\"application\/ld+json\" class=\"yoast-schema-graph\">{\"@context\":\"https:\/\/schema.org\",\"@graph\":[{\"@type\":\"Organization\",\"@id\":\"https:\/\/utkanclinic.com\/en\/#organization\",\"name\":\"Utkan Clinic | Cosmetic Dentistry | Ni\\u015fanta\\u015f\\u0131\",\"url\":\"https:\/\/utkanclinic.com\/en\/\",\"sameAs\":[\"https:\/\/www.youtube.com\/channel\/UClLTUTKw4M-Tth_Aq397GgQ\",\"https:\/\/www.instagram.com\/drenginutkan\/\",\"https:\/\/www.youtube.com\/channel\/UClLTUTKw4M-Tth_Aq397GgQ\"],\"logo\":{\"@type\":\"ImageObject\",\"@id\":\"https:\/\/utkanclinic.com\/en\/#logo\",\"inLanguage\":\"en-US\",\"url\":\"https:\/\/utkanclinic.com\/en\/wp-content\/uploads\/2021\/09\/Utkan-Clinic-Logo.jpg\",\"contentUrl\":\"https:\/\/utkanclinic.com\/en\/wp-content\/uploads\/2021\/09\/Utkan-Clinic-Logo.jpg\",\"width\":1730,\"height\":839,\"caption\":\"Utkan Clinic | Cosmetic Dentistry | Ni\\u015fanta\\u015f\\u0131\"},\"image\":{\"@id\":\"https:\/\/utkanclinic.com\/en\/#logo\"}},{\"@type\":\"WebSite\",\"@id\":\"https:\/\/utkanclinic.com\/en\/#website\",\"url\":\"https:\/\/utkanclinic.com\/en\/\",\"name\":\"Utkan Clinic | Cosmetic Dentistry | Ni\\u015fanta\\u015f\\u0131\",\"description\":\"\",\"publisher\":{\"@id\":\"https:\/\/utkanclinic.com\/en\/#organization\"},\"potentialAction\":[{\"@type\":\"SearchAction\",\"target\":{\"@type\":\"EntryPoint\",\"urlTemplate\":\"https:\/\/utkanclinic.com\/en\/?s={search_term_string}\"},\"query-input\":\"required name=search_term_string\"}],\"inLanguage\":\"en-US\"},{\"@type\":\"WebPage\",\"@id\":\"https:\/\/utkanclinic.com\/en\/privacy-policy\/#webpage\",\"url\":\"https:\/\/utkanclinic.com\/en\/privacy-policy\/\",\"name\":\"Privacy Policy - Utkan Clinic | Cosmetic Dentistry | Ni\\u015fanta\\u015f\\u0131\",\"isPartOf\":{\"@id\":\"https:\/\/utkanclinic.com\/en\/#website\"},\"datePublished\":\"2021-08-25T10:40:53+00:00\",\"dateModified\":\"2021-12-28T14:15:34+00:00\",\"breadcrumb\":{\"@id\":\"https:\/\/utkanclinic.com\/en\/privacy-policy\/#breadcrumb\"},\"inLanguage\":\"en-US\",\"potentialAction\":[{\"@type\":\"ReadAction\",\"target\":[\"https:\/\/utkanclinic.com\/en\/privacy-policy\/\"]}]},{\"@type\":\"BreadcrumbList\",\"@id\":\"https:\/\/utkanclinic.com\/en\/privacy-policy\/#breadcrumb\",\"itemListElement\":[{\"@type\":\"ListItem\",\"position\":1,\"name\":\"Home\",\"item\":\"https:\/\/utkanclinic.com\/en\/\"},{\"@type\":\"ListItem\",\"position\":2,\"name\":\"Privacy Policy\"}]}]}<\/script>\n<!-- \/ Yoast SEO Premium plugin. -->","yoast_head_json":{"title":"Privacy Policy - Utkan Clinic | Cosmetic Dentistry | Ni\u015fanta\u015f\u0131","robots":{"index":"noindex","follow":"nofollow"},"og_locale":"en_US","og_type":"article","og_title":"Privacy Policy","og_description":"PRIVACY POLICY PDPA &#8211; Personal Data Protection Act Website Information Notice Data Controller: Utkan Oral And Dental Health Clinic Adress: Vehbi Bey Apt. 18\/1, Ma\u00e7ka Road,Harbiye, \u015ei\u015fli\/\u0130stanbul, 34363 The personal and private data you shared are processed in regards to Personal Data Protection Act, within medical legislation, related with our services and activity aims as [&hellip;]","og_url":"https:\/\/utkanclinic.com\/en\/privacy-policy\/","og_site_name":"Utkan Clinic | Cosmetic Dentistry | Ni\u015fanta\u015f\u0131","article_publisher":"https:\/\/www.youtube.com\/channel\/UClLTUTKw4M-Tth_Aq397GgQ","article_modified_time":"2021-12-28T14:15:34+00:00","twitter_card":"summary_large_image","twitter_misc":{"Est. reading time":"5 minutes"},"schema":{"@context":"https:\/\/schema.org","@graph":[{"@type":"Organization","@id":"https:\/\/utkanclinic.com\/en\/#organization","name":"Utkan Clinic | Cosmetic Dentistry | Ni\u015fanta\u015f\u0131","url":"https:\/\/utkanclinic.com\/en\/","sameAs":["https:\/\/www.youtube.com\/channel\/UClLTUTKw4M-Tth_Aq397GgQ","https:\/\/www.instagram.com\/drenginutkan\/","https:\/\/www.youtube.com\/channel\/UClLTUTKw4M-Tth_Aq397GgQ"],"logo":{"@type":"ImageObject","@id":"https:\/\/utkanclinic.com\/en\/#logo","inLanguage":"en-US","url":"https:\/\/utkanclinic.com\/en\/wp-content\/uploads\/2021\/09\/Utkan-Clinic-Logo.jpg","contentUrl":"https:\/\/utkanclinic.com\/en\/wp-content\/uploads\/2021\/09\/Utkan-Clinic-Logo.jpg","width":1730,"height":839,"caption":"Utkan Clinic | Cosmetic Dentistry | Ni\u015fanta\u015f\u0131"},"image":{"@id":"https:\/\/utkanclinic.com\/en\/#logo"}},{"@type":"WebSite","@id":"https:\/\/utkanclinic.com\/en\/#website","url":"https:\/\/utkanclinic.com\/en\/","name":"Utkan Clinic | Cosmetic Dentistry | Ni\u015fanta\u015f\u0131","description":"","publisher":{"@id":"https:\/\/utkanclinic.com\/en\/#organization"},"potentialAction":[{"@type":"SearchAction","target":{"@type":"EntryPoint","urlTemplate":"https:\/\/utkanclinic.com\/en\/?s={search_term_string}"},"query-input":"required name=search_term_string"}],"inLanguage":"en-US"},{"@type":"WebPage","@id":"https:\/\/utkanclinic.com\/en\/privacy-policy\/#webpage","url":"https:\/\/utkanclinic.com\/en\/privacy-policy\/","name":"Privacy Policy - Utkan Clinic | Cosmetic Dentistry | Ni\u015fanta\u015f\u0131","isPartOf":{"@id":"https:\/\/utkanclinic.com\/en\/#website"},"datePublished":"2021-08-25T10:40:53+00:00","dateModified":"2021-12-28T14:15:34+00:00","breadcrumb":{"@id":"https:\/\/utkanclinic.com\/en\/privacy-policy\/#breadcrumb"},"inLanguage":"en-US","potentialAction":[{"@type":"ReadAction","target":["https:\/\/utkanclinic.com\/en\/privacy-policy\/"]}]},{"@type":"BreadcrumbList","@id":"https:\/\/utkanclinic.com\/en\/privacy-policy\/#breadcrumb","itemListElement":[{"@type":"ListItem","position":1,"name":"Home","item":"https:\/\/utkanclinic.com\/en\/"},{"@type":"ListItem","position":2,"name":"Privacy Policy"}]}]}},"_links":{"self":[{"href":"https:\/\/utkanclinic.com\/en\/wp-json\/wp\/v2\/pages\/3","targetHints":{"allow":["GET"]}}],"collection":[{"href":"https:\/\/utkanclinic.com\/en\/wp-json\/wp\/v2\/pages"}],"about":[{"href":"https:\/\/utkanclinic.com\/en\/wp-json\/wp\/v2\/types\/page"}],"author":[{"embeddable":true,"href":"https:\/\/utkanclinic.com\/en\/wp-json\/wp\/v2\/users\/1"}],"replies":[{"embeddable":true,"href":"https:\/\/utkanclinic.com\/en\/wp-json\/wp\/v2\/comments?post=3"}],"version-history":[{"count":10,"href":"https:\/\/utkanclinic.com\/en\/wp-json\/wp\/v2\/pages\/3\/revisions"}],"predecessor-version":[{"id":2761,"href":"https:\/\/utkanclinic.com\/en\/wp-json\/wp\/v2\/pages\/3\/revisions\/2761"}],"wp:attachment":[{"href":"https:\/\/utkanclinic.com\/en\/wp-json\/wp\/v2\/media?parent=3"}],"curies":[{"name":"wp","href":"https:\/\/api.w.org\/{rel}","templated":true}]}}