{"id":1908,"date":"2021-09-27T17:16:12","date_gmt":"2021-09-27T14:16:12","guid":{"rendered":"https:\/\/utkanclinic.com\/en\/?page_id=1908"},"modified":"2021-12-28T17:15:13","modified_gmt":"2021-12-28T14:15:13","slug":"oral-and-maxillofacial-surgery","status":"publish","type":"page","link":"https:\/\/utkanclinic.com\/en\/oral-and-maxillofacial-surgery\/","title":{"rendered":"Oral And Maxillofacial Surgery"},"content":{"rendered":"\t\t<div data-elementor-type=\"wp-page\" data-elementor-id=\"1908\" class=\"elementor elementor-1908\" data-elementor-settings=\"[]\">\n\t\t\t\t\t\t\t<div class=\"elementor-section-wrap\">\n\t\t\t\t\t\t\t<section class=\"elementor-section elementor-top-section elementor-element elementor-element-2ea9a7d7 elementor-section-boxed elementor-section-height-default elementor-section-height-default\" data-id=\"2ea9a7d7\" data-element_type=\"section\" data-settings=\"{&quot;background_background&quot;:&quot;classic&quot;}\">\n\t\t\t\t\t\t<div class=\"elementor-container elementor-column-gap-default\">\n\t\t\t\t\t<div class=\"elementor-column elementor-col-100 elementor-top-column elementor-element elementor-element-4d9b83bd\" data-id=\"4d9b83bd\" data-element_type=\"column\">\n\t\t\t<div class=\"elementor-widget-wrap elementor-element-populated\">\n\t\t\t\t\t\t\t\t<div class=\"elementor-element elementor-element-6e738fe3 elementor-grid-2 elementor-grid-tablet-2 elementor-grid-mobile-1 elementor-posts--thumbnail-top elementor-posts--show-avatar elementor-card-shadow-yes elementor-posts__hover-gradient elementor-widget elementor-widget-posts\" data-id=\"6e738fe3\" data-element_type=\"widget\" data-settings=\"{&quot;cards_columns&quot;:&quot;2&quot;,&quot;cards_columns_tablet&quot;:&quot;2&quot;,&quot;cards_columns_mobile&quot;:&quot;1&quot;,&quot;cards_row_gap&quot;:{&quot;unit&quot;:&quot;px&quot;,&quot;size&quot;:35,&quot;sizes&quot;:[]}}\" data-widget_type=\"posts.cards\">\n\t\t\t\t<div class=\"elementor-widget-container\">\n\t\t\t\t\t<div class=\"elementor-posts-container elementor-posts elementor-posts--skin-cards elementor-grid\">\n\t\t\t\t<article class=\"elementor-post elementor-grid-item post-52 post type-post status-publish format-standard has-post-thumbnail hentry category-oral-and-maxillofacial-surgery category-treatments\">\n\t\t\t<div class=\"elementor-post__card\">\n\t\t\t\t<a class=\"elementor-post__thumbnail__link\" href=\"https:\/\/utkanclinic.com\/en\/wisdom-tooth-extraction\/\" >\n\t\t\t<div class=\"elementor-post__thumbnail\"><img loading=\"lazy\" decoding=\"async\" width=\"800\" height=\"400\" src=\"https:\/\/utkanclinic.com\/en\/wp-content\/uploads\/2021\/08\/20-lik-dis-cekimi-1024x512.jpg\" class=\"attachment-large size-large\" alt=\"\" srcset=\"https:\/\/utkanclinic.com\/en\/wp-content\/uploads\/2021\/08\/20-lik-dis-cekimi-1024x512.jpg 1024w, https:\/\/utkanclinic.com\/en\/wp-content\/uploads\/2021\/08\/20-lik-dis-cekimi-300x150.jpg 300w, https:\/\/utkanclinic.com\/en\/wp-content\/uploads\/2021\/08\/20-lik-dis-cekimi-768x384.jpg 768w, https:\/\/utkanclinic.com\/en\/wp-content\/uploads\/2021\/08\/20-lik-dis-cekimi.jpg 1536w\" sizes=\"auto, (max-width: 800px) 100vw, 800px\" \/><\/div>\n\t\t<\/a>\n\t\t\t\t<div class=\"elementor-post__avatar\">\n\t\t\t\t\t<\/div>\n\t\t\t\t<div class=\"elementor-post__text\">\n\t\t\t\t<h3 class=\"elementor-post__title\">\n\t\t\t<a href=\"https:\/\/utkanclinic.com\/en\/wisdom-tooth-extraction\/\" >\n\t\t\t\tWisdom Teeth Extraction\t\t\t<\/a>\n\t\t<\/h3>\n\t\t\t\t<div class=\"elementor-post__excerpt\">\n\t\t\t\t\t<\/div>\n\t\t\t\t\t<a class=\"elementor-post__read-more\" href=\"https:\/\/utkanclinic.com\/en\/wisdom-tooth-extraction\/\" >\n\t\t\t\tRead more \u00bb\t\t\t<\/a>\n\t\t\t\t<\/div>\n\t\t\t\t\t<\/div>\n\t\t<\/article>\n\t\t\t\t<article class=\"elementor-post elementor-grid-item post-54 post type-post status-publish format-standard has-post-thumbnail hentry category-oral-and-maxillofacial-surgery category-treatments\">\n\t\t\t<div class=\"elementor-post__card\">\n\t\t\t\t<a class=\"elementor-post__thumbnail__link\" href=\"https:\/\/utkanclinic.com\/en\/dental-extraction\/\" >\n\t\t\t<div class=\"elementor-post__thumbnail\"><img loading=\"lazy\" decoding=\"async\" width=\"800\" height=\"682\" src=\"https:\/\/utkanclinic.com\/en\/wp-content\/uploads\/2021\/08\/Kanal-tedavisi-nisantasi-utkan-dis-klinigi-i11-1024x873.jpg\" class=\"attachment-large size-large\" alt=\"\" srcset=\"https:\/\/utkanclinic.com\/en\/wp-content\/uploads\/2021\/08\/Kanal-tedavisi-nisantasi-utkan-dis-klinigi-i11-1024x873.jpg 1024w, https:\/\/utkanclinic.com\/en\/wp-content\/uploads\/2021\/08\/Kanal-tedavisi-nisantasi-utkan-dis-klinigi-i11-300x256.jpg 300w, https:\/\/utkanclinic.com\/en\/wp-content\/uploads\/2021\/08\/Kanal-tedavisi-nisantasi-utkan-dis-klinigi-i11-768x655.jpg 768w, https:\/\/utkanclinic.com\/en\/wp-content\/uploads\/2021\/08\/Kanal-tedavisi-nisantasi-utkan-dis-klinigi-i11.jpg 1333w\" sizes=\"auto, (max-width: 800px) 100vw, 800px\" \/><\/div>\n\t\t<\/a>\n\t\t\t\t<div class=\"elementor-post__avatar\">\n\t\t\t\t\t<\/div>\n\t\t\t\t<div class=\"elementor-post__text\">\n\t\t\t\t<h3 class=\"elementor-post__title\">\n\t\t\t<a href=\"https:\/\/utkanclinic.com\/en\/dental-extraction\/\" >\n\t\t\t\tDental Extraction\t\t\t<\/a>\n\t\t<\/h3>\n\t\t\t\t<div class=\"elementor-post__excerpt\">\n\t\t\t\t\t<\/div>\n\t\t\t\t\t<a class=\"elementor-post__read-more\" href=\"https:\/\/utkanclinic.com\/en\/dental-extraction\/\" >\n\t\t\t\tRead more \u00bb\t\t\t<\/a>\n\t\t\t\t<\/div>\n\t\t\t\t\t<\/div>\n\t\t<\/article>\n\t\t\t\t<article class=\"elementor-post elementor-grid-item post-56 post type-post status-publish format-standard has-post-thumbnail hentry category-oral-and-maxillofacial-surgery category-treatments\">\n\t\t\t<div class=\"elementor-post__card\">\n\t\t\t\t<a class=\"elementor-post__thumbnail__link\" href=\"https:\/\/utkanclinic.com\/en\/sinus-lifting-dental-graft\/\" >\n\t\t\t<div class=\"elementor-post__thumbnail\"><img loading=\"lazy\" decoding=\"async\" width=\"800\" height=\"711\" src=\"https:\/\/utkanclinic.com\/en\/wp-content\/uploads\/2021\/08\/Sinus-lifting.png\" class=\"attachment-large size-large\" alt=\"\" srcset=\"https:\/\/utkanclinic.com\/en\/wp-content\/uploads\/2021\/08\/Sinus-lifting.png 959w, https:\/\/utkanclinic.com\/en\/wp-content\/uploads\/2021\/08\/Sinus-lifting-300x267.png 300w, https:\/\/utkanclinic.com\/en\/wp-content\/uploads\/2021\/08\/Sinus-lifting-768x682.png 768w\" sizes=\"auto, (max-width: 800px) 100vw, 800px\" \/><\/div>\n\t\t<\/a>\n\t\t\t\t<div class=\"elementor-post__avatar\">\n\t\t\t\t\t<\/div>\n\t\t\t\t<div class=\"elementor-post__text\">\n\t\t\t\t<h3 class=\"elementor-post__title\">\n\t\t\t<a href=\"https:\/\/utkanclinic.com\/en\/sinus-lifting-dental-graft\/\" >\n\t\t\t\tSinus Lifting \/ Dental Graft\t\t\t<\/a>\n\t\t<\/h3>\n\t\t\t\t<div class=\"elementor-post__excerpt\">\n\t\t\t\t\t<\/div>\n\t\t\t\t\t<a class=\"elementor-post__read-more\" href=\"https:\/\/utkanclinic.com\/en\/sinus-lifting-dental-graft\/\" >\n\t\t\t\tRead more \u00bb\t\t\t<\/a>\n\t\t\t\t<\/div>\n\t\t\t\t\t<\/div>\n\t\t<\/article>\n\t\t\t\t<\/div>\n\t\t\t\t<\/div>\n\t\t\t\t<\/div>\n\t\t\t\t\t<\/div>\n\t\t<\/div>\n\t\t\t\t\t\t\t<\/div>\n\t\t<\/section>\n\t\t\t\t\t\t<\/div>\n\t\t\t\t\t<\/div>\n\t\t","protected":false},"excerpt":{"rendered":"","protected":false},"author":1,"featured_media":1337,"parent":0,"menu_order":0,"comment_status":"closed","ping_status":"closed","template":"","meta":{"_joinchat":[],"footnotes":""},"class_list":["post-1908","page","type-page","status-publish","has-post-thumbnail","hentry"],"yoast_head":"<!-- This site is optimized with the Yoast SEO Premium plugin v17.1 (Yoast SEO v17.1) - https:\/\/yoast.com\/wordpress\/plugins\/seo\/ -->\n<title>Oral And Maxillofacial Surgery - Utkan Clinic | Cosmetic Dentistry | Ni\u015fanta\u015f\u0131<\/title>\n<meta name=\"description\" content=\"Oral And Maxillofacial Surgery | Wisdom Teeth Extraction | Dental Extraction | Sinus Lifting \/ Dental Graft\" \/>\n<meta name=\"robots\" content=\"index, follow, max-snippet:-1, max-image-preview:large, max-video-preview:-1\" \/>\n<link rel=\"canonical\" href=\"https:\/\/utkanclinic.com\/en\/oral-and-maxillofacial-surgery\/\" \/>\n<meta property=\"og:locale\" content=\"en_US\" \/>\n<meta property=\"og:type\" content=\"article\" \/>\n<meta property=\"og:title\" content=\"Oral And Maxillofacial Surgery\" \/>\n<meta property=\"og:description\" content=\"Oral And Maxillofacial Surgery | Wisdom Teeth Extraction | Dental Extraction | Sinus Lifting \/ Dental Graft\" \/>\n<meta property=\"og:url\" content=\"https:\/\/utkanclinic.com\/en\/oral-and-maxillofacial-surgery\/\" \/>\n<meta property=\"og:site_name\" content=\"Utkan Clinic | Cosmetic Dentistry | Ni\u015fanta\u015f\u0131\" \/>\n<meta property=\"article:publisher\" content=\"https:\/\/www.youtube.com\/channel\/UClLTUTKw4M-Tth_Aq397GgQ\" \/>\n<meta property=\"article:modified_time\" content=\"2021-12-28T14:15:13+00:00\" \/>\n<meta property=\"og:image\" content=\"https:\/\/utkanclinic.com\/en\/wp-content\/uploads\/2021\/09\/Engin-Utkan-Nisantasi-Estetik-Dis-Klinigi-4x3-2.png\" \/>\n\t<meta property=\"og:image:width\" content=\"760\" \/>\n\t<meta property=\"og:image:height\" content=\"396\" \/>\n<meta name=\"twitter:card\" content=\"summary_large_image\" \/>\n<script type=\"application\/ld+json\" class=\"yoast-schema-graph\">{\"@context\":\"https:\/\/schema.org\",\"@graph\":[{\"@type\":\"Organization\",\"@id\":\"https:\/\/utkanclinic.com\/en\/#organization\",\"name\":\"Utkan Clinic | Cosmetic Dentistry | Ni\\u015fanta\\u015f\\u0131\",\"url\":\"https:\/\/utkanclinic.com\/en\/\",\"sameAs\":[\"https:\/\/www.youtube.com\/channel\/UClLTUTKw4M-Tth_Aq397GgQ\",\"https:\/\/www.instagram.com\/drenginutkan\/\",\"https:\/\/www.youtube.com\/channel\/UClLTUTKw4M-Tth_Aq397GgQ\"],\"logo\":{\"@type\":\"ImageObject\",\"@id\":\"https:\/\/utkanclinic.com\/en\/#logo\",\"inLanguage\":\"en-US\",\"url\":\"https:\/\/utkanclinic.com\/en\/wp-content\/uploads\/2021\/09\/Utkan-Clinic-Logo.jpg\",\"contentUrl\":\"https:\/\/utkanclinic.com\/en\/wp-content\/uploads\/2021\/09\/Utkan-Clinic-Logo.jpg\",\"width\":1730,\"height\":839,\"caption\":\"Utkan Clinic | Cosmetic Dentistry | Ni\\u015fanta\\u015f\\u0131\"},\"image\":{\"@id\":\"https:\/\/utkanclinic.com\/en\/#logo\"}},{\"@type\":\"WebSite\",\"@id\":\"https:\/\/utkanclinic.com\/en\/#website\",\"url\":\"https:\/\/utkanclinic.com\/en\/\",\"name\":\"Utkan Clinic | Cosmetic Dentistry | Ni\\u015fanta\\u015f\\u0131\",\"description\":\"\",\"publisher\":{\"@id\":\"https:\/\/utkanclinic.com\/en\/#organization\"},\"potentialAction\":[{\"@type\":\"SearchAction\",\"target\":{\"@type\":\"EntryPoint\",\"urlTemplate\":\"https:\/\/utkanclinic.com\/en\/?s={search_term_string}\"},\"query-input\":\"required name=search_term_string\"}],\"inLanguage\":\"en-US\"},{\"@type\":\"ImageObject\",\"@id\":\"https:\/\/utkanclinic.com\/en\/oral-and-maxillofacial-surgery\/#primaryimage\",\"inLanguage\":\"en-US\",\"url\":\"https:\/\/utkanclinic.com\/en\/wp-content\/uploads\/2021\/09\/Engin-Utkan-Nisantasi-Estetik-Dis-Klinigi-4x3-2.png\",\"contentUrl\":\"https:\/\/utkanclinic.com\/en\/wp-content\/uploads\/2021\/09\/Engin-Utkan-Nisantasi-Estetik-Dis-Klinigi-4x3-2.png\",\"width\":760,\"height\":396},{\"@type\":\"WebPage\",\"@id\":\"https:\/\/utkanclinic.com\/en\/oral-and-maxillofacial-surgery\/#webpage\",\"url\":\"https:\/\/utkanclinic.com\/en\/oral-and-maxillofacial-surgery\/\",\"name\":\"Oral And Maxillofacial Surgery - Utkan Clinic | Cosmetic Dentistry | Ni\\u015fanta\\u015f\\u0131\",\"isPartOf\":{\"@id\":\"https:\/\/utkanclinic.com\/en\/#website\"},\"primaryImageOfPage\":{\"@id\":\"https:\/\/utkanclinic.com\/en\/oral-and-maxillofacial-surgery\/#primaryimage\"},\"datePublished\":\"2021-09-27T14:16:12+00:00\",\"dateModified\":\"2021-12-28T14:15:13+00:00\",\"description\":\"Oral And Maxillofacial Surgery | Wisdom Teeth Extraction | Dental Extraction | Sinus Lifting \/ Dental Graft\",\"breadcrumb\":{\"@id\":\"https:\/\/utkanclinic.com\/en\/oral-and-maxillofacial-surgery\/#breadcrumb\"},\"inLanguage\":\"en-US\",\"potentialAction\":[{\"@type\":\"ReadAction\",\"target\":[\"https:\/\/utkanclinic.com\/en\/oral-and-maxillofacial-surgery\/\"]}]},{\"@type\":\"BreadcrumbList\",\"@id\":\"https:\/\/utkanclinic.com\/en\/oral-and-maxillofacial-surgery\/#breadcrumb\",\"itemListElement\":[{\"@type\":\"ListItem\",\"position\":1,\"name\":\"Home\",\"item\":\"https:\/\/utkanclinic.com\/en\/\"},{\"@type\":\"ListItem\",\"position\":2,\"name\":\"Oral And Maxillofacial Surgery\"}]}]}<\/script>\n<!-- \/ Yoast SEO Premium plugin. -->","yoast_head_json":{"title":"Oral And Maxillofacial Surgery - Utkan Clinic | Cosmetic Dentistry | Ni\u015fanta\u015f\u0131","description":"Oral And Maxillofacial Surgery | Wisdom Teeth Extraction | Dental Extraction | Sinus Lifting \/ Dental Graft","robots":{"index":"index","follow":"follow","max-snippet":"max-snippet:-1","max-image-preview":"max-image-preview:large","max-video-preview":"max-video-preview:-1"},"canonical":"https:\/\/utkanclinic.com\/en\/oral-and-maxillofacial-surgery\/","og_locale":"en_US","og_type":"article","og_title":"Oral And Maxillofacial Surgery","og_description":"Oral And Maxillofacial Surgery | Wisdom Teeth Extraction | Dental Extraction | Sinus Lifting \/ Dental Graft","og_url":"https:\/\/utkanclinic.com\/en\/oral-and-maxillofacial-surgery\/","og_site_name":"Utkan Clinic | Cosmetic Dentistry | Ni\u015fanta\u015f\u0131","article_publisher":"https:\/\/www.youtube.com\/channel\/UClLTUTKw4M-Tth_Aq397GgQ","article_modified_time":"2021-12-28T14:15:13+00:00","og_image":[{"width":760,"height":396,"url":"https:\/\/utkanclinic.com\/en\/wp-content\/uploads\/2021\/09\/Engin-Utkan-Nisantasi-Estetik-Dis-Klinigi-4x3-2.png","path":"\/var\/www\/vhosts\/utkanclinic.com\/httpdocs\/en\/wp-content\/uploads\/2021\/09\/Engin-Utkan-Nisantasi-Estetik-Dis-Klinigi-4x3-2.png","size":"full","id":"2362","alt":"","pixels":300960,"type":"image\/png"}],"twitter_card":"summary_large_image","schema":{"@context":"https:\/\/schema.org","@graph":[{"@type":"Organization","@id":"https:\/\/utkanclinic.com\/en\/#organization","name":"Utkan Clinic | Cosmetic Dentistry | Ni\u015fanta\u015f\u0131","url":"https:\/\/utkanclinic.com\/en\/","sameAs":["https:\/\/www.youtube.com\/channel\/UClLTUTKw4M-Tth_Aq397GgQ","https:\/\/www.instagram.com\/drenginutkan\/","https:\/\/www.youtube.com\/channel\/UClLTUTKw4M-Tth_Aq397GgQ"],"logo":{"@type":"ImageObject","@id":"https:\/\/utkanclinic.com\/en\/#logo","inLanguage":"en-US","url":"https:\/\/utkanclinic.com\/en\/wp-content\/uploads\/2021\/09\/Utkan-Clinic-Logo.jpg","contentUrl":"https:\/\/utkanclinic.com\/en\/wp-content\/uploads\/2021\/09\/Utkan-Clinic-Logo.jpg","width":1730,"height":839,"caption":"Utkan Clinic | Cosmetic Dentistry | Ni\u015fanta\u015f\u0131"},"image":{"@id":"https:\/\/utkanclinic.com\/en\/#logo"}},{"@type":"WebSite","@id":"https:\/\/utkanclinic.com\/en\/#website","url":"https:\/\/utkanclinic.com\/en\/","name":"Utkan Clinic | Cosmetic Dentistry | Ni\u015fanta\u015f\u0131","description":"","publisher":{"@id":"https:\/\/utkanclinic.com\/en\/#organization"},"potentialAction":[{"@type":"SearchAction","target":{"@type":"EntryPoint","urlTemplate":"https:\/\/utkanclinic.com\/en\/?s={search_term_string}"},"query-input":"required name=search_term_string"}],"inLanguage":"en-US"},{"@type":"ImageObject","@id":"https:\/\/utkanclinic.com\/en\/oral-and-maxillofacial-surgery\/#primaryimage","inLanguage":"en-US","url":"https:\/\/utkanclinic.com\/en\/wp-content\/uploads\/2021\/09\/Engin-Utkan-Nisantasi-Estetik-Dis-Klinigi-4x3-2.png","contentUrl":"https:\/\/utkanclinic.com\/en\/wp-content\/uploads\/2021\/09\/Engin-Utkan-Nisantasi-Estetik-Dis-Klinigi-4x3-2.png","width":760,"height":396},{"@type":"WebPage","@id":"https:\/\/utkanclinic.com\/en\/oral-and-maxillofacial-surgery\/#webpage","url":"https:\/\/utkanclinic.com\/en\/oral-and-maxillofacial-surgery\/","name":"Oral And Maxillofacial Surgery - Utkan Clinic | Cosmetic Dentistry | Ni\u015fanta\u015f\u0131","isPartOf":{"@id":"https:\/\/utkanclinic.com\/en\/#website"},"primaryImageOfPage":{"@id":"https:\/\/utkanclinic.com\/en\/oral-and-maxillofacial-surgery\/#primaryimage"},"datePublished":"2021-09-27T14:16:12+00:00","dateModified":"2021-12-28T14:15:13+00:00","description":"Oral And Maxillofacial Surgery | Wisdom Teeth Extraction | Dental Extraction | Sinus Lifting \/ Dental Graft","breadcrumb":{"@id":"https:\/\/utkanclinic.com\/en\/oral-and-maxillofacial-surgery\/#breadcrumb"},"inLanguage":"en-US","potentialAction":[{"@type":"ReadAction","target":["https:\/\/utkanclinic.com\/en\/oral-and-maxillofacial-surgery\/"]}]},{"@type":"BreadcrumbList","@id":"https:\/\/utkanclinic.com\/en\/oral-and-maxillofacial-surgery\/#breadcrumb","itemListElement":[{"@type":"ListItem","position":1,"name":"Home","item":"https:\/\/utkanclinic.com\/en\/"},{"@type":"ListItem","position":2,"name":"Oral And Maxillofacial Surgery"}]}]}},"_links":{"self":[{"href":"https:\/\/utkanclinic.com\/en\/wp-json\/wp\/v2\/pages\/1908","targetHints":{"allow":["GET"]}}],"collection":[{"href":"https:\/\/utkanclinic.com\/en\/wp-json\/wp\/v2\/pages"}],"about":[{"href":"https:\/\/utkanclinic.com\/en\/wp-json\/wp\/v2\/types\/page"}],"author":[{"embeddable":true,"href":"https:\/\/utkanclinic.com\/en\/wp-json\/wp\/v2\/users\/1"}],"replies":[{"embeddable":true,"href":"https:\/\/utkanclinic.com\/en\/wp-json\/wp\/v2\/comments?post=1908"}],"version-history":[{"count":10,"href":"https:\/\/utkanclinic.com\/en\/wp-json\/wp\/v2\/pages\/1908\/revisions"}],"predecessor-version":[{"id":2707,"href":"https:\/\/utkanclinic.com\/en\/wp-json\/wp\/v2\/pages\/1908\/revisions\/2707"}],"wp:featuredmedia":[{"embeddable":true,"href":"https:\/\/utkanclinic.com\/en\/wp-json\/wp\/v2\/media\/1337"}],"wp:attachment":[{"href":"https:\/\/utkanclinic.com\/en\/wp-json\/wp\/v2\/media?parent=1908"}],"curies":[{"name":"wp","href":"https:\/\/api.w.org\/{rel}","templated":true}]}}