{"id":1904,"date":"2021-09-27T17:12:05","date_gmt":"2021-09-27T14:12:05","guid":{"rendered":"https:\/\/utkanclinic.com\/en\/?page_id=1904"},"modified":"2021-12-28T17:04:58","modified_gmt":"2021-12-28T14:04:58","slug":"aesthetic-dentistry","status":"publish","type":"page","link":"https:\/\/utkanclinic.com\/en\/aesthetic-dentistry\/","title":{"rendered":"Aesthetic Dentistry"},"content":{"rendered":"\t\t<div data-elementor-type=\"wp-page\" data-elementor-id=\"1904\" class=\"elementor elementor-1904\" data-elementor-settings=\"[]\">\n\t\t\t\t\t\t\t<div class=\"elementor-section-wrap\">\n\t\t\t\t\t\t\t<section class=\"elementor-section elementor-top-section elementor-element elementor-element-5909d481 elementor-section-boxed elementor-section-height-default elementor-section-height-default\" data-id=\"5909d481\" data-element_type=\"section\" data-settings=\"{&quot;background_background&quot;:&quot;classic&quot;}\">\n\t\t\t\t\t\t<div class=\"elementor-container elementor-column-gap-default\">\n\t\t\t\t\t<div class=\"elementor-column elementor-col-100 elementor-top-column elementor-element elementor-element-2ba54d0b\" data-id=\"2ba54d0b\" data-element_type=\"column\">\n\t\t\t<div class=\"elementor-widget-wrap elementor-element-populated\">\n\t\t\t\t\t\t\t\t<div class=\"elementor-element elementor-element-ce727b7 elementor-grid-2 elementor-grid-tablet-2 elementor-grid-mobile-1 elementor-posts--thumbnail-top elementor-posts--show-avatar elementor-card-shadow-yes elementor-posts__hover-gradient elementor-widget elementor-widget-posts\" data-id=\"ce727b7\" data-element_type=\"widget\" data-settings=\"{&quot;cards_columns&quot;:&quot;2&quot;,&quot;cards_columns_tablet&quot;:&quot;2&quot;,&quot;cards_columns_mobile&quot;:&quot;1&quot;,&quot;cards_row_gap&quot;:{&quot;unit&quot;:&quot;px&quot;,&quot;size&quot;:35,&quot;sizes&quot;:[]}}\" data-widget_type=\"posts.cards\">\n\t\t\t\t<div class=\"elementor-widget-container\">\n\t\t\t\t\t<div class=\"elementor-posts-container elementor-posts elementor-posts--skin-cards elementor-grid\">\n\t\t\t\t<article class=\"elementor-post elementor-grid-item post-34 post type-post status-publish format-standard has-post-thumbnail hentry category-cosmetic-dentistry category-treatments\">\n\t\t\t<div class=\"elementor-post__card\">\n\t\t\t\t<a class=\"elementor-post__thumbnail__link\" href=\"https:\/\/utkanclinic.com\/en\/smile-design\/\" >\n\t\t\t<div class=\"elementor-post__thumbnail\"><img loading=\"lazy\" decoding=\"async\" width=\"800\" height=\"707\" src=\"https:\/\/utkanclinic.com\/en\/wp-content\/uploads\/2021\/08\/Nisantasi-Gulus-tasarimi-1024x905.jpg\" class=\"attachment-large size-large\" alt=\"\" srcset=\"https:\/\/utkanclinic.com\/en\/wp-content\/uploads\/2021\/08\/Nisantasi-Gulus-tasarimi-1024x905.jpg 1024w, https:\/\/utkanclinic.com\/en\/wp-content\/uploads\/2021\/08\/Nisantasi-Gulus-tasarimi-300x265.jpg 300w, https:\/\/utkanclinic.com\/en\/wp-content\/uploads\/2021\/08\/Nisantasi-Gulus-tasarimi-768x679.jpg 768w, https:\/\/utkanclinic.com\/en\/wp-content\/uploads\/2021\/08\/Nisantasi-Gulus-tasarimi.jpg 1200w\" sizes=\"auto, (max-width: 800px) 100vw, 800px\" \/><\/div>\n\t\t<\/a>\n\t\t\t\t<div class=\"elementor-post__badge\">Cosmetic Dentistry<\/div>\n\t\t\t\t<div class=\"elementor-post__avatar\">\n\t\t\t\t\t<\/div>\n\t\t\t\t<div class=\"elementor-post__text\">\n\t\t\t\t<h3 class=\"elementor-post__title\">\n\t\t\t<a href=\"https:\/\/utkanclinic.com\/en\/smile-design\/\" >\n\t\t\t\tSmile Design\t\t\t<\/a>\n\t\t<\/h3>\n\t\t\t\t<div class=\"elementor-post__excerpt\">\n\t\t\t\t\t<\/div>\n\t\t\t\t\t<a class=\"elementor-post__read-more\" href=\"https:\/\/utkanclinic.com\/en\/smile-design\/\" >\n\t\t\t\tRead more \u00bb\t\t\t<\/a>\n\t\t\t\t<\/div>\n\t\t\t\t\t<\/div>\n\t\t<\/article>\n\t\t\t\t<article class=\"elementor-post elementor-grid-item post-36 post type-post status-publish format-standard has-post-thumbnail hentry category-cosmetic-dentistry category-treatments\">\n\t\t\t<div class=\"elementor-post__card\">\n\t\t\t\t<a class=\"elementor-post__thumbnail__link\" href=\"https:\/\/utkanclinic.com\/en\/hollywood-smile\/\" >\n\t\t\t<div class=\"elementor-post__thumbnail\"><img loading=\"lazy\" decoding=\"async\" width=\"768\" height=\"1024\" src=\"https:\/\/utkanclinic.com\/en\/wp-content\/uploads\/2021\/08\/hollywood-smile-nisantasi-768x1024.jpg\" class=\"attachment-large size-large\" alt=\"\" srcset=\"https:\/\/utkanclinic.com\/en\/wp-content\/uploads\/2021\/08\/hollywood-smile-nisantasi-768x1024.jpg 768w, https:\/\/utkanclinic.com\/en\/wp-content\/uploads\/2021\/08\/hollywood-smile-nisantasi-225x300.jpg 225w, https:\/\/utkanclinic.com\/en\/wp-content\/uploads\/2021\/08\/hollywood-smile-nisantasi.jpg 900w\" sizes=\"auto, (max-width: 768px) 100vw, 768px\" \/><\/div>\n\t\t<\/a>\n\t\t\t\t<div class=\"elementor-post__badge\">Cosmetic Dentistry<\/div>\n\t\t\t\t<div class=\"elementor-post__avatar\">\n\t\t\t\t\t<\/div>\n\t\t\t\t<div class=\"elementor-post__text\">\n\t\t\t\t<h3 class=\"elementor-post__title\">\n\t\t\t<a href=\"https:\/\/utkanclinic.com\/en\/hollywood-smile\/\" >\n\t\t\t\tHollywood Smile\t\t\t<\/a>\n\t\t<\/h3>\n\t\t\t\t<div class=\"elementor-post__excerpt\">\n\t\t\t\t\t<\/div>\n\t\t\t\t\t<a class=\"elementor-post__read-more\" href=\"https:\/\/utkanclinic.com\/en\/hollywood-smile\/\" >\n\t\t\t\tRead more \u00bb\t\t\t<\/a>\n\t\t\t\t<\/div>\n\t\t\t\t\t<\/div>\n\t\t<\/article>\n\t\t\t\t<article class=\"elementor-post elementor-grid-item post-38 post type-post status-publish format-standard has-post-thumbnail hentry category-cosmetic-dentistry category-treatments\">\n\t\t\t<div class=\"elementor-post__card\">\n\t\t\t\t<a class=\"elementor-post__thumbnail__link\" href=\"https:\/\/utkanclinic.com\/en\/bonding\/\" >\n\t\t\t<div class=\"elementor-post__thumbnail\"><img loading=\"lazy\" decoding=\"async\" width=\"767\" height=\"1024\" src=\"https:\/\/utkanclinic.com\/en\/wp-content\/uploads\/2021\/08\/bonding-dis-nisantasi-767x1024.jpg\" class=\"attachment-large size-large\" alt=\"\" srcset=\"https:\/\/utkanclinic.com\/en\/wp-content\/uploads\/2021\/08\/bonding-dis-nisantasi-767x1024.jpg 767w, https:\/\/utkanclinic.com\/en\/wp-content\/uploads\/2021\/08\/bonding-dis-nisantasi-225x300.jpg 225w, https:\/\/utkanclinic.com\/en\/wp-content\/uploads\/2021\/08\/bonding-dis-nisantasi-768x1025.jpg 768w, https:\/\/utkanclinic.com\/en\/wp-content\/uploads\/2021\/08\/bonding-dis-nisantasi.jpg 1000w\" sizes=\"auto, (max-width: 767px) 100vw, 767px\" \/><\/div>\n\t\t<\/a>\n\t\t\t\t<div class=\"elementor-post__badge\">Cosmetic Dentistry<\/div>\n\t\t\t\t<div class=\"elementor-post__avatar\">\n\t\t\t\t\t<\/div>\n\t\t\t\t<div class=\"elementor-post__text\">\n\t\t\t\t<h3 class=\"elementor-post__title\">\n\t\t\t<a href=\"https:\/\/utkanclinic.com\/en\/bonding\/\" >\n\t\t\t\tBonding\t\t\t<\/a>\n\t\t<\/h3>\n\t\t\t\t<div class=\"elementor-post__excerpt\">\n\t\t\t\t\t<\/div>\n\t\t\t\t\t<a class=\"elementor-post__read-more\" href=\"https:\/\/utkanclinic.com\/en\/bonding\/\" >\n\t\t\t\tRead more \u00bb\t\t\t<\/a>\n\t\t\t\t<\/div>\n\t\t\t\t\t<\/div>\n\t\t<\/article>\n\t\t\t\t<article class=\"elementor-post elementor-grid-item post-40 post type-post status-publish format-standard has-post-thumbnail hentry category-cosmetic-dentistry category-treatments\">\n\t\t\t<div class=\"elementor-post__card\">\n\t\t\t\t<a class=\"elementor-post__thumbnail__link\" href=\"https:\/\/utkanclinic.com\/en\/porcelain-laminates-veneers\/\" >\n\t\t\t<div class=\"elementor-post__thumbnail\"><img loading=\"lazy\" decoding=\"async\" width=\"800\" height=\"800\" src=\"https:\/\/utkanclinic.com\/en\/wp-content\/uploads\/2021\/08\/porselen-veneerds-nisantasi-1024x1024.jpg\" class=\"attachment-large size-large\" alt=\"\" srcset=\"https:\/\/utkanclinic.com\/en\/wp-content\/uploads\/2021\/08\/porselen-veneerds-nisantasi-1024x1024.jpg 1024w, https:\/\/utkanclinic.com\/en\/wp-content\/uploads\/2021\/08\/porselen-veneerds-nisantasi-300x300.jpg 300w, https:\/\/utkanclinic.com\/en\/wp-content\/uploads\/2021\/08\/porselen-veneerds-nisantasi-150x150.jpg 150w, https:\/\/utkanclinic.com\/en\/wp-content\/uploads\/2021\/08\/porselen-veneerds-nisantasi-768x768.jpg 768w, https:\/\/utkanclinic.com\/en\/wp-content\/uploads\/2021\/08\/porselen-veneerds-nisantasi.jpg 1080w\" sizes=\"auto, (max-width: 800px) 100vw, 800px\" \/><\/div>\n\t\t<\/a>\n\t\t\t\t<div class=\"elementor-post__badge\">Cosmetic Dentistry<\/div>\n\t\t\t\t<div class=\"elementor-post__avatar\">\n\t\t\t\t\t<\/div>\n\t\t\t\t<div class=\"elementor-post__text\">\n\t\t\t\t<h3 class=\"elementor-post__title\">\n\t\t\t<a href=\"https:\/\/utkanclinic.com\/en\/porcelain-laminates-veneers\/\" >\n\t\t\t\tPorcelain Laminates Veneers\t\t\t<\/a>\n\t\t<\/h3>\n\t\t\t\t<div class=\"elementor-post__excerpt\">\n\t\t\t\t\t<\/div>\n\t\t\t\t\t<a class=\"elementor-post__read-more\" href=\"https:\/\/utkanclinic.com\/en\/porcelain-laminates-veneers\/\" >\n\t\t\t\tRead more \u00bb\t\t\t<\/a>\n\t\t\t\t<\/div>\n\t\t\t\t\t<\/div>\n\t\t<\/article>\n\t\t\t\t<article class=\"elementor-post elementor-grid-item post-44 post type-post status-publish format-standard has-post-thumbnail hentry category-cosmetic-dentistry category-treatments\">\n\t\t\t<div class=\"elementor-post__card\">\n\t\t\t\t<a class=\"elementor-post__thumbnail__link\" href=\"https:\/\/utkanclinic.com\/en\/bleaching\/\" >\n\t\t\t<div class=\"elementor-post__thumbnail\"><img loading=\"lazy\" decoding=\"async\" width=\"768\" height=\"1024\" src=\"https:\/\/utkanclinic.com\/en\/wp-content\/uploads\/2021\/08\/dis-beyazlatma-bleaching-768x1024.jpg\" class=\"attachment-large size-large\" alt=\"\" srcset=\"https:\/\/utkanclinic.com\/en\/wp-content\/uploads\/2021\/08\/dis-beyazlatma-bleaching-768x1024.jpg 768w, https:\/\/utkanclinic.com\/en\/wp-content\/uploads\/2021\/08\/dis-beyazlatma-bleaching-225x300.jpg 225w, https:\/\/utkanclinic.com\/en\/wp-content\/uploads\/2021\/08\/dis-beyazlatma-bleaching.jpg 900w\" sizes=\"auto, (max-width: 768px) 100vw, 768px\" \/><\/div>\n\t\t<\/a>\n\t\t\t\t<div class=\"elementor-post__badge\">Cosmetic Dentistry<\/div>\n\t\t\t\t<div class=\"elementor-post__avatar\">\n\t\t\t\t\t<\/div>\n\t\t\t\t<div class=\"elementor-post__text\">\n\t\t\t\t<h3 class=\"elementor-post__title\">\n\t\t\t<a href=\"https:\/\/utkanclinic.com\/en\/bleaching\/\" >\n\t\t\t\tBleaching\t\t\t<\/a>\n\t\t<\/h3>\n\t\t\t\t<div class=\"elementor-post__excerpt\">\n\t\t\t\t\t<\/div>\n\t\t\t\t\t<a class=\"elementor-post__read-more\" href=\"https:\/\/utkanclinic.com\/en\/bleaching\/\" >\n\t\t\t\tRead more \u00bb\t\t\t<\/a>\n\t\t\t\t<\/div>\n\t\t\t\t\t<\/div>\n\t\t<\/article>\n\t\t\t\t<\/div>\n\t\t\t\t<\/div>\n\t\t\t\t<\/div>\n\t\t\t\t\t<\/div>\n\t\t<\/div>\n\t\t\t\t\t\t\t<\/div>\n\t\t<\/section>\n\t\t\t\t\t\t<\/div>\n\t\t\t\t\t<\/div>\n\t\t","protected":false},"excerpt":{"rendered":"","protected":false},"author":1,"featured_media":2205,"parent":0,"menu_order":0,"comment_status":"closed","ping_status":"closed","template":"","meta":{"_joinchat":[],"footnotes":""},"class_list":["post-1904","page","type-page","status-publish","has-post-thumbnail","hentry"],"yoast_head":"<!-- This site is optimized with the Yoast SEO Premium plugin v17.1 (Yoast SEO v17.1) - https:\/\/yoast.com\/wordpress\/plugins\/seo\/ -->\n<title>Aesthetic Dentistry - Utkan Clinic | Cosmetic Dentistry | Ni\u015fanta\u015f\u0131<\/title>\n<meta name=\"description\" content=\"Smile design treatment has numerous steps. In the first step, patient&#039;s aesthetic needs and treatment expectations must be determined by the dentist.\" \/>\n<meta name=\"robots\" content=\"index, follow, max-snippet:-1, max-image-preview:large, max-video-preview:-1\" \/>\n<link rel=\"canonical\" href=\"https:\/\/utkanclinic.com\/en\/aesthetic-dentistry\/\" \/>\n<meta property=\"og:locale\" content=\"en_US\" \/>\n<meta property=\"og:type\" content=\"article\" \/>\n<meta property=\"og:title\" content=\"Aesthetic Dentistry\" \/>\n<meta property=\"og:description\" content=\"Smile design treatment has numerous steps. In the first step, patient&#039;s aesthetic needs and treatment expectations must be determined by the dentist.\" \/>\n<meta property=\"og:url\" content=\"https:\/\/utkanclinic.com\/en\/aesthetic-dentistry\/\" \/>\n<meta property=\"og:site_name\" content=\"Utkan Clinic | Cosmetic Dentistry | Ni\u015fanta\u015f\u0131\" \/>\n<meta property=\"article:publisher\" content=\"https:\/\/www.youtube.com\/channel\/UClLTUTKw4M-Tth_Aq397GgQ\" \/>\n<meta property=\"article:modified_time\" content=\"2021-12-28T14:04:58+00:00\" \/>\n<meta property=\"og:image\" content=\"https:\/\/utkanclinic.com\/en\/wp-content\/uploads\/2021\/08\/Nisantasi-Gulus-tasarimi.jpg\" \/>\n\t<meta property=\"og:image:width\" content=\"1200\" \/>\n\t<meta property=\"og:image:height\" content=\"1061\" \/>\n<meta name=\"twitter:card\" content=\"summary_large_image\" \/>\n<script type=\"application\/ld+json\" class=\"yoast-schema-graph\">{\"@context\":\"https:\/\/schema.org\",\"@graph\":[{\"@type\":\"Organization\",\"@id\":\"https:\/\/utkanclinic.com\/en\/#organization\",\"name\":\"Utkan Clinic | Cosmetic Dentistry | Ni\\u015fanta\\u015f\\u0131\",\"url\":\"https:\/\/utkanclinic.com\/en\/\",\"sameAs\":[\"https:\/\/www.youtube.com\/channel\/UClLTUTKw4M-Tth_Aq397GgQ\",\"https:\/\/www.instagram.com\/drenginutkan\/\",\"https:\/\/www.youtube.com\/channel\/UClLTUTKw4M-Tth_Aq397GgQ\"],\"logo\":{\"@type\":\"ImageObject\",\"@id\":\"https:\/\/utkanclinic.com\/en\/#logo\",\"inLanguage\":\"en-US\",\"url\":\"https:\/\/utkanclinic.com\/en\/wp-content\/uploads\/2021\/09\/Utkan-Clinic-Logo.jpg\",\"contentUrl\":\"https:\/\/utkanclinic.com\/en\/wp-content\/uploads\/2021\/09\/Utkan-Clinic-Logo.jpg\",\"width\":1730,\"height\":839,\"caption\":\"Utkan Clinic | Cosmetic Dentistry | Ni\\u015fanta\\u015f\\u0131\"},\"image\":{\"@id\":\"https:\/\/utkanclinic.com\/en\/#logo\"}},{\"@type\":\"WebSite\",\"@id\":\"https:\/\/utkanclinic.com\/en\/#website\",\"url\":\"https:\/\/utkanclinic.com\/en\/\",\"name\":\"Utkan Clinic | Cosmetic Dentistry | Ni\\u015fanta\\u015f\\u0131\",\"description\":\"\",\"publisher\":{\"@id\":\"https:\/\/utkanclinic.com\/en\/#organization\"},\"potentialAction\":[{\"@type\":\"SearchAction\",\"target\":{\"@type\":\"EntryPoint\",\"urlTemplate\":\"https:\/\/utkanclinic.com\/en\/?s={search_term_string}\"},\"query-input\":\"required name=search_term_string\"}],\"inLanguage\":\"en-US\"},{\"@type\":\"ImageObject\",\"@id\":\"https:\/\/utkanclinic.com\/en\/aesthetic-dentistry\/#primaryimage\",\"inLanguage\":\"en-US\",\"url\":\"https:\/\/utkanclinic.com\/en\/wp-content\/uploads\/2021\/08\/Nisantasi-Gulus-tasarimi.jpg\",\"contentUrl\":\"https:\/\/utkanclinic.com\/en\/wp-content\/uploads\/2021\/08\/Nisantasi-Gulus-tasarimi.jpg\",\"width\":1200,\"height\":1061},{\"@type\":\"WebPage\",\"@id\":\"https:\/\/utkanclinic.com\/en\/aesthetic-dentistry\/#webpage\",\"url\":\"https:\/\/utkanclinic.com\/en\/aesthetic-dentistry\/\",\"name\":\"Aesthetic Dentistry - Utkan Clinic | Cosmetic Dentistry | Ni\\u015fanta\\u015f\\u0131\",\"isPartOf\":{\"@id\":\"https:\/\/utkanclinic.com\/en\/#website\"},\"primaryImageOfPage\":{\"@id\":\"https:\/\/utkanclinic.com\/en\/aesthetic-dentistry\/#primaryimage\"},\"datePublished\":\"2021-09-27T14:12:05+00:00\",\"dateModified\":\"2021-12-28T14:04:58+00:00\",\"description\":\"Smile design treatment has numerous steps. In the first step, patient's aesthetic needs and treatment expectations must be determined by the dentist.\",\"breadcrumb\":{\"@id\":\"https:\/\/utkanclinic.com\/en\/aesthetic-dentistry\/#breadcrumb\"},\"inLanguage\":\"en-US\",\"potentialAction\":[{\"@type\":\"ReadAction\",\"target\":[\"https:\/\/utkanclinic.com\/en\/aesthetic-dentistry\/\"]}]},{\"@type\":\"BreadcrumbList\",\"@id\":\"https:\/\/utkanclinic.com\/en\/aesthetic-dentistry\/#breadcrumb\",\"itemListElement\":[{\"@type\":\"ListItem\",\"position\":1,\"name\":\"Home\",\"item\":\"https:\/\/utkanclinic.com\/en\/\"},{\"@type\":\"ListItem\",\"position\":2,\"name\":\"Aesthetic Dentistry\"}]}]}<\/script>\n<!-- \/ Yoast SEO Premium plugin. -->","yoast_head_json":{"title":"Aesthetic Dentistry - Utkan Clinic | Cosmetic Dentistry | Ni\u015fanta\u015f\u0131","description":"Smile design treatment has numerous steps. In the first step, patient's aesthetic needs and treatment expectations must be determined by the dentist.","robots":{"index":"index","follow":"follow","max-snippet":"max-snippet:-1","max-image-preview":"max-image-preview:large","max-video-preview":"max-video-preview:-1"},"canonical":"https:\/\/utkanclinic.com\/en\/aesthetic-dentistry\/","og_locale":"en_US","og_type":"article","og_title":"Aesthetic Dentistry","og_description":"Smile design treatment has numerous steps. In the first step, patient's aesthetic needs and treatment expectations must be determined by the dentist.","og_url":"https:\/\/utkanclinic.com\/en\/aesthetic-dentistry\/","og_site_name":"Utkan Clinic | Cosmetic Dentistry | Ni\u015fanta\u015f\u0131","article_publisher":"https:\/\/www.youtube.com\/channel\/UClLTUTKw4M-Tth_Aq397GgQ","article_modified_time":"2021-12-28T14:04:58+00:00","og_image":[{"width":1200,"height":1061,"url":"https:\/\/utkanclinic.com\/en\/wp-content\/uploads\/2021\/08\/Nisantasi-Gulus-tasarimi.jpg","path":"\/var\/www\/vhosts\/utkanclinic.com\/httpdocs\/en\/wp-content\/uploads\/2021\/08\/Nisantasi-Gulus-tasarimi.jpg","size":"full","id":2205,"alt":"","pixels":1273200,"type":"image\/jpeg"}],"twitter_card":"summary_large_image","schema":{"@context":"https:\/\/schema.org","@graph":[{"@type":"Organization","@id":"https:\/\/utkanclinic.com\/en\/#organization","name":"Utkan Clinic | Cosmetic Dentistry | Ni\u015fanta\u015f\u0131","url":"https:\/\/utkanclinic.com\/en\/","sameAs":["https:\/\/www.youtube.com\/channel\/UClLTUTKw4M-Tth_Aq397GgQ","https:\/\/www.instagram.com\/drenginutkan\/","https:\/\/www.youtube.com\/channel\/UClLTUTKw4M-Tth_Aq397GgQ"],"logo":{"@type":"ImageObject","@id":"https:\/\/utkanclinic.com\/en\/#logo","inLanguage":"en-US","url":"https:\/\/utkanclinic.com\/en\/wp-content\/uploads\/2021\/09\/Utkan-Clinic-Logo.jpg","contentUrl":"https:\/\/utkanclinic.com\/en\/wp-content\/uploads\/2021\/09\/Utkan-Clinic-Logo.jpg","width":1730,"height":839,"caption":"Utkan Clinic | Cosmetic Dentistry | Ni\u015fanta\u015f\u0131"},"image":{"@id":"https:\/\/utkanclinic.com\/en\/#logo"}},{"@type":"WebSite","@id":"https:\/\/utkanclinic.com\/en\/#website","url":"https:\/\/utkanclinic.com\/en\/","name":"Utkan Clinic | Cosmetic Dentistry | Ni\u015fanta\u015f\u0131","description":"","publisher":{"@id":"https:\/\/utkanclinic.com\/en\/#organization"},"potentialAction":[{"@type":"SearchAction","target":{"@type":"EntryPoint","urlTemplate":"https:\/\/utkanclinic.com\/en\/?s={search_term_string}"},"query-input":"required name=search_term_string"}],"inLanguage":"en-US"},{"@type":"ImageObject","@id":"https:\/\/utkanclinic.com\/en\/aesthetic-dentistry\/#primaryimage","inLanguage":"en-US","url":"https:\/\/utkanclinic.com\/en\/wp-content\/uploads\/2021\/08\/Nisantasi-Gulus-tasarimi.jpg","contentUrl":"https:\/\/utkanclinic.com\/en\/wp-content\/uploads\/2021\/08\/Nisantasi-Gulus-tasarimi.jpg","width":1200,"height":1061},{"@type":"WebPage","@id":"https:\/\/utkanclinic.com\/en\/aesthetic-dentistry\/#webpage","url":"https:\/\/utkanclinic.com\/en\/aesthetic-dentistry\/","name":"Aesthetic Dentistry - Utkan Clinic | Cosmetic Dentistry | Ni\u015fanta\u015f\u0131","isPartOf":{"@id":"https:\/\/utkanclinic.com\/en\/#website"},"primaryImageOfPage":{"@id":"https:\/\/utkanclinic.com\/en\/aesthetic-dentistry\/#primaryimage"},"datePublished":"2021-09-27T14:12:05+00:00","dateModified":"2021-12-28T14:04:58+00:00","description":"Smile design treatment has numerous steps. In the first step, patient's aesthetic needs and treatment expectations must be determined by the dentist.","breadcrumb":{"@id":"https:\/\/utkanclinic.com\/en\/aesthetic-dentistry\/#breadcrumb"},"inLanguage":"en-US","potentialAction":[{"@type":"ReadAction","target":["https:\/\/utkanclinic.com\/en\/aesthetic-dentistry\/"]}]},{"@type":"BreadcrumbList","@id":"https:\/\/utkanclinic.com\/en\/aesthetic-dentistry\/#breadcrumb","itemListElement":[{"@type":"ListItem","position":1,"name":"Home","item":"https:\/\/utkanclinic.com\/en\/"},{"@type":"ListItem","position":2,"name":"Aesthetic Dentistry"}]}]}},"_links":{"self":[{"href":"https:\/\/utkanclinic.com\/en\/wp-json\/wp\/v2\/pages\/1904","targetHints":{"allow":["GET"]}}],"collection":[{"href":"https:\/\/utkanclinic.com\/en\/wp-json\/wp\/v2\/pages"}],"about":[{"href":"https:\/\/utkanclinic.com\/en\/wp-json\/wp\/v2\/types\/page"}],"author":[{"embeddable":true,"href":"https:\/\/utkanclinic.com\/en\/wp-json\/wp\/v2\/users\/1"}],"replies":[{"embeddable":true,"href":"https:\/\/utkanclinic.com\/en\/wp-json\/wp\/v2\/comments?post=1904"}],"version-history":[{"count":7,"href":"https:\/\/utkanclinic.com\/en\/wp-json\/wp\/v2\/pages\/1904\/revisions"}],"predecessor-version":[{"id":2704,"href":"https:\/\/utkanclinic.com\/en\/wp-json\/wp\/v2\/pages\/1904\/revisions\/2704"}],"wp:featuredmedia":[{"embeddable":true,"href":"https:\/\/utkanclinic.com\/en\/wp-json\/wp\/v2\/media\/2205"}],"wp:attachment":[{"href":"https:\/\/utkanclinic.com\/en\/wp-json\/wp\/v2\/media?parent=1904"}],"curies":[{"name":"wp","href":"https:\/\/api.w.org\/{rel}","templated":true}]}}