{"id":1895,"date":"2021-09-27T17:04:14","date_gmt":"2021-09-27T14:04:14","guid":{"rendered":"https:\/\/utkanclinic.com\/en\/?page_id=1895"},"modified":"2021-12-28T17:08:29","modified_gmt":"2021-12-28T14:08:29","slug":"dental-implants","status":"publish","type":"page","link":"https:\/\/utkanclinic.com\/en\/dental-implants\/","title":{"rendered":"Dental Implants"},"content":{"rendered":"\t\t<div data-elementor-type=\"wp-page\" data-elementor-id=\"1895\" class=\"elementor elementor-1895\" data-elementor-settings=\"[]\">\n\t\t\t\t\t\t\t<div class=\"elementor-section-wrap\">\n\t\t\t\t\t\t\t<section class=\"elementor-section elementor-top-section elementor-element elementor-element-811899a elementor-section-boxed elementor-section-height-default elementor-section-height-default\" data-id=\"811899a\" data-element_type=\"section\" data-settings=\"{&quot;background_background&quot;:&quot;classic&quot;}\">\n\t\t\t\t\t\t<div class=\"elementor-container elementor-column-gap-default\">\n\t\t\t\t\t<div class=\"elementor-column elementor-col-100 elementor-top-column elementor-element elementor-element-3f3a0261\" data-id=\"3f3a0261\" data-element_type=\"column\">\n\t\t\t<div class=\"elementor-widget-wrap elementor-element-populated\">\n\t\t\t\t\t\t\t\t<div class=\"elementor-element elementor-element-3d71dc45 elementor-grid-2 elementor-grid-tablet-2 elementor-grid-mobile-1 elementor-posts--thumbnail-top elementor-posts--show-avatar elementor-card-shadow-yes elementor-posts__hover-gradient elementor-widget elementor-widget-posts\" data-id=\"3d71dc45\" data-element_type=\"widget\" data-settings=\"{&quot;cards_columns&quot;:&quot;2&quot;,&quot;cards_columns_tablet&quot;:&quot;2&quot;,&quot;cards_columns_mobile&quot;:&quot;1&quot;,&quot;cards_row_gap&quot;:{&quot;unit&quot;:&quot;px&quot;,&quot;size&quot;:35,&quot;sizes&quot;:[]}}\" data-widget_type=\"posts.cards\">\n\t\t\t\t<div class=\"elementor-widget-container\">\n\t\t\t\t\t<div class=\"elementor-posts-container elementor-posts elementor-posts--skin-cards elementor-grid\">\n\t\t\t\t<article class=\"elementor-post elementor-grid-item post-28 post type-post status-publish format-standard has-post-thumbnail hentry category-dental-implants category-treatments\">\n\t\t\t<div class=\"elementor-post__card\">\n\t\t\t\t<a class=\"elementor-post__thumbnail__link\" href=\"https:\/\/utkanclinic.com\/en\/same-day-implants-all-on-four\/\" >\n\t\t\t<div class=\"elementor-post__thumbnail\"><img loading=\"lazy\" decoding=\"async\" width=\"640\" height=\"1024\" src=\"https:\/\/utkanclinic.com\/en\/wp-content\/uploads\/2021\/08\/All-on-4-640x1024.jpg\" class=\"attachment-large size-large\" alt=\"\" srcset=\"https:\/\/utkanclinic.com\/en\/wp-content\/uploads\/2021\/08\/All-on-4-640x1024.jpg 640w, https:\/\/utkanclinic.com\/en\/wp-content\/uploads\/2021\/08\/All-on-4-188x300.jpg 188w, https:\/\/utkanclinic.com\/en\/wp-content\/uploads\/2021\/08\/All-on-4-768x1229.jpg 768w, https:\/\/utkanclinic.com\/en\/wp-content\/uploads\/2021\/08\/All-on-4-960x1536.jpg 960w, https:\/\/utkanclinic.com\/en\/wp-content\/uploads\/2021\/08\/All-on-4.jpg 1000w\" sizes=\"auto, (max-width: 640px) 100vw, 640px\" \/><\/div>\n\t\t<\/a>\n\t\t\t\t<div class=\"elementor-post__badge\">Dental Implants<\/div>\n\t\t\t\t<div class=\"elementor-post__avatar\">\n\t\t\t\t\t<\/div>\n\t\t\t\t<div class=\"elementor-post__text\">\n\t\t\t\t<h3 class=\"elementor-post__title\">\n\t\t\t<a href=\"https:\/\/utkanclinic.com\/en\/same-day-implants-all-on-four\/\" >\n\t\t\t\tSame day Implants &#8211; All on Four\t\t\t<\/a>\n\t\t<\/h3>\n\t\t\t\t<div class=\"elementor-post__excerpt\">\n\t\t\t\t\t<\/div>\n\t\t\t\t\t<a class=\"elementor-post__read-more\" href=\"https:\/\/utkanclinic.com\/en\/same-day-implants-all-on-four\/\" >\n\t\t\t\tRead more \u00bb\t\t\t<\/a>\n\t\t\t\t<\/div>\n\t\t\t\t\t<\/div>\n\t\t<\/article>\n\t\t\t\t<article class=\"elementor-post elementor-grid-item post-26 post type-post status-publish format-standard has-post-thumbnail hentry category-dental-implants category-treatments\">\n\t\t\t<div class=\"elementor-post__card\">\n\t\t\t\t<a class=\"elementor-post__thumbnail__link\" href=\"https:\/\/utkanclinic.com\/en\/dental-implant-treatment\/\" >\n\t\t\t<div class=\"elementor-post__thumbnail\"><img loading=\"lazy\" decoding=\"async\" width=\"800\" height=\"530\" src=\"https:\/\/utkanclinic.com\/en\/wp-content\/uploads\/2021\/08\/Nisantasi-implant-dis-2-1024x679.jpg\" class=\"attachment-large size-large\" alt=\"\" srcset=\"https:\/\/utkanclinic.com\/en\/wp-content\/uploads\/2021\/08\/Nisantasi-implant-dis-2-1024x679.jpg 1024w, https:\/\/utkanclinic.com\/en\/wp-content\/uploads\/2021\/08\/Nisantasi-implant-dis-2-300x199.jpg 300w, https:\/\/utkanclinic.com\/en\/wp-content\/uploads\/2021\/08\/Nisantasi-implant-dis-2-768x509.jpg 768w, https:\/\/utkanclinic.com\/en\/wp-content\/uploads\/2021\/08\/Nisantasi-implant-dis-2.jpg 1500w\" sizes=\"auto, (max-width: 800px) 100vw, 800px\" \/><\/div>\n\t\t<\/a>\n\t\t\t\t<div class=\"elementor-post__badge\">Dental Implants<\/div>\n\t\t\t\t<div class=\"elementor-post__avatar\">\n\t\t\t\t\t<\/div>\n\t\t\t\t<div class=\"elementor-post__text\">\n\t\t\t\t<h3 class=\"elementor-post__title\">\n\t\t\t<a href=\"https:\/\/utkanclinic.com\/en\/dental-implant-treatment\/\" >\n\t\t\t\tDental Implant Treatment\t\t\t<\/a>\n\t\t<\/h3>\n\t\t\t\t<div class=\"elementor-post__excerpt\">\n\t\t\t\t\t<\/div>\n\t\t\t\t\t<a class=\"elementor-post__read-more\" href=\"https:\/\/utkanclinic.com\/en\/dental-implant-treatment\/\" >\n\t\t\t\tRead more \u00bb\t\t\t<\/a>\n\t\t\t\t<\/div>\n\t\t\t\t\t<\/div>\n\t\t<\/article>\n\t\t\t\t<\/div>\n\t\t\t\t<\/div>\n\t\t\t\t<\/div>\n\t\t\t\t\t<\/div>\n\t\t<\/div>\n\t\t\t\t\t\t\t<\/div>\n\t\t<\/section>\n\t\t\t\t\t\t<\/div>\n\t\t\t\t\t<\/div>\n\t\t","protected":false},"excerpt":{"rendered":"","protected":false},"author":1,"featured_media":2411,"parent":0,"menu_order":0,"comment_status":"closed","ping_status":"closed","template":"","meta":{"_joinchat":[],"footnotes":""},"class_list":["post-1895","page","type-page","status-publish","has-post-thumbnail","hentry"],"yoast_head":"<!-- This site is optimized with the Yoast SEO Premium plugin v17.1 (Yoast SEO v17.1) - https:\/\/yoast.com\/wordpress\/plugins\/seo\/ -->\n<title>Dental Implants - Utkan Clinic | Cosmetic Dentistry | Ni\u015fanta\u015f\u0131<\/title>\n<meta name=\"description\" content=\"Dental implants are titanium structures that admitted as the best alternative to natural teeth. They are placed inside the jaw bone instead..\" \/>\n<meta name=\"robots\" content=\"index, follow, max-snippet:-1, max-image-preview:large, max-video-preview:-1\" \/>\n<link rel=\"canonical\" href=\"https:\/\/utkanclinic.com\/en\/dental-implants\/\" \/>\n<meta property=\"og:locale\" content=\"en_US\" \/>\n<meta property=\"og:type\" content=\"article\" \/>\n<meta property=\"og:title\" content=\"Dental Implants\" \/>\n<meta property=\"og:description\" content=\"Dental implants are titanium structures that admitted as the best alternative to natural teeth. They are placed inside the jaw bone instead..\" \/>\n<meta property=\"og:url\" content=\"https:\/\/utkanclinic.com\/en\/dental-implants\/\" \/>\n<meta property=\"og:site_name\" content=\"Utkan Clinic | Cosmetic Dentistry | Ni\u015fanta\u015f\u0131\" \/>\n<meta property=\"article:publisher\" content=\"https:\/\/www.youtube.com\/channel\/UClLTUTKw4M-Tth_Aq397GgQ\" \/>\n<meta property=\"article:modified_time\" content=\"2021-12-28T14:08:29+00:00\" \/>\n<meta property=\"og:image\" content=\"https:\/\/utkanclinic.com\/en\/wp-content\/uploads\/2021\/10\/Engin-Utkan-1x1-2.png\" \/>\n\t<meta property=\"og:image:width\" content=\"1000\" \/>\n\t<meta property=\"og:image:height\" content=\"1000\" \/>\n<meta name=\"twitter:card\" content=\"summary_large_image\" \/>\n<meta name=\"twitter:image\" content=\"https:\/\/utkanclinic.com\/en\/wp-content\/uploads\/2021\/10\/Engin-Utkan-Logo-1x1-1.png\" \/>\n<script type=\"application\/ld+json\" class=\"yoast-schema-graph\">{\"@context\":\"https:\/\/schema.org\",\"@graph\":[{\"@type\":\"Organization\",\"@id\":\"https:\/\/utkanclinic.com\/en\/#organization\",\"name\":\"Utkan Clinic | Cosmetic Dentistry | Ni\\u015fanta\\u015f\\u0131\",\"url\":\"https:\/\/utkanclinic.com\/en\/\",\"sameAs\":[\"https:\/\/www.youtube.com\/channel\/UClLTUTKw4M-Tth_Aq397GgQ\",\"https:\/\/www.instagram.com\/drenginutkan\/\",\"https:\/\/www.youtube.com\/channel\/UClLTUTKw4M-Tth_Aq397GgQ\"],\"logo\":{\"@type\":\"ImageObject\",\"@id\":\"https:\/\/utkanclinic.com\/en\/#logo\",\"inLanguage\":\"en-US\",\"url\":\"https:\/\/utkanclinic.com\/en\/wp-content\/uploads\/2021\/09\/Utkan-Clinic-Logo.jpg\",\"contentUrl\":\"https:\/\/utkanclinic.com\/en\/wp-content\/uploads\/2021\/09\/Utkan-Clinic-Logo.jpg\",\"width\":1730,\"height\":839,\"caption\":\"Utkan Clinic | Cosmetic Dentistry | Ni\\u015fanta\\u015f\\u0131\"},\"image\":{\"@id\":\"https:\/\/utkanclinic.com\/en\/#logo\"}},{\"@type\":\"WebSite\",\"@id\":\"https:\/\/utkanclinic.com\/en\/#website\",\"url\":\"https:\/\/utkanclinic.com\/en\/\",\"name\":\"Utkan Clinic | Cosmetic Dentistry | Ni\\u015fanta\\u015f\\u0131\",\"description\":\"\",\"publisher\":{\"@id\":\"https:\/\/utkanclinic.com\/en\/#organization\"},\"potentialAction\":[{\"@type\":\"SearchAction\",\"target\":{\"@type\":\"EntryPoint\",\"urlTemplate\":\"https:\/\/utkanclinic.com\/en\/?s={search_term_string}\"},\"query-input\":\"required name=search_term_string\"}],\"inLanguage\":\"en-US\"},{\"@type\":\"ImageObject\",\"@id\":\"https:\/\/utkanclinic.com\/en\/dental-implants\/#primaryimage\",\"inLanguage\":\"en-US\",\"url\":\"https:\/\/utkanclinic.com\/en\/wp-content\/uploads\/2021\/10\/Engin-Utkan-Logo-1x1-1.png\",\"contentUrl\":\"https:\/\/utkanclinic.com\/en\/wp-content\/uploads\/2021\/10\/Engin-Utkan-Logo-1x1-1.png\",\"width\":1000,\"height\":1000},{\"@type\":\"WebPage\",\"@id\":\"https:\/\/utkanclinic.com\/en\/dental-implants\/#webpage\",\"url\":\"https:\/\/utkanclinic.com\/en\/dental-implants\/\",\"name\":\"Dental Implants - Utkan Clinic | Cosmetic Dentistry | Ni\\u015fanta\\u015f\\u0131\",\"isPartOf\":{\"@id\":\"https:\/\/utkanclinic.com\/en\/#website\"},\"primaryImageOfPage\":{\"@id\":\"https:\/\/utkanclinic.com\/en\/dental-implants\/#primaryimage\"},\"datePublished\":\"2021-09-27T14:04:14+00:00\",\"dateModified\":\"2021-12-28T14:08:29+00:00\",\"description\":\"Dental implants are titanium structures that admitted as the best alternative to natural teeth. They are placed inside the jaw bone instead..\",\"breadcrumb\":{\"@id\":\"https:\/\/utkanclinic.com\/en\/dental-implants\/#breadcrumb\"},\"inLanguage\":\"en-US\",\"potentialAction\":[{\"@type\":\"ReadAction\",\"target\":[\"https:\/\/utkanclinic.com\/en\/dental-implants\/\"]}]},{\"@type\":\"BreadcrumbList\",\"@id\":\"https:\/\/utkanclinic.com\/en\/dental-implants\/#breadcrumb\",\"itemListElement\":[{\"@type\":\"ListItem\",\"position\":1,\"name\":\"Home\",\"item\":\"https:\/\/utkanclinic.com\/en\/\"},{\"@type\":\"ListItem\",\"position\":2,\"name\":\"Dental Implants\"}]}]}<\/script>\n<!-- \/ Yoast SEO Premium plugin. -->","yoast_head_json":{"title":"Dental Implants - Utkan Clinic | Cosmetic Dentistry | Ni\u015fanta\u015f\u0131","description":"Dental implants are titanium structures that admitted as the best alternative to natural teeth. They are placed inside the jaw bone instead..","robots":{"index":"index","follow":"follow","max-snippet":"max-snippet:-1","max-image-preview":"max-image-preview:large","max-video-preview":"max-video-preview:-1"},"canonical":"https:\/\/utkanclinic.com\/en\/dental-implants\/","og_locale":"en_US","og_type":"article","og_title":"Dental Implants","og_description":"Dental implants are titanium structures that admitted as the best alternative to natural teeth. They are placed inside the jaw bone instead..","og_url":"https:\/\/utkanclinic.com\/en\/dental-implants\/","og_site_name":"Utkan Clinic | Cosmetic Dentistry | Ni\u015fanta\u015f\u0131","article_publisher":"https:\/\/www.youtube.com\/channel\/UClLTUTKw4M-Tth_Aq397GgQ","article_modified_time":"2021-12-28T14:08:29+00:00","og_image":[{"width":1000,"height":1000,"url":"https:\/\/utkanclinic.com\/en\/wp-content\/uploads\/2021\/10\/Engin-Utkan-1x1-2.png","path":"\/var\/www\/vhosts\/utkanclinic.com\/httpdocs\/en\/wp-content\/uploads\/2021\/10\/Engin-Utkan-1x1-2.png","size":"full","id":2411,"alt":"","pixels":1000000,"type":"image\/png"}],"twitter_card":"summary_large_image","twitter_image":"https:\/\/utkanclinic.com\/en\/wp-content\/uploads\/2021\/10\/Engin-Utkan-Logo-1x1-1.png","schema":{"@context":"https:\/\/schema.org","@graph":[{"@type":"Organization","@id":"https:\/\/utkanclinic.com\/en\/#organization","name":"Utkan Clinic | Cosmetic Dentistry | Ni\u015fanta\u015f\u0131","url":"https:\/\/utkanclinic.com\/en\/","sameAs":["https:\/\/www.youtube.com\/channel\/UClLTUTKw4M-Tth_Aq397GgQ","https:\/\/www.instagram.com\/drenginutkan\/","https:\/\/www.youtube.com\/channel\/UClLTUTKw4M-Tth_Aq397GgQ"],"logo":{"@type":"ImageObject","@id":"https:\/\/utkanclinic.com\/en\/#logo","inLanguage":"en-US","url":"https:\/\/utkanclinic.com\/en\/wp-content\/uploads\/2021\/09\/Utkan-Clinic-Logo.jpg","contentUrl":"https:\/\/utkanclinic.com\/en\/wp-content\/uploads\/2021\/09\/Utkan-Clinic-Logo.jpg","width":1730,"height":839,"caption":"Utkan Clinic | Cosmetic Dentistry | Ni\u015fanta\u015f\u0131"},"image":{"@id":"https:\/\/utkanclinic.com\/en\/#logo"}},{"@type":"WebSite","@id":"https:\/\/utkanclinic.com\/en\/#website","url":"https:\/\/utkanclinic.com\/en\/","name":"Utkan Clinic | Cosmetic Dentistry | Ni\u015fanta\u015f\u0131","description":"","publisher":{"@id":"https:\/\/utkanclinic.com\/en\/#organization"},"potentialAction":[{"@type":"SearchAction","target":{"@type":"EntryPoint","urlTemplate":"https:\/\/utkanclinic.com\/en\/?s={search_term_string}"},"query-input":"required name=search_term_string"}],"inLanguage":"en-US"},{"@type":"ImageObject","@id":"https:\/\/utkanclinic.com\/en\/dental-implants\/#primaryimage","inLanguage":"en-US","url":"https:\/\/utkanclinic.com\/en\/wp-content\/uploads\/2021\/10\/Engin-Utkan-Logo-1x1-1.png","contentUrl":"https:\/\/utkanclinic.com\/en\/wp-content\/uploads\/2021\/10\/Engin-Utkan-Logo-1x1-1.png","width":1000,"height":1000},{"@type":"WebPage","@id":"https:\/\/utkanclinic.com\/en\/dental-implants\/#webpage","url":"https:\/\/utkanclinic.com\/en\/dental-implants\/","name":"Dental Implants - Utkan Clinic | Cosmetic Dentistry | Ni\u015fanta\u015f\u0131","isPartOf":{"@id":"https:\/\/utkanclinic.com\/en\/#website"},"primaryImageOfPage":{"@id":"https:\/\/utkanclinic.com\/en\/dental-implants\/#primaryimage"},"datePublished":"2021-09-27T14:04:14+00:00","dateModified":"2021-12-28T14:08:29+00:00","description":"Dental implants are titanium structures that admitted as the best alternative to natural teeth. They are placed inside the jaw bone instead..","breadcrumb":{"@id":"https:\/\/utkanclinic.com\/en\/dental-implants\/#breadcrumb"},"inLanguage":"en-US","potentialAction":[{"@type":"ReadAction","target":["https:\/\/utkanclinic.com\/en\/dental-implants\/"]}]},{"@type":"BreadcrumbList","@id":"https:\/\/utkanclinic.com\/en\/dental-implants\/#breadcrumb","itemListElement":[{"@type":"ListItem","position":1,"name":"Home","item":"https:\/\/utkanclinic.com\/en\/"},{"@type":"ListItem","position":2,"name":"Dental Implants"}]}]}},"_links":{"self":[{"href":"https:\/\/utkanclinic.com\/en\/wp-json\/wp\/v2\/pages\/1895","targetHints":{"allow":["GET"]}}],"collection":[{"href":"https:\/\/utkanclinic.com\/en\/wp-json\/wp\/v2\/pages"}],"about":[{"href":"https:\/\/utkanclinic.com\/en\/wp-json\/wp\/v2\/types\/page"}],"author":[{"embeddable":true,"href":"https:\/\/utkanclinic.com\/en\/wp-json\/wp\/v2\/users\/1"}],"replies":[{"embeddable":true,"href":"https:\/\/utkanclinic.com\/en\/wp-json\/wp\/v2\/comments?post=1895"}],"version-history":[{"count":9,"href":"https:\/\/utkanclinic.com\/en\/wp-json\/wp\/v2\/pages\/1895\/revisions"}],"predecessor-version":[{"id":2815,"href":"https:\/\/utkanclinic.com\/en\/wp-json\/wp\/v2\/pages\/1895\/revisions\/2815"}],"wp:featuredmedia":[{"embeddable":true,"href":"https:\/\/utkanclinic.com\/en\/wp-json\/wp\/v2\/media\/2411"}],"wp:attachment":[{"href":"https:\/\/utkanclinic.com\/en\/wp-json\/wp\/v2\/media?parent=1895"}],"curies":[{"name":"wp","href":"https:\/\/api.w.org\/{rel}","templated":true}]}}